{"id":8805,"date":"2019-06-23T17:58:46","date_gmt":"2019-06-23T15:58:46","guid":{"rendered":"https:\/\/stexence.local\/?page_id=8805"},"modified":"2019-06-29T10:08:11","modified_gmt":"2019-06-29T08:08:11","slug":"textures-personnalisees","status":"publish","type":"page","link":"https:\/\/www.texence.com\/fr\/textures-personnalisees\/","title":{"rendered":"Textures Personnalis\u00e9es"},"content":{"rendered":"<div class=\"wpb-content-wrapper\"><p>[vc_row padding_size=&#8221;no-padding&#8221; css=&#8221;.vc_custom_1509466305509{margin-top: 50px !important;}&#8221; el_class=&#8221;row-header-content&#8221;][vc_column padding_size=&#8221;s-padding&#8221; width=&#8221;1\/2&#8243;][vc_single_image image=&#8221;8699&#8243;][vc_empty_space][vc_column_text]TEXENCE se distingue par sa capacit\u00e9 \u00e0 personnaliser et \u00e0 s\u2019adapter \u00e0 tout espace.<\/p>\n<p>Gr\u00e2ce \u00e0 ses multiples possibilit\u00e9s de personnalisation et de conception de produits sur mesure, Texence devient la solution id\u00e9ale pour le d\u00e9veloppement de projets de d\u00e9coration et d\u2019am\u00e9nagement int\u00e9rieur de haut niveau (canal CONTRACT).<\/p>\n<p>TEXENCE se caract\u00e9rise par des produits haut de gamme et par la capacit\u00e9 de proposer un nombre illimit\u00e9 de textures uniques transformant le receveur de douche en un \u00e9l\u00e9ment d\u00e9coratif et personnalis\u00e9.[\/vc_column_text][\/vc_column][vc_column padding_size=&#8221;s-padding&#8221; width=&#8221;1\/2&#8243; offset=&#8221;vc_hidden-md vc_hidden-sm vc_hidden-xs&#8221;][\/vc_column][\/vc_row][vc_row padding_size=&#8221;m-padding&#8221; el_class=&#8221;row-tipos-texturas&#8221; background_color=&#8221;#f8f8f8&#8243;][vc_column][vc_single_image alignment=&#8221;center&#8221; image=&#8221;8736&#8243;][\/vc_column][\/vc_row][vc_row row_style=&#8221;full-width&#8221; padding_size=&#8221;no-padding&#8221; css=&#8221;.vc_custom_1561272767574{padding-top: 0px !important;padding-right: 0px !important;padding-bottom: 0px !important;padding-left: 0px !important;}&#8221;][vc_column css=&#8221;.vc_custom_1561272827678{padding-top: 0px !important;padding-right: 0px !important;padding-bottom: 0px !important;padding-left: 0px !important;}&#8221;][vc_single_image image=&#8221;8741&#8243; el_class=&#8221;img-full-width&#8221;][\/vc_column][\/vc_row][vc_row padding_size=&#8221;m-padding&#8221; el_class=&#8221;row-tipos-texturas&#8221; background_color=&#8221;#f8f8f8&#8243;][vc_column][vc_single_image alignment=&#8221;center&#8221; image=&#8221;8745&#8243;][\/vc_column][\/vc_row][vc_row row_style=&#8221;full-width&#8221; padding_size=&#8221;no-padding&#8221; css=&#8221;.vc_custom_1561272767574{padding-top: 0px !important;padding-right: 0px !important;padding-bottom: 0px !important;padding-left: 0px !important;}&#8221;][vc_column css=&#8221;.vc_custom_1561272827678{padding-top: 0px !important;padding-right: 0px !important;padding-bottom: 0px !important;padding-left: 0px !important;}&#8221;][vc_single_image image=&#8221;8749&#8243; el_class=&#8221;img-full-width&#8221;][\/vc_column][\/vc_row][vc_row padding_size=&#8221;m-padding&#8221; el_class=&#8221;row-tipos-texturas&#8221; background_color=&#8221;#f8f8f8&#8243;][vc_column][vc_single_image alignment=&#8221;center&#8221; image=&#8221;8753&#8243;][\/vc_column][\/vc_row][vc_row row_style=&#8221;full-width&#8221; padding_size=&#8221;no-padding&#8221; css=&#8221;.vc_custom_1561272767574{padding-top: 0px !important;padding-right: 0px !important;padding-bottom: 0px !important;padding-left: 0px !important;}&#8221;][vc_column css=&#8221;.vc_custom_1561272827678{padding-top: 0px !important;padding-right: 0px !important;padding-bottom: 0px !important;padding-left: 0px !important;}&#8221;][vc_single_image image=&#8221;8757&#8243; el_class=&#8221;img-full-width&#8221;][\/vc_column][\/vc_row]<\/p>\n<\/div>","protected":false},"excerpt":{"rendered":"<p>[vc_row padding_size=&#8221;no-padding&#8221; css=&#8221;.vc_custom_1509466305509{margin-top: 50px !important;}&#8221; el_class=&#8221;row-header-content&#8221;][vc_column padding_size=&#8221;s-padding&#8221; width=&#8221;1\/2&#8243;][vc_single_image image=&#8221;8699&#8243;][vc_empty_space][vc_column_text]TEXENCE se distingue par sa capacit\u00e9 \u00e0 personnaliser et \u00e0 s\u2019adapter \u00e0 tout espace. Gr\u00e2ce \u00e0 ses multiples possibilit\u00e9s de personnalisation et de conception de produits sur mesure, Texence devient la solution id\u00e9ale pour le d\u00e9veloppement de projets de d\u00e9coration et d\u2019am\u00e9nagement int\u00e9rieur de haut niveau (canal [&hellip;]<\/p>\n","protected":false},"author":3,"featured_media":0,"parent":0,"menu_order":0,"comment_status":"closed","ping_status":"closed","template":"","meta":{"footnotes":""},"class_list":["post-8805","page","type-page","status-publish","hentry"],"yoast_head":"<!-- This site is optimized with the Yoast SEO plugin v23.3 - https:\/\/yoast.com\/wordpress\/plugins\/seo\/ -->\n<title>Textures Personnalis\u00e9es | TEXENCE<\/title>\n<meta name=\"description\" content=\"Gracias a sus opciones de customizaci\u00f3n y el dise\u00f1o de producto a medida, ofrecemos la soluci\u00f3n id\u00f3nea para proyectos de alta decoraci\u00f3n e interiorismo.\" \/>\n<meta name=\"robots\" content=\"index, follow, max-snippet:-1, max-image-preview:large, max-video-preview:-1\" \/>\n<link rel=\"canonical\" href=\"https:\/\/www.texence.com\/fr\/textures-personnalisees\/\" \/>\n<meta property=\"og:locale\" content=\"fr_FR\" \/>\n<meta property=\"og:type\" content=\"article\" \/>\n<meta property=\"og:title\" content=\"Textures Personnalis\u00e9es | TEXENCE\" \/>\n<meta property=\"og:description\" content=\"Gracias a sus opciones de customizaci\u00f3n y el dise\u00f1o de producto a medida, ofrecemos la soluci\u00f3n id\u00f3nea para proyectos de alta decoraci\u00f3n e interiorismo.\" \/>\n<meta property=\"og:url\" content=\"https:\/\/www.texence.com\/fr\/textures-personnalisees\/\" \/>\n<meta property=\"og:site_name\" content=\"TEXENCE\" \/>\n<meta property=\"article:modified_time\" content=\"2019-06-29T08:08:11+00:00\" \/>\n<meta name=\"twitter:card\" content=\"summary_large_image\" \/>\n<meta name=\"twitter:label1\" content=\"Dur\u00e9e de lecture estim\u00e9e\" \/>\n\t<meta name=\"twitter:data1\" content=\"2 minutes\" \/>\n<script type=\"application\/ld+json\" class=\"yoast-schema-graph\">{\"@context\":\"https:\/\/schema.org\",\"@graph\":[{\"@type\":\"WebPage\",\"@id\":\"https:\/\/www.texence.com\/fr\/textures-personnalisees\/\",\"url\":\"https:\/\/www.texence.com\/fr\/textures-personnalisees\/\",\"name\":\"Textures Personnalis\u00e9es | TEXENCE\",\"isPartOf\":{\"@id\":\"https:\/\/www.texence.com\/#website\"},\"datePublished\":\"2019-06-23T15:58:46+00:00\",\"dateModified\":\"2019-06-29T08:08:11+00:00\",\"description\":\"Gracias a sus opciones de customizaci\u00f3n y el dise\u00f1o de producto a medida, ofrecemos la soluci\u00f3n id\u00f3nea para proyectos de alta decoraci\u00f3n e interiorismo.\",\"breadcrumb\":{\"@id\":\"https:\/\/www.texence.com\/fr\/textures-personnalisees\/#breadcrumb\"},\"inLanguage\":\"fr-FR\",\"potentialAction\":[{\"@type\":\"ReadAction\",\"target\":[\"https:\/\/www.texence.com\/fr\/textures-personnalisees\/\"]}]},{\"@type\":\"BreadcrumbList\",\"@id\":\"https:\/\/www.texence.com\/fr\/textures-personnalisees\/#breadcrumb\",\"itemListElement\":[{\"@type\":\"ListItem\",\"position\":1,\"name\":\"Portada\",\"item\":\"https:\/\/www.texence.com\/fr\/\"},{\"@type\":\"ListItem\",\"position\":2,\"name\":\"Textures Personnalis\u00e9es\"}]},{\"@type\":\"WebSite\",\"@id\":\"https:\/\/www.texence.com\/#website\",\"url\":\"https:\/\/www.texence.com\/\",\"name\":\"TEXENCE\",\"description\":\"\",\"publisher\":{\"@id\":\"https:\/\/www.texence.com\/#organization\"},\"potentialAction\":[{\"@type\":\"SearchAction\",\"target\":{\"@type\":\"EntryPoint\",\"urlTemplate\":\"https:\/\/www.texence.com\/?s={search_term_string}\"},\"query-input\":\"required name=search_term_string\"}],\"inLanguage\":\"fr-FR\"},{\"@type\":\"Organization\",\"@id\":\"https:\/\/www.texence.com\/#organization\",\"name\":\"texence\",\"url\":\"https:\/\/www.texence.com\/\",\"logo\":{\"@type\":\"ImageObject\",\"inLanguage\":\"fr-FR\",\"@id\":\"https:\/\/www.texence.com\/#\/schema\/logo\/image\/\",\"url\":\"https:\/\/www.texence.com\/wp-content\/uploads\/2017\/03\/logo-gris-98.png\",\"contentUrl\":\"https:\/\/www.texence.com\/wp-content\/uploads\/2017\/03\/logo-gris-98.png\",\"width\":129,\"height\":47,\"caption\":\"texence\"},\"image\":{\"@id\":\"https:\/\/www.texence.com\/#\/schema\/logo\/image\/\"}}]}<\/script>\n<!-- \/ Yoast SEO plugin. -->","yoast_head_json":{"title":"Textures Personnalis\u00e9es | TEXENCE","description":"Gracias a sus opciones de customizaci\u00f3n y el dise\u00f1o de producto a medida, ofrecemos la soluci\u00f3n id\u00f3nea para proyectos de alta decoraci\u00f3n e interiorismo.","robots":{"index":"index","follow":"follow","max-snippet":"max-snippet:-1","max-image-preview":"max-image-preview:large","max-video-preview":"max-video-preview:-1"},"canonical":"https:\/\/www.texence.com\/fr\/textures-personnalisees\/","og_locale":"fr_FR","og_type":"article","og_title":"Textures Personnalis\u00e9es | TEXENCE","og_description":"Gracias a sus opciones de customizaci\u00f3n y el dise\u00f1o de producto a medida, ofrecemos la soluci\u00f3n id\u00f3nea para proyectos de alta decoraci\u00f3n e interiorismo.","og_url":"https:\/\/www.texence.com\/fr\/textures-personnalisees\/","og_site_name":"TEXENCE","article_modified_time":"2019-06-29T08:08:11+00:00","twitter_card":"summary_large_image","twitter_misc":{"Dur\u00e9e de lecture estim\u00e9e":"2 minutes"},"schema":{"@context":"https:\/\/schema.org","@graph":[{"@type":"WebPage","@id":"https:\/\/www.texence.com\/fr\/textures-personnalisees\/","url":"https:\/\/www.texence.com\/fr\/textures-personnalisees\/","name":"Textures Personnalis\u00e9es | TEXENCE","isPartOf":{"@id":"https:\/\/www.texence.com\/#website"},"datePublished":"2019-06-23T15:58:46+00:00","dateModified":"2019-06-29T08:08:11+00:00","description":"Gracias a sus opciones de customizaci\u00f3n y el dise\u00f1o de producto a medida, ofrecemos la soluci\u00f3n id\u00f3nea para proyectos de alta decoraci\u00f3n e interiorismo.","breadcrumb":{"@id":"https:\/\/www.texence.com\/fr\/textures-personnalisees\/#breadcrumb"},"inLanguage":"fr-FR","potentialAction":[{"@type":"ReadAction","target":["https:\/\/www.texence.com\/fr\/textures-personnalisees\/"]}]},{"@type":"BreadcrumbList","@id":"https:\/\/www.texence.com\/fr\/textures-personnalisees\/#breadcrumb","itemListElement":[{"@type":"ListItem","position":1,"name":"Portada","item":"https:\/\/www.texence.com\/fr\/"},{"@type":"ListItem","position":2,"name":"Textures Personnalis\u00e9es"}]},{"@type":"WebSite","@id":"https:\/\/www.texence.com\/#website","url":"https:\/\/www.texence.com\/","name":"TEXENCE","description":"","publisher":{"@id":"https:\/\/www.texence.com\/#organization"},"potentialAction":[{"@type":"SearchAction","target":{"@type":"EntryPoint","urlTemplate":"https:\/\/www.texence.com\/?s={search_term_string}"},"query-input":"required name=search_term_string"}],"inLanguage":"fr-FR"},{"@type":"Organization","@id":"https:\/\/www.texence.com\/#organization","name":"texence","url":"https:\/\/www.texence.com\/","logo":{"@type":"ImageObject","inLanguage":"fr-FR","@id":"https:\/\/www.texence.com\/#\/schema\/logo\/image\/","url":"https:\/\/www.texence.com\/wp-content\/uploads\/2017\/03\/logo-gris-98.png","contentUrl":"https:\/\/www.texence.com\/wp-content\/uploads\/2017\/03\/logo-gris-98.png","width":129,"height":47,"caption":"texence"},"image":{"@id":"https:\/\/www.texence.com\/#\/schema\/logo\/image\/"}}]}},"_links":{"self":[{"href":"https:\/\/www.texence.com\/fr\/wp-json\/wp\/v2\/pages\/8805"}],"collection":[{"href":"https:\/\/www.texence.com\/fr\/wp-json\/wp\/v2\/pages"}],"about":[{"href":"https:\/\/www.texence.com\/fr\/wp-json\/wp\/v2\/types\/page"}],"author":[{"embeddable":true,"href":"https:\/\/www.texence.com\/fr\/wp-json\/wp\/v2\/users\/3"}],"replies":[{"embeddable":true,"href":"https:\/\/www.texence.com\/fr\/wp-json\/wp\/v2\/comments?post=8805"}],"version-history":[{"count":6,"href":"https:\/\/www.texence.com\/fr\/wp-json\/wp\/v2\/pages\/8805\/revisions"}],"predecessor-version":[{"id":8994,"href":"https:\/\/www.texence.com\/fr\/wp-json\/wp\/v2\/pages\/8805\/revisions\/8994"}],"wp:attachment":[{"href":"https:\/\/www.texence.com\/fr\/wp-json\/wp\/v2\/media?parent=8805"}],"curies":[{"name":"wp","href":"https:\/\/api.w.org\/{rel}","templated":true}]}}