{"id":7844,"date":"2017-11-02T11:53:33","date_gmt":"2017-11-02T09:53:33","guid":{"rendered":"http:\/\/localtexence.com\/colores\/"},"modified":"2019-06-29T08:00:25","modified_gmt":"2019-06-29T06:00:25","slug":"couleurs","status":"publish","type":"page","link":"https:\/\/www.texence.com\/fr\/couleurs\/","title":{"rendered":"Couleurs"},"content":{"rendered":"<div class=\"wpb-content-wrapper\"><p>[vc_row row_style=&#8221;full-width&#8221; padding_size=&#8221;no-padding&#8221; background_position=&#8221;center top&#8221; parallax=&#8221;reverse&#8221; background_image=&#8221;7151&#8243; bg_image_url=&#8221;https:\/\/www.texence.com\/wp-content\/uploads\/2017\/11\/colores-header-150&#215;150.jpg&#8221;][vc_column][vc_empty_space height=&#8221;500px&#8221; el_class=&#8221;row-header-empty-space&#8221;][\/vc_column][\/vc_row][vc_row padding_size=&#8221;no-padding&#8221; css=&#8221;.vc_custom_1509470924587{margin-top: 50px !important;}&#8221; el_class=&#8221;row-header-content&#8221;][vc_column padding_size=&#8221;s-padding&#8221; width=&#8221;1\/2&#8243;][vc_single_image image=&#8221;7154&#8243;][vc_empty_space][vc_column_text]TEXENCE vous propose une large gamme de couleurs et de textures personnalisables. Toutes les couleurs RAL sont disponibles.[\/vc_column_text][vc_empty_space height=&#8221;15px&#8221;][vc_column_text el_class=&#8221;lista-caracteristicas-colores-texturas&#8221;]<\/p>\n<ul>\n<li>Texture avec relief sans s\u00e9rigraphie<\/li>\n<li>Surface textur\u00e9e totale ou partielle<\/li>\n<li>Gamma couleurs RAL compl\u00e8te<\/li>\n<\/ul>\n<p>[\/vc_column_text][\/vc_column][vc_column padding_size=&#8221;s-padding&#8221; width=&#8221;1\/2&#8243; offset=&#8221;vc_hidden-md vc_hidden-sm vc_hidden-xs&#8221;][\/vc_column][\/vc_row][vc_row row_style=&#8221;full-width&#8221; equal_height=&#8221;true&#8221; vertical_align=&#8221;middle&#8221; padding_size=&#8221;s-padding&#8221;][vc_column padding_size=&#8221;no-padding&#8221;][vc_column_text]\n\t\t\t<!-- START GaleriaColores REVOLUTION SLIDER 6.7.15 --><p class=\"rs-p-wp-fix\"><\/p>\n\t\t\t<rs-module-wrap id=\"rev_slider_17_1_wrapper\" data-source=\"gallery\" style=\"visibility:hidden;background:#111111;padding:0;margin:0px auto;margin-top:0;margin-bottom:0;\">\n\t\t\t\t<rs-module id=\"rev_slider_17_1\" style=\"\" data-version=\"6.7.15\">\n\t\t\t\t\t<rs-slides style=\"overflow: hidden; position: absolute;\">\n\t\t\t\t\t\t<rs-slide style=\"position: absolute;\" data-key=\"rs-54\" data-title=\"Colores 01\" data-thumb=\"\/\/www.texence.com\/wp-content\/uploads\/2017\/12\/colores-galeria-01-100x50.jpg\" data-anim=\"adpr:false;\">\n\t\t\t\t\t\t\t<img decoding=\"async\" src=\"\/\/www.texence.com\/wp-content\/plugins\/revslider\/sr6\/assets\/assets\/dummy.png\" alt=\"\" title=\"Couleurs\" class=\"rev-slidebg tp-rs-img rs-lazyload\" data-lazyload=\"\/\/www.texence.com\/wp-content\/uploads\/2017\/12\/colores-galeria-01.jpg\" data-parallax=\"10\" data-no-retina>\n<!---->\t\t\t\t\t<\/rs-slide>\n\t\t\t\t\t\t<rs-slide style=\"position: absolute;\" data-key=\"rs-55\" data-title=\"Colores 02\" data-thumb=\"\/\/www.texence.com\/wp-content\/uploads\/2017\/12\/colores-galeria-02-100x50.jpg\" data-anim=\"adpr:false;\">\n\t\t\t\t\t\t\t<img decoding=\"async\" src=\"\/\/www.texence.com\/wp-content\/plugins\/revslider\/sr6\/assets\/assets\/dummy.png\" alt=\"\" title=\"Couleurs\" class=\"rev-slidebg tp-rs-img rs-lazyload\" data-lazyload=\"\/\/www.texence.com\/wp-content\/uploads\/2017\/12\/colores-galeria-02.jpg\" data-parallax=\"10\" data-no-retina>\n<!---->\t\t\t\t\t<\/rs-slide>\n\t\t\t\t\t\t<rs-slide style=\"position: absolute;\" data-key=\"rs-56\" data-title=\"Colores 03\" data-thumb=\"\/\/www.texence.com\/wp-content\/uploads\/2017\/12\/colores-galeria-03-100x50.jpg\" data-anim=\"adpr:false;\">\n\t\t\t\t\t\t\t<img decoding=\"async\" src=\"\/\/www.texence.com\/wp-content\/plugins\/revslider\/sr6\/assets\/assets\/dummy.png\" alt=\"\" title=\"Couleurs\" class=\"rev-slidebg tp-rs-img rs-lazyload\" data-lazyload=\"\/\/www.texence.com\/wp-content\/uploads\/2017\/12\/colores-galeria-03.jpg\" data-parallax=\"10\" data-no-retina>\n<!---->\t\t\t\t\t<\/rs-slide>\n\t\t\t\t\t\t<rs-slide style=\"position: absolute;\" data-key=\"rs-96\" data-title=\"Colores 04\" data-thumb=\"\/\/www.texence.com\/wp-content\/uploads\/2017\/12\/colores-galeria-04-100x50.jpg\" data-anim=\"adpr:false;\">\n\t\t\t\t\t\t\t<img decoding=\"async\" src=\"\/\/www.texence.com\/wp-content\/plugins\/revslider\/sr6\/assets\/assets\/dummy.png\" alt=\"\" title=\"Couleurs\" class=\"rev-slidebg tp-rs-img rs-lazyload\" data-lazyload=\"\/\/www.texence.com\/wp-content\/uploads\/2017\/12\/colores-galeria-04.jpg\" data-parallax=\"10\" data-no-retina>\n<!---->\t\t\t\t\t<\/rs-slide>\n\t\t\t\t\t\t<rs-slide style=\"position: absolute;\" data-key=\"rs-97\" data-title=\"Colores 05\" data-thumb=\"\/\/www.texence.com\/wp-content\/uploads\/2017\/12\/colores-galeria-05-100x50.jpg\" data-anim=\"adpr:false;\">\n\t\t\t\t\t\t\t<img decoding=\"async\" src=\"\/\/www.texence.com\/wp-content\/plugins\/revslider\/sr6\/assets\/assets\/dummy.png\" alt=\"\" title=\"Couleurs\" class=\"rev-slidebg tp-rs-img rs-lazyload\" data-lazyload=\"\/\/www.texence.com\/wp-content\/uploads\/2017\/12\/colores-galeria-05.jpg\" data-parallax=\"10\" data-no-retina>\n<!---->\t\t\t\t\t<\/rs-slide>\n\t\t\t\t\t\t<rs-slide style=\"position: absolute;\" data-key=\"rs-98\" data-title=\"Colores 06\" data-thumb=\"\/\/www.texence.com\/wp-content\/uploads\/2017\/12\/colores-galeria-06-100x50.jpg\" data-anim=\"adpr:false;\">\n\t\t\t\t\t\t\t<img decoding=\"async\" src=\"\/\/www.texence.com\/wp-content\/plugins\/revslider\/sr6\/assets\/assets\/dummy.png\" alt=\"\" title=\"Couleurs\" class=\"rev-slidebg tp-rs-img rs-lazyload\" data-lazyload=\"\/\/www.texence.com\/wp-content\/uploads\/2017\/12\/colores-galeria-06.jpg\" data-parallax=\"10\" data-no-retina>\n<!---->\t\t\t\t\t<\/rs-slide>\n\t\t\t\t\t\t<rs-slide style=\"position: absolute;\" data-key=\"rs-99\" data-title=\"Colores 07\" data-thumb=\"\/\/www.texence.com\/wp-content\/uploads\/2017\/12\/colores-galeria-07-100x50.jpg\" data-anim=\"adpr:false;\">\n\t\t\t\t\t\t\t<img decoding=\"async\" src=\"\/\/www.texence.com\/wp-content\/plugins\/revslider\/sr6\/assets\/assets\/dummy.png\" alt=\"\" title=\"Couleurs\" class=\"rev-slidebg tp-rs-img rs-lazyload\" data-lazyload=\"\/\/www.texence.com\/wp-content\/uploads\/2017\/12\/colores-galeria-07.jpg\" data-parallax=\"10\" data-no-retina>\n<!---->\t\t\t\t\t<\/rs-slide>\n\t\t\t\t\t\t<rs-slide style=\"position: absolute;\" data-key=\"rs-100\" data-title=\"Colores 08\" data-thumb=\"\/\/www.texence.com\/wp-content\/uploads\/2017\/12\/colores-galeria-08-100x50.jpg\" data-anim=\"adpr:false;\">\n\t\t\t\t\t\t\t<img decoding=\"async\" src=\"\/\/www.texence.com\/wp-content\/plugins\/revslider\/sr6\/assets\/assets\/dummy.png\" alt=\"\" title=\"Couleurs\" class=\"rev-slidebg tp-rs-img rs-lazyload\" data-lazyload=\"\/\/www.texence.com\/wp-content\/uploads\/2017\/12\/colores-galeria-08.jpg\" data-parallax=\"10\" data-no-retina>\n<!---->\t\t\t\t\t<\/rs-slide>\n\t\t\t\t\t\t<rs-slide style=\"position: absolute;\" data-key=\"rs-101\" data-title=\"Colores 09\" data-thumb=\"\/\/www.texence.com\/wp-content\/uploads\/2017\/12\/colores-galeria-09-100x50.jpg\" data-anim=\"adpr:false;\">\n\t\t\t\t\t\t\t<img decoding=\"async\" src=\"\/\/www.texence.com\/wp-content\/plugins\/revslider\/sr6\/assets\/assets\/dummy.png\" alt=\"\" title=\"Couleurs\" class=\"rev-slidebg tp-rs-img rs-lazyload\" data-lazyload=\"\/\/www.texence.com\/wp-content\/uploads\/2017\/12\/colores-galeria-09.jpg\" data-parallax=\"10\" data-no-retina>\n<!---->\t\t\t\t\t<\/rs-slide>\n\t\t\t\t\t<\/rs-slides>\n\t\t\t\t<\/rs-module>\n\t\t\t\t<script>\n\t\t\t\t\tsetREVStartSize({c: 'rev_slider_17_1',rl:[1240,1024,1024,1024],el:[],gw:[1240,1024,1024,1024],gh:[900,768,768,768],type:'standard',justify:'',layout:'fullwidth',mh:\"0\"});if (window.RS_MODULES!==undefined && window.RS_MODULES.modules!==undefined && window.RS_MODULES.modules[\"revslider171\"]!==undefined) {window.RS_MODULES.modules[\"revslider171\"].once = false;window.revapi17 = undefined;if (window.RS_MODULES.checkMinimal!==undefined) window.RS_MODULES.checkMinimal()}\n\t\t\t\t<\/script>\n\t\t\t<\/rs-module-wrap>\n\t\t\t<!-- END REVOLUTION SLIDER -->\n[\/vc_column_text][\/vc_column][\/vc_row][vc_row padding_size=&#8221;m-padding&#8221; el_class=&#8221;row-tipos-colores&#8221;][vc_column padding_size=&#8221;s-padding&#8221;][vc_column_text]<strong>GAMME CHROMATIQUE RAL<\/strong>[\/vc_column_text][wyde_separator el_width=&#8221;100%&#8221; color=&#8221;#888b8d&#8221;][vc_row_inner][vc_column_inner width=&#8221;1\/3&#8243;][wyde_info_box icon_position=&#8221;left&#8221; color=&#8221;#e88c00&#8243; icon=&#8221;fa fa-square&#8221;]1007 JAUNE NARCISSE[\/wyde_info_box][wyde_info_box icon_position=&#8221;left&#8221; color=&#8221;#e3d9c6&#8243; icon=&#8221;fa fa-square&#8221;]1013 BLANC PERL\u00c9[\/wyde_info_box][wyde_info_box icon_position=&#8221;left&#8221; color=&#8221;#a72920&#8243; icon=&#8221;fa fa-square&#8221;]3000 ROUGE FEU[\/wyde_info_box][wyde_info_box icon_position=&#8221;left&#8221; color=&#8221;#bc4077&#8243; icon=&#8221;fa fa-square&#8221;]4010 TELEMAGENTA[\/wyde_info_box][wyde_info_box icon_position=&#8221;left&#8221; color=&#8221;#00387b&#8221; icon=&#8221;fa fa-square&#8221;]5002 BLEU OUTREMER[\/wyde_info_box][wyde_info_box icon_position=&#8221;left&#8221; color=&#8221;#376b8c&#8221; icon=&#8221;fa fa-square&#8221;]5007 BLEU BRILLANT[\/wyde_info_box][wyde_info_box icon_position=&#8221;left&#8221; color=&#8221;#007cb0&#8243; icon=&#8221;fa fa-square&#8221;]5015 BLEU CIEL[\/wyde_info_box][\/vc_column_inner][vc_column_inner width=&#8221;1\/3&#8243;][wyde_info_box icon_position=&#8221;left&#8221; color=&#8221;#058b8c&#8221; icon=&#8221;fa fa-square&#8221;]5018 BLEU TURQUOISE[\/wyde_info_box][wyde_info_box icon_position=&#8221;left&#8221; color=&#8221;#4d6f39&#8243; icon=&#8221;fa fa-square&#8221;]6010 VERT HERBE[\/wyde_info_box][wyde_info_box icon_position=&#8221;left&#8221; color=&#8221;#7aacac&#8221; icon=&#8221;fa fa-square&#8221;]6034 TURQUOISE PASTEL[\/wyde_info_box][wyde_info_box icon_position=&#8221;left&#8221; color=&#8221;#383e42&#8243; icon=&#8221;fa fa-square&#8221;]7016 GRIS ANTHRACITE[\/wyde_info_box][wyde_info_box icon_position=&#8221;left&#8221; color=&#8221;#979392&#8243; icon=&#8221;fa fa-square&#8221;]7036 GRIS PLATINE[\/wyde_info_box][wyde_info_box icon_position=&#8221;left&#8221; color=&#8221;#4f5250&#8243; icon=&#8221;fa fa-square&#8221;]7043 GRIS SIGNALISATION B[\/wyde_info_box][wyde_info_box icon_position=&#8221;left&#8221; color=&#8221;#b7b3a8&#8243; icon=&#8221;fa fa-square&#8221;]7044 GRIS SOIE[\/wyde_info_box][\/vc_column_inner][vc_column_inner width=&#8221;1\/3&#8243;][wyde_info_box icon_position=&#8221;left&#8221; color=&#8221;#8d9295&#8243; icon=&#8221;fa fa-square&#8221;]7045 TELEGRIS 1[\/wyde_info_box][wyde_info_box icon_position=&#8221;left&#8221; color=&#8221;#c8c8c7&#8243; icon=&#8221;fa fa-square&#8221;]7047 TELEGRIS 4[\/wyde_info_box][wyde_info_box icon_position=&#8221;left&#8221; color=&#8221;#4c2b20&#8243; icon=&#8221;fa fa-square&#8221;]8016 BRUN ACAJOU[\/wyde_info_box][wyde_info_box icon_position=&#8221;left&#8221; color=&#8221;#442f29&#8243; icon=&#8221;fa fa-square&#8221;]8017 BRUN CHOCOLAT[\/wyde_info_box][wyde_info_box icon_position=&#8221;left&#8221; color=&#8221;#0e0e10&#8243; icon=&#8221;fa fa-square&#8221;]9005 NOIR INTENSE[\/wyde_info_box][wyde_info_box icon_position=&#8221;left&#8221; color=&#8221;#f1ece1&#8243; icon=&#8221;fa fa-square&#8221;]9010 BLANC PUR[\/wyde_info_box][wyde_info_box icon_position=&#8221;left&#8221; color=&#8221;#27292b&#8221; icon=&#8221;fa fa-square&#8221;]9011 NOIR GRAPHITE[\/wyde_info_box][\/vc_column_inner][\/vc_row_inner][\/vc_column][\/vc_row]<\/p>\n<\/div>","protected":false},"excerpt":{"rendered":"<p>[vc_row row_style=&#8221;full-width&#8221; padding_size=&#8221;no-padding&#8221; background_position=&#8221;center top&#8221; parallax=&#8221;reverse&#8221; background_image=&#8221;7151&#8243; bg_image_url=&#8221;https:\/\/www.texence.com\/wp-content\/uploads\/2017\/11\/colores-header-150&#215;150.jpg&#8221;][vc_column][vc_empty_space height=&#8221;500px&#8221; el_class=&#8221;row-header-empty-space&#8221;][\/vc_column][\/vc_row][vc_row padding_size=&#8221;no-padding&#8221; css=&#8221;.vc_custom_1509470924587{margin-top: 50px !important;}&#8221; el_class=&#8221;row-header-content&#8221;][vc_column padding_size=&#8221;s-padding&#8221; width=&#8221;1\/2&#8243;][vc_single_image image=&#8221;7154&#8243;][vc_empty_space][vc_column_text]TEXENCE vous propose une large gamme de couleurs et de textures personnalisables. Toutes les couleurs RAL sont disponibles.[\/vc_column_text][vc_empty_space height=&#8221;15px&#8221;][vc_column_text el_class=&#8221;lista-caracteristicas-colores-texturas&#8221;] Texture avec relief sans s\u00e9rigraphie Surface textur\u00e9e totale ou partielle Gamma couleurs RAL compl\u00e8te [\/vc_column_text][\/vc_column][vc_column padding_size=&#8221;s-padding&#8221; width=&#8221;1\/2&#8243; offset=&#8221;vc_hidden-md [&hellip;]<\/p>\n","protected":false},"author":3,"featured_media":0,"parent":0,"menu_order":0,"comment_status":"closed","ping_status":"closed","template":"","meta":{"footnotes":""},"class_list":["post-7844","page","type-page","status-publish","hentry"],"yoast_head":"<!-- This site is optimized with the Yoast SEO plugin v23.3 - https:\/\/yoast.com\/wordpress\/plugins\/seo\/ -->\n<title>Receveurs de douche color\u00e9s RAL | TEXENCE<\/title>\n<meta name=\"description\" content=\"Dans TEXENCE nous avons une large gamme de couleurs et de textures personnalisables. Possibilit\u00e9 de choisir n&#039;importe quelle couleur de la carte RAL.\" \/>\n<meta name=\"robots\" content=\"index, follow, max-snippet:-1, max-image-preview:large, max-video-preview:-1\" \/>\n<link rel=\"canonical\" href=\"https:\/\/www.texence.com\/fr\/couleurs\/\" \/>\n<meta property=\"og:locale\" content=\"fr_FR\" \/>\n<meta property=\"og:type\" content=\"article\" \/>\n<meta property=\"og:title\" content=\"Receveurs de douche color\u00e9s RAL | TEXENCE\" \/>\n<meta property=\"og:description\" content=\"Dans TEXENCE nous avons une large gamme de couleurs et de textures personnalisables. Possibilit\u00e9 de choisir n&#039;importe quelle couleur de la carte RAL.\" \/>\n<meta property=\"og:url\" content=\"https:\/\/www.texence.com\/fr\/couleurs\/\" \/>\n<meta property=\"og:site_name\" content=\"TEXENCE\" \/>\n<meta property=\"article:modified_time\" content=\"2019-06-29T06:00:25+00:00\" \/>\n<meta name=\"twitter:card\" content=\"summary_large_image\" \/>\n<meta name=\"twitter:label1\" content=\"Dur\u00e9e de lecture estim\u00e9e\" \/>\n\t<meta name=\"twitter:data1\" content=\"3 minutes\" \/>\n<script type=\"application\/ld+json\" class=\"yoast-schema-graph\">{\"@context\":\"https:\/\/schema.org\",\"@graph\":[{\"@type\":\"WebPage\",\"@id\":\"https:\/\/www.texence.com\/fr\/couleurs\/\",\"url\":\"https:\/\/www.texence.com\/fr\/couleurs\/\",\"name\":\"Receveurs de douche color\u00e9s RAL | TEXENCE\",\"isPartOf\":{\"@id\":\"https:\/\/www.texence.com\/#website\"},\"datePublished\":\"2017-11-02T09:53:33+00:00\",\"dateModified\":\"2019-06-29T06:00:25+00:00\",\"description\":\"Dans TEXENCE nous avons une large gamme de couleurs et de textures personnalisables. Possibilit\u00e9 de choisir n'importe quelle couleur de la carte RAL.\",\"breadcrumb\":{\"@id\":\"https:\/\/www.texence.com\/fr\/couleurs\/#breadcrumb\"},\"inLanguage\":\"fr-FR\",\"potentialAction\":[{\"@type\":\"ReadAction\",\"target\":[\"https:\/\/www.texence.com\/fr\/couleurs\/\"]}]},{\"@type\":\"BreadcrumbList\",\"@id\":\"https:\/\/www.texence.com\/fr\/couleurs\/#breadcrumb\",\"itemListElement\":[{\"@type\":\"ListItem\",\"position\":1,\"name\":\"Portada\",\"item\":\"https:\/\/www.texence.com\/fr\/\"},{\"@type\":\"ListItem\",\"position\":2,\"name\":\"Couleurs\"}]},{\"@type\":\"WebSite\",\"@id\":\"https:\/\/www.texence.com\/#website\",\"url\":\"https:\/\/www.texence.com\/\",\"name\":\"TEXENCE\",\"description\":\"\",\"publisher\":{\"@id\":\"https:\/\/www.texence.com\/#organization\"},\"potentialAction\":[{\"@type\":\"SearchAction\",\"target\":{\"@type\":\"EntryPoint\",\"urlTemplate\":\"https:\/\/www.texence.com\/?s={search_term_string}\"},\"query-input\":\"required name=search_term_string\"}],\"inLanguage\":\"fr-FR\"},{\"@type\":\"Organization\",\"@id\":\"https:\/\/www.texence.com\/#organization\",\"name\":\"texence\",\"url\":\"https:\/\/www.texence.com\/\",\"logo\":{\"@type\":\"ImageObject\",\"inLanguage\":\"fr-FR\",\"@id\":\"https:\/\/www.texence.com\/#\/schema\/logo\/image\/\",\"url\":\"https:\/\/www.texence.com\/wp-content\/uploads\/2017\/03\/logo-gris-98.png\",\"contentUrl\":\"https:\/\/www.texence.com\/wp-content\/uploads\/2017\/03\/logo-gris-98.png\",\"width\":129,\"height\":47,\"caption\":\"texence\"},\"image\":{\"@id\":\"https:\/\/www.texence.com\/#\/schema\/logo\/image\/\"}}]}<\/script>\n<!-- \/ Yoast SEO plugin. -->","yoast_head_json":{"title":"Receveurs de douche color\u00e9s RAL | TEXENCE","description":"Dans TEXENCE nous avons une large gamme de couleurs et de textures personnalisables. Possibilit\u00e9 de choisir n'importe quelle couleur de la carte RAL.","robots":{"index":"index","follow":"follow","max-snippet":"max-snippet:-1","max-image-preview":"max-image-preview:large","max-video-preview":"max-video-preview:-1"},"canonical":"https:\/\/www.texence.com\/fr\/couleurs\/","og_locale":"fr_FR","og_type":"article","og_title":"Receveurs de douche color\u00e9s RAL | TEXENCE","og_description":"Dans TEXENCE nous avons une large gamme de couleurs et de textures personnalisables. Possibilit\u00e9 de choisir n'importe quelle couleur de la carte RAL.","og_url":"https:\/\/www.texence.com\/fr\/couleurs\/","og_site_name":"TEXENCE","article_modified_time":"2019-06-29T06:00:25+00:00","twitter_card":"summary_large_image","twitter_misc":{"Dur\u00e9e de lecture estim\u00e9e":"3 minutes"},"schema":{"@context":"https:\/\/schema.org","@graph":[{"@type":"WebPage","@id":"https:\/\/www.texence.com\/fr\/couleurs\/","url":"https:\/\/www.texence.com\/fr\/couleurs\/","name":"Receveurs de douche color\u00e9s RAL | TEXENCE","isPartOf":{"@id":"https:\/\/www.texence.com\/#website"},"datePublished":"2017-11-02T09:53:33+00:00","dateModified":"2019-06-29T06:00:25+00:00","description":"Dans TEXENCE nous avons une large gamme de couleurs et de textures personnalisables. Possibilit\u00e9 de choisir n'importe quelle couleur de la carte RAL.","breadcrumb":{"@id":"https:\/\/www.texence.com\/fr\/couleurs\/#breadcrumb"},"inLanguage":"fr-FR","potentialAction":[{"@type":"ReadAction","target":["https:\/\/www.texence.com\/fr\/couleurs\/"]}]},{"@type":"BreadcrumbList","@id":"https:\/\/www.texence.com\/fr\/couleurs\/#breadcrumb","itemListElement":[{"@type":"ListItem","position":1,"name":"Portada","item":"https:\/\/www.texence.com\/fr\/"},{"@type":"ListItem","position":2,"name":"Couleurs"}]},{"@type":"WebSite","@id":"https:\/\/www.texence.com\/#website","url":"https:\/\/www.texence.com\/","name":"TEXENCE","description":"","publisher":{"@id":"https:\/\/www.texence.com\/#organization"},"potentialAction":[{"@type":"SearchAction","target":{"@type":"EntryPoint","urlTemplate":"https:\/\/www.texence.com\/?s={search_term_string}"},"query-input":"required name=search_term_string"}],"inLanguage":"fr-FR"},{"@type":"Organization","@id":"https:\/\/www.texence.com\/#organization","name":"texence","url":"https:\/\/www.texence.com\/","logo":{"@type":"ImageObject","inLanguage":"fr-FR","@id":"https:\/\/www.texence.com\/#\/schema\/logo\/image\/","url":"https:\/\/www.texence.com\/wp-content\/uploads\/2017\/03\/logo-gris-98.png","contentUrl":"https:\/\/www.texence.com\/wp-content\/uploads\/2017\/03\/logo-gris-98.png","width":129,"height":47,"caption":"texence"},"image":{"@id":"https:\/\/www.texence.com\/#\/schema\/logo\/image\/"}}]}},"_links":{"self":[{"href":"https:\/\/www.texence.com\/fr\/wp-json\/wp\/v2\/pages\/7844"}],"collection":[{"href":"https:\/\/www.texence.com\/fr\/wp-json\/wp\/v2\/pages"}],"about":[{"href":"https:\/\/www.texence.com\/fr\/wp-json\/wp\/v2\/types\/page"}],"author":[{"embeddable":true,"href":"https:\/\/www.texence.com\/fr\/wp-json\/wp\/v2\/users\/3"}],"replies":[{"embeddable":true,"href":"https:\/\/www.texence.com\/fr\/wp-json\/wp\/v2\/comments?post=7844"}],"version-history":[{"count":6,"href":"https:\/\/www.texence.com\/fr\/wp-json\/wp\/v2\/pages\/7844\/revisions"}],"predecessor-version":[{"id":8974,"href":"https:\/\/www.texence.com\/fr\/wp-json\/wp\/v2\/pages\/7844\/revisions\/8974"}],"wp:attachment":[{"href":"https:\/\/www.texence.com\/fr\/wp-json\/wp\/v2\/media?parent=7844"}],"curies":[{"name":"wp","href":"https:\/\/api.w.org\/{rel}","templated":true}]}}