{"id":7836,"date":"2017-11-02T10:32:32","date_gmt":"2017-11-02T08:32:32","guid":{"rendered":"http:\/\/localtexence.com\/texence-02-double-square\/"},"modified":"2019-06-29T07:25:38","modified_gmt":"2019-06-29T05:25:38","slug":"texence-02-double-square","status":"publish","type":"page","link":"https:\/\/www.texence.com\/fr\/texence-02-double-square\/","title":{"rendered":"DOUBLE SQUARE"},"content":{"rendered":"<div class=\"wpb-content-wrapper\"><p>[vc_row padding_size=&#8221;no-padding&#8221; css=&#8221;.vc_custom_1509613236746{margin-top: 50px !important;}&#8221; el_class=&#8221;row-header-content&#8221;][vc_column padding_size=&#8221;s-padding&#8221; width=&#8221;1\/2&#8243;][vc_column_text el_class=&#8221;product-title&#8221;]<\/p>\n<h1><strong>DOUBLE SQUARE<\/strong><\/h1>\n<p>[\/vc_column_text][vc_empty_space][vc_column_text]Des surfaces cr\u00e9\u00e9es en utilisant des mati\u00e8res naturelles qui procurent du confort. Un Design minimaliste, multifonctionnel et adaptable \u00e0 toute demande. TEXENCE vous propose une vari\u00e9t\u00e9 de couleurs et de textures infinies.[\/vc_column_text][\/vc_column][vc_column padding_size=&#8221;s-padding&#8221; width=&#8221;1\/2&#8243; offset=&#8221;vc_hidden-sm vc_hidden-xs&#8221;][\/vc_column][\/vc_row][vc_row vertical_align=&#8221;middle&#8221; padding_size=&#8221;s-padding&#8221;][vc_column][vc_single_image alignment=&#8221;center&#8221; image=&#8221;7097&#8243;][\/vc_column][\/vc_row][vc_row vertical_align=&#8221;bottom&#8221; padding_size=&#8221;m-padding&#8221; el_class=&#8221;row-responsive-icons&#8221;][vc_column width=&#8221;1\/3&#8243; offset=&#8221;vc_col-lg-2 vc_col-md-4 vc_col-xs-6&#8243;][vc_single_image alignment=&#8221;center&#8221; image=&#8221;7080&#8243;][\/vc_column][vc_column width=&#8221;1\/3&#8243; offset=&#8221;vc_col-lg-2 vc_col-md-4 vc_col-xs-6&#8243;][vc_single_image alignment=&#8221;center&#8221; image=&#8221;7081&#8243;][\/vc_column][vc_column width=&#8221;1\/3&#8243; offset=&#8221;vc_col-lg-2 vc_col-md-4 vc_col-xs-6&#8243;][vc_single_image alignment=&#8221;center&#8221; image=&#8221;7082&#8243;][\/vc_column][vc_column width=&#8221;1\/3&#8243; offset=&#8221;vc_col-lg-2 vc_col-md-4 vc_col-xs-6&#8243;][vc_single_image alignment=&#8221;center&#8221; image=&#8221;7083&#8243;][\/vc_column][vc_column width=&#8221;1\/3&#8243; offset=&#8221;vc_col-lg-2 vc_col-md-4 vc_col-xs-6&#8243;][vc_single_image alignment=&#8221;center&#8221; image=&#8221;7084&#8243;][\/vc_column][vc_column width=&#8221;1\/3&#8243; offset=&#8221;vc_col-lg-2 vc_col-md-4 vc_col-xs-6&#8243;][vc_single_image alignment=&#8221;center&#8221; image=&#8221;7085&#8243;][\/vc_column][\/vc_row][vc_row row_style=&#8221;full-width&#8221; vertical_align=&#8221;middle&#8221; padding_size=&#8221;no-padding&#8221; css=&#8221;.vc_custom_1561785210428{padding-bottom: 0px !important;}&#8221;][vc_column padding_size=&#8221;no-padding&#8221;][vc_empty_space][vc_single_image alignment=&#8221;center&#8221; image=&#8221;7045&#8243; el_class=&#8221;img-full-width&#8221;][\/vc_column][\/vc_row]<\/p>\n<\/div>","protected":false},"excerpt":{"rendered":"<p>[vc_row padding_size=&#8221;no-padding&#8221; css=&#8221;.vc_custom_1509613236746{margin-top: 50px !important;}&#8221; el_class=&#8221;row-header-content&#8221;][vc_column padding_size=&#8221;s-padding&#8221; width=&#8221;1\/2&#8243;][vc_column_text el_class=&#8221;product-title&#8221;] DOUBLE SQUARE [\/vc_column_text][vc_empty_space][vc_column_text]Des surfaces cr\u00e9\u00e9es en utilisant des mati\u00e8res naturelles qui procurent du confort. Un Design minimaliste, multifonctionnel et adaptable \u00e0 toute demande. TEXENCE vous propose une vari\u00e9t\u00e9 de couleurs et de textures infinies.[\/vc_column_text][\/vc_column][vc_column padding_size=&#8221;s-padding&#8221; width=&#8221;1\/2&#8243; offset=&#8221;vc_hidden-sm vc_hidden-xs&#8221;][\/vc_column][\/vc_row][vc_row vertical_align=&#8221;middle&#8221; padding_size=&#8221;s-padding&#8221;][vc_column][vc_single_image alignment=&#8221;center&#8221; image=&#8221;7097&#8243;][\/vc_column][\/vc_row][vc_row vertical_align=&#8221;bottom&#8221; padding_size=&#8221;m-padding&#8221; el_class=&#8221;row-responsive-icons&#8221;][vc_column width=&#8221;1\/3&#8243; [&hellip;]<\/p>\n","protected":false},"author":3,"featured_media":0,"parent":0,"menu_order":0,"comment_status":"closed","ping_status":"closed","template":"","meta":{"footnotes":""},"class_list":["post-7836","page","type-page","status-publish","hentry"],"yoast_head":"<!-- This site is optimized with the Yoast SEO plugin v23.3 - https:\/\/yoast.com\/wordpress\/plugins\/seo\/ -->\n<title>Bac \u00e0 douche DOUBLE SQUARE | TEXENCE<\/title>\n<meta name=\"description\" content=\"Surfaces g\u00e9n\u00e9r\u00e9es \u00e0 partir de mat\u00e9riaux naturels. Conception polyvalente et adaptable \u00e0 toutes les mesures. Gamme infinie de vari\u00e9t\u00e9 de couleurs et de textures.\" \/>\n<meta name=\"robots\" content=\"index, follow, max-snippet:-1, max-image-preview:large, max-video-preview:-1\" \/>\n<link rel=\"canonical\" href=\"https:\/\/www.texence.com\/fr\/texence-02-double-square\/\" \/>\n<meta property=\"og:locale\" content=\"fr_FR\" \/>\n<meta property=\"og:type\" content=\"article\" \/>\n<meta property=\"og:title\" content=\"Bac \u00e0 douche DOUBLE SQUARE | TEXENCE\" \/>\n<meta property=\"og:description\" content=\"Surfaces g\u00e9n\u00e9r\u00e9es \u00e0 partir de mat\u00e9riaux naturels. Conception polyvalente et adaptable \u00e0 toutes les mesures. Gamme infinie de vari\u00e9t\u00e9 de couleurs et de textures.\" \/>\n<meta property=\"og:url\" content=\"https:\/\/www.texence.com\/fr\/texence-02-double-square\/\" \/>\n<meta property=\"og:site_name\" content=\"TEXENCE\" \/>\n<meta property=\"article:modified_time\" content=\"2019-06-29T05:25:38+00:00\" \/>\n<meta name=\"twitter:card\" content=\"summary_large_image\" \/>\n<meta name=\"twitter:label1\" content=\"Dur\u00e9e de lecture estim\u00e9e\" \/>\n\t<meta name=\"twitter:data1\" content=\"1 minute\" \/>\n<script type=\"application\/ld+json\" class=\"yoast-schema-graph\">{\"@context\":\"https:\/\/schema.org\",\"@graph\":[{\"@type\":\"WebPage\",\"@id\":\"https:\/\/www.texence.com\/fr\/texence-02-double-square\/\",\"url\":\"https:\/\/www.texence.com\/fr\/texence-02-double-square\/\",\"name\":\"Bac \u00e0 douche DOUBLE SQUARE | TEXENCE\",\"isPartOf\":{\"@id\":\"https:\/\/www.texence.com\/#website\"},\"datePublished\":\"2017-11-02T08:32:32+00:00\",\"dateModified\":\"2019-06-29T05:25:38+00:00\",\"description\":\"Surfaces g\u00e9n\u00e9r\u00e9es \u00e0 partir de mat\u00e9riaux naturels. Conception polyvalente et adaptable \u00e0 toutes les mesures. Gamme infinie de vari\u00e9t\u00e9 de couleurs et de textures.\",\"breadcrumb\":{\"@id\":\"https:\/\/www.texence.com\/fr\/texence-02-double-square\/#breadcrumb\"},\"inLanguage\":\"fr-FR\",\"potentialAction\":[{\"@type\":\"ReadAction\",\"target\":[\"https:\/\/www.texence.com\/fr\/texence-02-double-square\/\"]}]},{\"@type\":\"BreadcrumbList\",\"@id\":\"https:\/\/www.texence.com\/fr\/texence-02-double-square\/#breadcrumb\",\"itemListElement\":[{\"@type\":\"ListItem\",\"position\":1,\"name\":\"Portada\",\"item\":\"https:\/\/www.texence.com\/fr\/\"},{\"@type\":\"ListItem\",\"position\":2,\"name\":\"DOUBLE SQUARE\"}]},{\"@type\":\"WebSite\",\"@id\":\"https:\/\/www.texence.com\/#website\",\"url\":\"https:\/\/www.texence.com\/\",\"name\":\"TEXENCE\",\"description\":\"\",\"publisher\":{\"@id\":\"https:\/\/www.texence.com\/#organization\"},\"potentialAction\":[{\"@type\":\"SearchAction\",\"target\":{\"@type\":\"EntryPoint\",\"urlTemplate\":\"https:\/\/www.texence.com\/?s={search_term_string}\"},\"query-input\":\"required name=search_term_string\"}],\"inLanguage\":\"fr-FR\"},{\"@type\":\"Organization\",\"@id\":\"https:\/\/www.texence.com\/#organization\",\"name\":\"texence\",\"url\":\"https:\/\/www.texence.com\/\",\"logo\":{\"@type\":\"ImageObject\",\"inLanguage\":\"fr-FR\",\"@id\":\"https:\/\/www.texence.com\/#\/schema\/logo\/image\/\",\"url\":\"https:\/\/www.texence.com\/wp-content\/uploads\/2017\/03\/logo-gris-98.png\",\"contentUrl\":\"https:\/\/www.texence.com\/wp-content\/uploads\/2017\/03\/logo-gris-98.png\",\"width\":129,\"height\":47,\"caption\":\"texence\"},\"image\":{\"@id\":\"https:\/\/www.texence.com\/#\/schema\/logo\/image\/\"}}]}<\/script>\n<!-- \/ Yoast SEO plugin. -->","yoast_head_json":{"title":"Bac \u00e0 douche DOUBLE SQUARE | TEXENCE","description":"Surfaces g\u00e9n\u00e9r\u00e9es \u00e0 partir de mat\u00e9riaux naturels. Conception polyvalente et adaptable \u00e0 toutes les mesures. Gamme infinie de vari\u00e9t\u00e9 de couleurs et de textures.","robots":{"index":"index","follow":"follow","max-snippet":"max-snippet:-1","max-image-preview":"max-image-preview:large","max-video-preview":"max-video-preview:-1"},"canonical":"https:\/\/www.texence.com\/fr\/texence-02-double-square\/","og_locale":"fr_FR","og_type":"article","og_title":"Bac \u00e0 douche DOUBLE SQUARE | TEXENCE","og_description":"Surfaces g\u00e9n\u00e9r\u00e9es \u00e0 partir de mat\u00e9riaux naturels. Conception polyvalente et adaptable \u00e0 toutes les mesures. Gamme infinie de vari\u00e9t\u00e9 de couleurs et de textures.","og_url":"https:\/\/www.texence.com\/fr\/texence-02-double-square\/","og_site_name":"TEXENCE","article_modified_time":"2019-06-29T05:25:38+00:00","twitter_card":"summary_large_image","twitter_misc":{"Dur\u00e9e de lecture estim\u00e9e":"1 minute"},"schema":{"@context":"https:\/\/schema.org","@graph":[{"@type":"WebPage","@id":"https:\/\/www.texence.com\/fr\/texence-02-double-square\/","url":"https:\/\/www.texence.com\/fr\/texence-02-double-square\/","name":"Bac \u00e0 douche DOUBLE SQUARE | TEXENCE","isPartOf":{"@id":"https:\/\/www.texence.com\/#website"},"datePublished":"2017-11-02T08:32:32+00:00","dateModified":"2019-06-29T05:25:38+00:00","description":"Surfaces g\u00e9n\u00e9r\u00e9es \u00e0 partir de mat\u00e9riaux naturels. Conception polyvalente et adaptable \u00e0 toutes les mesures. Gamme infinie de vari\u00e9t\u00e9 de couleurs et de textures.","breadcrumb":{"@id":"https:\/\/www.texence.com\/fr\/texence-02-double-square\/#breadcrumb"},"inLanguage":"fr-FR","potentialAction":[{"@type":"ReadAction","target":["https:\/\/www.texence.com\/fr\/texence-02-double-square\/"]}]},{"@type":"BreadcrumbList","@id":"https:\/\/www.texence.com\/fr\/texence-02-double-square\/#breadcrumb","itemListElement":[{"@type":"ListItem","position":1,"name":"Portada","item":"https:\/\/www.texence.com\/fr\/"},{"@type":"ListItem","position":2,"name":"DOUBLE SQUARE"}]},{"@type":"WebSite","@id":"https:\/\/www.texence.com\/#website","url":"https:\/\/www.texence.com\/","name":"TEXENCE","description":"","publisher":{"@id":"https:\/\/www.texence.com\/#organization"},"potentialAction":[{"@type":"SearchAction","target":{"@type":"EntryPoint","urlTemplate":"https:\/\/www.texence.com\/?s={search_term_string}"},"query-input":"required name=search_term_string"}],"inLanguage":"fr-FR"},{"@type":"Organization","@id":"https:\/\/www.texence.com\/#organization","name":"texence","url":"https:\/\/www.texence.com\/","logo":{"@type":"ImageObject","inLanguage":"fr-FR","@id":"https:\/\/www.texence.com\/#\/schema\/logo\/image\/","url":"https:\/\/www.texence.com\/wp-content\/uploads\/2017\/03\/logo-gris-98.png","contentUrl":"https:\/\/www.texence.com\/wp-content\/uploads\/2017\/03\/logo-gris-98.png","width":129,"height":47,"caption":"texence"},"image":{"@id":"https:\/\/www.texence.com\/#\/schema\/logo\/image\/"}}]}},"_links":{"self":[{"href":"https:\/\/www.texence.com\/fr\/wp-json\/wp\/v2\/pages\/7836"}],"collection":[{"href":"https:\/\/www.texence.com\/fr\/wp-json\/wp\/v2\/pages"}],"about":[{"href":"https:\/\/www.texence.com\/fr\/wp-json\/wp\/v2\/types\/page"}],"author":[{"embeddable":true,"href":"https:\/\/www.texence.com\/fr\/wp-json\/wp\/v2\/users\/3"}],"replies":[{"embeddable":true,"href":"https:\/\/www.texence.com\/fr\/wp-json\/wp\/v2\/comments?post=7836"}],"version-history":[{"count":5,"href":"https:\/\/www.texence.com\/fr\/wp-json\/wp\/v2\/pages\/7836\/revisions"}],"predecessor-version":[{"id":8963,"href":"https:\/\/www.texence.com\/fr\/wp-json\/wp\/v2\/pages\/7836\/revisions\/8963"}],"wp:attachment":[{"href":"https:\/\/www.texence.com\/fr\/wp-json\/wp\/v2\/media?parent=7836"}],"curies":[{"name":"wp","href":"https:\/\/api.w.org\/{rel}","templated":true}]}}