{"id":7827,"date":"2017-11-02T13:56:56","date_gmt":"2017-11-02T11:56:56","guid":{"rendered":"http:\/\/localtexence.com\/imasd\/"},"modified":"2019-06-30T07:40:52","modified_gmt":"2019-06-30T05:40:52","slug":"rd-et-innovation","status":"publish","type":"page","link":"https:\/\/www.texence.com\/fr\/rd-et-innovation\/","title":{"rendered":"R&#038;D et Innovation"},"content":{"rendered":"<div class=\"wpb-content-wrapper\"><p>[vc_row row_style=&#8221;full-width&#8221; padding_size=&#8221;no-padding&#8221; background_position=&#8221;center top&#8221; parallax=&#8221;reverse&#8221; background_image=&#8221;7204&#8243; bg_image_url=&#8221;https:\/\/www.texence.com\/wp-content\/uploads\/2017\/11\/imasd-header-150&#215;150.jpg&#8221;][vc_column][vc_empty_space height=&#8221;500px&#8221; el_class=&#8221;row-header-empty-space&#8221;][\/vc_column][\/vc_row][vc_row equal_height=&#8221;true&#8221; vertical_align=&#8221;middle&#8221; padding_size=&#8221;m-padding&#8221;][vc_column width=&#8221;1\/2&#8243;][vc_single_image image=&#8221;7206&#8243;][vc_empty_space][vc_column_text]Syst\u00e8me technologique tr\u00e8s avanc\u00e9 permettant l\u2019union parfaite r\u00e9sine-charge afin d\u2019augmenter de plus de 150% la r\u00e9sistance \u00e0 l\u2019hydrolyse.<\/p>\n<p>L\u2019investissement continu en R&amp;D+I nous permet la meilleure s\u00e9lection des mati\u00e8res premi\u00e8res, comme les r\u00e9sines et les charges min\u00e9rales des produits, afin d\u2019atteindre le plus haut niveau de qualit\u00e9 du march\u00e9 et cr\u00e9er un produit plus l\u00e9ger et r\u00e9sistant.[\/vc_column_text][\/vc_column][vc_column width=&#8221;1\/2&#8243; offset=&#8221;vc_hidden-sm vc_hidden-xs&#8221;][\/vc_column][\/vc_row][vc_row vertical_align=&#8221;middle&#8221; padding_size=&#8221;m-padding&#8221; background_color=&#8221;#f8f8f8&#8243;][vc_column][vc_single_image alignment=&#8221;center&#8221; image=&#8221;7221&#8243;][\/vc_column][\/vc_row][vc_row equal_height=&#8221;true&#8221; vertical_align=&#8221;middle&#8221; padding_size=&#8221;m-padding&#8221;][vc_column width=&#8221;1\/2&#8243;][vc_single_image image=&#8221;7207&#8243;][vc_empty_space][vc_column_text]Technologie se basant sur l\u2019utilisation de pentes intelligentes d\u00e9velopp\u00e9es pour acc\u00e9l\u00e9rer l\u2019\u00e9vacuation des gouttes et \u00e9viter la stagnation de l\u2019eau sur le receveur.[\/vc_column_text][\/vc_column][vc_column width=&#8221;1\/2&#8243; offset=&#8221;vc_hidden-sm vc_hidden-xs&#8221;][\/vc_column][\/vc_row][vc_row equal_height=&#8221;true&#8221; padding_size=&#8221;m-padding&#8221; background_color=&#8221;#f8f8f8&#8243;][vc_column width=&#8221;1\/3&#8243;][vc_column_text]<strong>CACHE BONDE<\/strong>[\/vc_column_text][wyde_separator el_width=&#8221;100%&#8221; color=&#8221;#888b8d&#8221;][vc_column_text]La grille d\u00e9corative avec coins arrondis. Fabriqu\u00e9e en acier inox -AISI 316- au millim\u00e8tre pr\u00e8s pour \u00e9viter le jeu (&lt;1mm) afin de r\u00e9duire au maximum qu\u2019elle ne se d\u00e9place ou qu\u2019elle ne se brise par la tension.[\/vc_column_text][vc_empty_space][vc_single_image alignment=&#8221;center&#8221; image=&#8221;7222&#8243;][vc_empty_space height=&#8221;20px&#8221;][\/vc_column][vc_column width=&#8221;1\/3&#8243;][vc_column_text]<strong>SYST\u00c8ME DE DRAINAGE<\/strong>[\/vc_column_text][wyde_separator el_width=&#8221;100%&#8221; color=&#8221;#888b8d&#8221;][vc_column_text]Syst\u00e8me de drainage avanc\u00e9 avec diff\u00e9rents niveaux de chute d\u2019eau et des pentes situ\u00e9s strat\u00e9giquement afin d\u2019\u00e9viter la stagnation d\u2019eau et les restes de salet\u00e9.[\/vc_column_text][vc_empty_space][vc_single_image alignment=&#8221;center&#8221; image=&#8221;7223&#8243;][vc_empty_space height=&#8221;20px&#8221;][\/vc_column][vc_column width=&#8221;1\/3&#8243;][vc_column_text]<strong>SECTION DRAINAGE RENFORN\u00c9<\/strong>[\/vc_column_text][wyde_separator el_width=&#8221;100%&#8221; color=&#8221;#888b8d&#8221;][vc_column_text]Syst\u00e8me de renforcement anti-rupture. Syst\u00e8me de fixation de la grille en suspension, renforc\u00e9 de 2cm suppl\u00e9mentaires pour garantir un bon \u00e9coulement d\u2019eau tout en prot\u00e9geant la zone la plus faible de la surface du receveur.[\/vc_column_text][vc_empty_space][vc_single_image alignment=&#8221;center&#8221; image=&#8221;7224&#8243;][vc_empty_space height=&#8221;20px&#8221;][\/vc_column][\/vc_row][vc_row equal_height=&#8221;true&#8221; vertical_align=&#8221;middle&#8221; padding_size=&#8221;m-padding&#8221;][vc_column width=&#8221;1\/2&#8243;][vc_single_image image=&#8221;7208&#8243;][vc_empty_space][vc_column_text]L\u2019utilisation de charges min\u00e9rales de faible poids nous permet de r\u00e9duire sensiblement le poids du produit.<\/p>\n<p>L\u2019investissement continu en R&amp;D+I nous permet \u00e9galement la meilleure s\u00e9lection des mati\u00e8res premi\u00e8res comme les r\u00e9sines et les charges min\u00e9rales des produits afin d\u2019atteindre le plus haut niveau de qualit\u00e9 du march\u00e9 et cr\u00e9er un produit plus l\u00e9ger et r\u00e9sistant.[\/vc_column_text][\/vc_column][vc_column width=&#8221;1\/2&#8243; offset=&#8221;vc_hidden-sm vc_hidden-xs&#8221;][\/vc_column][\/vc_row][vc_row vertical_align=&#8221;middle&#8221; padding_size=&#8221;m-padding&#8221; background_color=&#8221;#f8f8f8&#8243;][vc_column][vc_single_image alignment=&#8221;center&#8221; image=&#8221;7225&#8243;][\/vc_column][\/vc_row][vc_row equal_height=&#8221;true&#8221; vertical_align=&#8221;middle&#8221; padding_size=&#8221;m-padding&#8221;][vc_column width=&#8221;1\/2&#8243;][vc_single_image image=&#8221;7209&#8243;][vc_empty_space][vc_column_text]Notre syst\u00e8me antid\u00e9rapant avanc\u00e9 garantit une adh\u00e9rence totale sur tous nos mod\u00e8les, tout en respectant les mesures de s\u00e9curit\u00e9 afin d\u2019\u00e9viter tout incident de glisse et conf\u00e9rer une sensation agr\u00e9able \u00e0 la surface du produit.<\/p>\n<p>Le d\u00e9veloppement d\u2019une technique de double technologie permet d\u2019atteindre le niveau optimal d\u2019adh\u00e9rence. L\u2019utilisation de designs et textures sp\u00e9cifiques favorisent le syst\u00e8me antid\u00e9rapant. Afin de renforcer le r\u00e9sultat de cette technique et en garantir les meilleurs r\u00e9sultats, toute surface est trait\u00e9e avec des rev\u00eatements sp\u00e9ciaux d\u00e9velopp\u00e9s sp\u00e9cifiquement pour favoriser l\u2019antid\u00e9rapant.[\/vc_column_text][vc_empty_space height=&#8221;32px&#8221;][vc_column_text]TEST DE R\u00c9SISTANCE COULISSANT<\/p>\n<p><strong>CLASE 3<br \/>\n<\/strong>Selon UNE ENV 12633-2003. Classification des sols selon le code de construction technique CTE.[\/vc_column_text][vc_empty_space height=&#8221;20px&#8221;][vc_single_image image=&#8221;8293&#8243;][vc_empty_space height=&#8221;20px&#8221;][vc_column_text]Rapport de test n\u00b0 221.I.1811.782.ES.01<br \/>\nR\u00e9f\u00e9rence Aidimme 1802028-06 j[\/vc_column_text][\/vc_column][vc_column width=&#8221;1\/2&#8243; offset=&#8221;vc_hidden-sm vc_hidden-xs&#8221;][\/vc_column][\/vc_row][vc_row vertical_align=&#8221;middle&#8221; padding_size=&#8221;m-padding&#8221; background_color=&#8221;#f8f8f8&#8243;][vc_column][vc_single_image alignment=&#8221;center&#8221; image=&#8221;7226&#8243;][\/vc_column][\/vc_row][vc_row equal_height=&#8221;true&#8221; vertical_align=&#8221;middle&#8221; padding_size=&#8221;m-padding&#8221;][vc_column width=&#8221;1\/2&#8243;][vc_column_text]<\/p>\n<h3>MEMBRANE EXTRA-PLATE<\/h3>\n<p>[\/vc_column_text][vc_empty_space height=&#8221;10px&#8221;][vc_column_text]Bonde extra-plate (40mm sous le receveur de douche).<br \/>\nElle a une membrane et un syst\u00e8me anti-retour.<br \/>\nAnneau de renfort en acier inox.<br \/>\nD\u00e9bit 33,6L\/minute pour une \u00e9vacuation directe.<br \/>\nSortie horizontale avec sorti 40 mm.[\/vc_column_text][\/vc_column][vc_column width=&#8221;1\/2&#8243; offset=&#8221;vc_hidden-sm vc_hidden-xs&#8221;][\/vc_column][\/vc_row][vc_row vertical_align=&#8221;middle&#8221; padding_size=&#8221;m-padding&#8221; background_color=&#8221;#f8f8f8&#8243;][vc_column][vc_single_image alignment=&#8221;center&#8221; image=&#8221;9042&#8243;][\/vc_column][\/vc_row][vc_row equal_height=&#8221;true&#8221; vertical_align=&#8221;middle&#8221; padding_size=&#8221;m-padding&#8221; css=&#8221;.vc_custom_1561310504674{padding-bottom: 0px !important;}&#8221;][vc_column width=&#8221;1\/2&#8243;][vc_single_image image=&#8221;8849&#8243;][vc_empty_space][vc_column_text]Plusieurs dimensions disponibles. Les receveurs de douche texence peuvent \u00eatre d\u00e9coup\u00e9s sur mesure afin de d\u00e9velopper des projets sp\u00e9ciaux adapt\u00e9s \u00e0 vos besoins.[\/vc_column_text][\/vc_column][vc_column width=&#8221;1\/2&#8243; offset=&#8221;vc_hidden-sm vc_hidden-xs&#8221;][\/vc_column][\/vc_row][vc_row padding_size=&#8221;m-padding&#8221; css=&#8221;.vc_custom_1561310639957{padding-bottom: 60px !important;}&#8221;][vc_column width=&#8221;1\/3&#8243;][vc_column_text]<\/p>\n<h3>DIMENSIONS<\/h3>\n<p>[\/vc_column_text][\/vc_column][vc_column width=&#8221;1\/3&#8243;][vc_column_text]<strong>TEXTURES<\/strong><\/p>\n<p><span style=\"width: 80px; display: inline-block!important;\">Long<\/span><strong>(cm) 70 &#8211; 195<\/strong><br \/>\n<span style=\"width: 80px; display: inline-block!important;\">Large<\/span><strong>(cm) 70\/80\/90\/100<\/strong><br \/>\n<span style=\"width: 80px; display: inline-block!important;\">\u00c9paisseur<\/span><strong>(cm) 2,8<\/strong>[\/vc_column_text][\/vc_column][vc_column width=&#8221;1\/3&#8243;][vc_column_text]<strong>SMOOTH<\/strong><\/p>\n<p><span style=\"width: 80px; display: inline-block!important;\">Long<\/span><strong>(cm) 70 &#8211; 220<\/strong><br \/>\n<span style=\"width: 80px; display: inline-block!important;\">Large<\/span><strong>(cm) 70\/80\/90\/100\/110<\/strong><br \/>\n<span style=\"width: 80px; display: inline-block!important;\">\u00c9paisseur<\/span><strong>(cm) 2,8<\/strong>[\/vc_column_text][\/vc_column][\/vc_row][vc_row vertical_align=&#8221;middle&#8221; padding_size=&#8221;m-padding&#8221; background_color=&#8221;#f8f8f8&#8243;][vc_column][vc_single_image alignment=&#8221;center&#8221; image=&#8221;7227&#8243;][\/vc_column][\/vc_row]<\/p>\n<\/div>","protected":false},"excerpt":{"rendered":"<p>[vc_row row_style=&#8221;full-width&#8221; padding_size=&#8221;no-padding&#8221; background_position=&#8221;center top&#8221; parallax=&#8221;reverse&#8221; background_image=&#8221;7204&#8243; bg_image_url=&#8221;https:\/\/www.texence.com\/wp-content\/uploads\/2017\/11\/imasd-header-150&#215;150.jpg&#8221;][vc_column][vc_empty_space height=&#8221;500px&#8221; el_class=&#8221;row-header-empty-space&#8221;][\/vc_column][\/vc_row][vc_row equal_height=&#8221;true&#8221; vertical_align=&#8221;middle&#8221; padding_size=&#8221;m-padding&#8221;][vc_column width=&#8221;1\/2&#8243;][vc_single_image image=&#8221;7206&#8243;][vc_empty_space][vc_column_text]Syst\u00e8me technologique tr\u00e8s avanc\u00e9 permettant l\u2019union parfaite r\u00e9sine-charge afin d\u2019augmenter de plus de 150% la r\u00e9sistance \u00e0 l\u2019hydrolyse. L\u2019investissement continu en R&amp;D+I nous permet la meilleure s\u00e9lection des mati\u00e8res premi\u00e8res, comme les r\u00e9sines et les charges min\u00e9rales des produits, afin d\u2019atteindre [&hellip;]<\/p>\n","protected":false},"author":3,"featured_media":0,"parent":0,"menu_order":0,"comment_status":"closed","ping_status":"closed","template":"","meta":{"footnotes":""},"class_list":["post-7827","page","type-page","status-publish","hentry"],"yoast_head":"<!-- This site is optimized with the Yoast SEO plugin v23.3 - https:\/\/yoast.com\/wordpress\/plugins\/seo\/ -->\n<title>Fabrication de receveurs de douche - R&amp;D et Innovation | TEXENCE<\/title>\n<meta name=\"description\" content=\"TEXENCE fabrique des receveurs de douche sur mesure en temps r\u00e9duit, r\u00e9pondant aux normes de qualit\u00e9 les plus \u00e9lev\u00e9es et aux certifications n\u00e9cessaires.\" \/>\n<meta name=\"robots\" content=\"index, follow, max-snippet:-1, max-image-preview:large, max-video-preview:-1\" \/>\n<link rel=\"canonical\" href=\"https:\/\/www.texence.com\/fr\/rd-et-innovation\/\" \/>\n<meta property=\"og:locale\" content=\"fr_FR\" \/>\n<meta property=\"og:type\" content=\"article\" \/>\n<meta property=\"og:title\" content=\"Fabrication de receveurs de douche - R&amp;D et Innovation | TEXENCE\" \/>\n<meta property=\"og:description\" content=\"TEXENCE fabrique des receveurs de douche sur mesure en temps r\u00e9duit, r\u00e9pondant aux normes de qualit\u00e9 les plus \u00e9lev\u00e9es et aux certifications n\u00e9cessaires.\" \/>\n<meta property=\"og:url\" content=\"https:\/\/www.texence.com\/fr\/rd-et-innovation\/\" \/>\n<meta property=\"og:site_name\" content=\"TEXENCE\" \/>\n<meta property=\"article:modified_time\" content=\"2019-06-30T05:40:52+00:00\" \/>\n<meta name=\"twitter:card\" content=\"summary_large_image\" \/>\n<meta name=\"twitter:label1\" content=\"Dur\u00e9e de lecture estim\u00e9e\" \/>\n\t<meta name=\"twitter:data1\" content=\"6 minutes\" \/>\n<script type=\"application\/ld+json\" class=\"yoast-schema-graph\">{\"@context\":\"https:\/\/schema.org\",\"@graph\":[{\"@type\":\"WebPage\",\"@id\":\"https:\/\/www.texence.com\/fr\/rd-et-innovation\/\",\"url\":\"https:\/\/www.texence.com\/fr\/rd-et-innovation\/\",\"name\":\"Fabrication de receveurs de douche - R&D et Innovation | TEXENCE\",\"isPartOf\":{\"@id\":\"https:\/\/www.texence.com\/#website\"},\"datePublished\":\"2017-11-02T11:56:56+00:00\",\"dateModified\":\"2019-06-30T05:40:52+00:00\",\"description\":\"TEXENCE fabrique des receveurs de douche sur mesure en temps r\u00e9duit, r\u00e9pondant aux normes de qualit\u00e9 les plus \u00e9lev\u00e9es et aux certifications n\u00e9cessaires.\",\"breadcrumb\":{\"@id\":\"https:\/\/www.texence.com\/fr\/rd-et-innovation\/#breadcrumb\"},\"inLanguage\":\"fr-FR\",\"potentialAction\":[{\"@type\":\"ReadAction\",\"target\":[\"https:\/\/www.texence.com\/fr\/rd-et-innovation\/\"]}]},{\"@type\":\"BreadcrumbList\",\"@id\":\"https:\/\/www.texence.com\/fr\/rd-et-innovation\/#breadcrumb\",\"itemListElement\":[{\"@type\":\"ListItem\",\"position\":1,\"name\":\"Portada\",\"item\":\"https:\/\/www.texence.com\/fr\/\"},{\"@type\":\"ListItem\",\"position\":2,\"name\":\"R&#038;D et Innovation\"}]},{\"@type\":\"WebSite\",\"@id\":\"https:\/\/www.texence.com\/#website\",\"url\":\"https:\/\/www.texence.com\/\",\"name\":\"TEXENCE\",\"description\":\"\",\"publisher\":{\"@id\":\"https:\/\/www.texence.com\/#organization\"},\"potentialAction\":[{\"@type\":\"SearchAction\",\"target\":{\"@type\":\"EntryPoint\",\"urlTemplate\":\"https:\/\/www.texence.com\/?s={search_term_string}\"},\"query-input\":\"required name=search_term_string\"}],\"inLanguage\":\"fr-FR\"},{\"@type\":\"Organization\",\"@id\":\"https:\/\/www.texence.com\/#organization\",\"name\":\"texence\",\"url\":\"https:\/\/www.texence.com\/\",\"logo\":{\"@type\":\"ImageObject\",\"inLanguage\":\"fr-FR\",\"@id\":\"https:\/\/www.texence.com\/#\/schema\/logo\/image\/\",\"url\":\"https:\/\/www.texence.com\/wp-content\/uploads\/2017\/03\/logo-gris-98.png\",\"contentUrl\":\"https:\/\/www.texence.com\/wp-content\/uploads\/2017\/03\/logo-gris-98.png\",\"width\":129,\"height\":47,\"caption\":\"texence\"},\"image\":{\"@id\":\"https:\/\/www.texence.com\/#\/schema\/logo\/image\/\"}}]}<\/script>\n<!-- \/ Yoast SEO plugin. -->","yoast_head_json":{"title":"Fabrication de receveurs de douche - R&D et Innovation | TEXENCE","description":"TEXENCE fabrique des receveurs de douche sur mesure en temps r\u00e9duit, r\u00e9pondant aux normes de qualit\u00e9 les plus \u00e9lev\u00e9es et aux certifications n\u00e9cessaires.","robots":{"index":"index","follow":"follow","max-snippet":"max-snippet:-1","max-image-preview":"max-image-preview:large","max-video-preview":"max-video-preview:-1"},"canonical":"https:\/\/www.texence.com\/fr\/rd-et-innovation\/","og_locale":"fr_FR","og_type":"article","og_title":"Fabrication de receveurs de douche - R&D et Innovation | TEXENCE","og_description":"TEXENCE fabrique des receveurs de douche sur mesure en temps r\u00e9duit, r\u00e9pondant aux normes de qualit\u00e9 les plus \u00e9lev\u00e9es et aux certifications n\u00e9cessaires.","og_url":"https:\/\/www.texence.com\/fr\/rd-et-innovation\/","og_site_name":"TEXENCE","article_modified_time":"2019-06-30T05:40:52+00:00","twitter_card":"summary_large_image","twitter_misc":{"Dur\u00e9e de lecture estim\u00e9e":"6 minutes"},"schema":{"@context":"https:\/\/schema.org","@graph":[{"@type":"WebPage","@id":"https:\/\/www.texence.com\/fr\/rd-et-innovation\/","url":"https:\/\/www.texence.com\/fr\/rd-et-innovation\/","name":"Fabrication de receveurs de douche - R&D et Innovation | TEXENCE","isPartOf":{"@id":"https:\/\/www.texence.com\/#website"},"datePublished":"2017-11-02T11:56:56+00:00","dateModified":"2019-06-30T05:40:52+00:00","description":"TEXENCE fabrique des receveurs de douche sur mesure en temps r\u00e9duit, r\u00e9pondant aux normes de qualit\u00e9 les plus \u00e9lev\u00e9es et aux certifications n\u00e9cessaires.","breadcrumb":{"@id":"https:\/\/www.texence.com\/fr\/rd-et-innovation\/#breadcrumb"},"inLanguage":"fr-FR","potentialAction":[{"@type":"ReadAction","target":["https:\/\/www.texence.com\/fr\/rd-et-innovation\/"]}]},{"@type":"BreadcrumbList","@id":"https:\/\/www.texence.com\/fr\/rd-et-innovation\/#breadcrumb","itemListElement":[{"@type":"ListItem","position":1,"name":"Portada","item":"https:\/\/www.texence.com\/fr\/"},{"@type":"ListItem","position":2,"name":"R&#038;D et Innovation"}]},{"@type":"WebSite","@id":"https:\/\/www.texence.com\/#website","url":"https:\/\/www.texence.com\/","name":"TEXENCE","description":"","publisher":{"@id":"https:\/\/www.texence.com\/#organization"},"potentialAction":[{"@type":"SearchAction","target":{"@type":"EntryPoint","urlTemplate":"https:\/\/www.texence.com\/?s={search_term_string}"},"query-input":"required name=search_term_string"}],"inLanguage":"fr-FR"},{"@type":"Organization","@id":"https:\/\/www.texence.com\/#organization","name":"texence","url":"https:\/\/www.texence.com\/","logo":{"@type":"ImageObject","inLanguage":"fr-FR","@id":"https:\/\/www.texence.com\/#\/schema\/logo\/image\/","url":"https:\/\/www.texence.com\/wp-content\/uploads\/2017\/03\/logo-gris-98.png","contentUrl":"https:\/\/www.texence.com\/wp-content\/uploads\/2017\/03\/logo-gris-98.png","width":129,"height":47,"caption":"texence"},"image":{"@id":"https:\/\/www.texence.com\/#\/schema\/logo\/image\/"}}]}},"_links":{"self":[{"href":"https:\/\/www.texence.com\/fr\/wp-json\/wp\/v2\/pages\/7827"}],"collection":[{"href":"https:\/\/www.texence.com\/fr\/wp-json\/wp\/v2\/pages"}],"about":[{"href":"https:\/\/www.texence.com\/fr\/wp-json\/wp\/v2\/types\/page"}],"author":[{"embeddable":true,"href":"https:\/\/www.texence.com\/fr\/wp-json\/wp\/v2\/users\/3"}],"replies":[{"embeddable":true,"href":"https:\/\/www.texence.com\/fr\/wp-json\/wp\/v2\/comments?post=7827"}],"version-history":[{"count":9,"href":"https:\/\/www.texence.com\/fr\/wp-json\/wp\/v2\/pages\/7827\/revisions"}],"predecessor-version":[{"id":9105,"href":"https:\/\/www.texence.com\/fr\/wp-json\/wp\/v2\/pages\/7827\/revisions\/9105"}],"wp:attachment":[{"href":"https:\/\/www.texence.com\/fr\/wp-json\/wp\/v2\/media?parent=7827"}],"curies":[{"name":"wp","href":"https:\/\/api.w.org\/{rel}","templated":true}]}}