{"id":7003,"date":"2017-04-18T15:20:50","date_gmt":"2017-04-18T13:20:50","guid":{"rendered":"https:\/\/stexence.local\/?page_id=7003\/"},"modified":"2022-11-27T10:20:51","modified_gmt":"2022-11-27T08:20:51","slug":"cookies-politique","status":"publish","type":"page","link":"https:\/\/www.texence.com\/fr\/cookies-politique\/","title":{"rendered":"Cookies Politique"},"content":{"rendered":"<div class=\"wpb-content-wrapper\"><p>[vc_row][vc_column][vc_column_text]<\/p>\n<h3>DESCRIPCI\u00d3N DE COOKIES.<\/h3>\n<p>Una \u201cCookie\u201d es un peque\u00f1o archivo de texto que un sitio web almacena en el navegador del usuario, facilitando la navegaci\u00f3n por una p\u00e1gina web y son esenciales para el funcionamiento de internet.<\/p>\n<p>Las cookies se utilizan, por ejemplo, para recordar los gustos de los usuarios en la web: idioma, navegador utilizado; analizar los h\u00e1bitos y comportamientos del usuario para mejorar los servicios ofrecidos, o para adecuar los contenidos de una p\u00e1gina web a las preferencias del visitante.<\/p>\n<p><u>Las cookies se pueden catalogar de la siguiente manera:<\/u><\/p>\n<p>Seg\u00fan la <em>entidad <\/em>que la gestiona:<\/p>\n<ul>\n<li><u>Cookies propias<\/u>: Son aquellas que se env\u00edan a tu equipo desde nuestros propios equipos o dominios y desde el que prestamos el servicio que nos solicitas.<\/li>\n<li><u>Cookies de terceros:<\/u> Son aquellas que se env\u00edan a tu equipo desde un equipo o dominio que no es gestionado por nosotros, sino por otra entidad colaboradora. Como, por ejemplo, las usadas por redes sociales, o por contenido externo como los mapas de Google.<\/li>\n<\/ul>\n<p>Seg\u00fan el <em>plazo de tiempo<\/em> que permanecen activadas:<\/p>\n<ul>\n<li><u>Cookies de sesi\u00f3n:<\/u> Son cookies temporales que permanecen en el archivo de cookies de tu navegador hasta que abandonas la p\u00e1gina web, por lo que ninguna queda registrada en el disco duro de tu ordenador. La informaci\u00f3n obtenida por medio de estas cookies, sirven para analizar pautas de tr\u00e1fico en la web. A la larga, esto nos permite proporcionar una mejor experiencia para mejorar el contenido y facilitar su uso.<\/li>\n<li><u>Cookies persistentes:<\/u> son almacenadas en el disco duro y nuestra web las lee cada vez que realizas una nueva visita. Una web permanente posee una fecha de expiraci\u00f3n determinada. La cookie dejar\u00e1 de funcionar despu\u00e9s de esa fecha. Estas cookies las utilizamos, generalmente, para facilitar los servicios de compra y registro.<\/li>\n<\/ul>\n<p>Seg\u00fan su <em>finalidad<\/em>:<\/p>\n<ul>\n<li><u>Cookies t\u00e9cnicas:<\/u> Son aquellas necesarias para la navegaci\u00f3n y el buen funcionamiento de nuestra p\u00e1gina web. Permiten por ejemplo, controlar el tr\u00e1fico y la comunicaci\u00f3n de datos, acceder a partes de acceso restringido, realizar el proceso de compra de un pedido, utilizar elementos de seguridad, almacenar contenidos para poder difundir v\u00eddeos o compartir contenidos a trav\u00e9s de redes sociales.<\/li>\n<li><u>Cookies de personalizaci\u00f3n<\/u>: Son aqu\u00e9llas que te permiten acceder al servicio con unas caracter\u00edsticas predefinidas en funci\u00f3n de una serie de criterios, como por ejemplo el idioma, el tipo de navegador a trav\u00e9s del cual se accede al servicio, la configuraci\u00f3n regional desde donde se accede al servicio, etc.<\/li>\n<li><u>Cookies de an\u00e1lisis:<\/u> Son aqu\u00e9llas que nos permiten cuantificar el n\u00famero de usuarios y as\u00ed realizar la medici\u00f3n y an\u00e1lisis estad\u00edstico de la utilizaci\u00f3n que hacen los usuarios de los servicios prestados. Para ello se analiza su navegaci\u00f3n en nuestra p\u00e1gina web con el fin de mejorar la oferta de productos y servicios que ofrecemos.<\/li>\n<li><u>Cookies publicitarias:<\/u> Son aqu\u00e9llas que permiten la gesti\u00f3n, de la forma m\u00e1s eficaz posible, de los espacios publicitarios que se pudieran incluir en nuestra p\u00e1gina web.<\/li>\n<li><u>Cookies de publicidad comportamental:<\/u> Estas cookies almacenan informaci\u00f3n del comportamiento de los usuarios obtenida a trav\u00e9s de la observaci\u00f3n continuada. Gracias a ellas, podemos conocer los h\u00e1bitos de navegaci\u00f3n en internet y mostrarte publicidad relacionada con tu perfil de navegaci\u00f3n.<\/li>\n<\/ul>\n<p>[\/vc_column_text][\/vc_column][\/vc_row][vc_row][vc_column][vc_column_text]<\/p>\n<h3>QU\u00c9 COOKIES UTILIZAMOS Y CON QU\u00c9 FINALIDADES.<\/h3>\n<p>Nuestra web utiliza los siguientes tipos de cookies:<\/p>\n<ul>\n<li><u>Cookies propias<\/u>: son cookies estrictamente necesarias. Permiten la interacci\u00f3n del usuario por el sitio web utilizando todas sus funciones.<\/li>\n<li><u>Cookies Anal\u00edticas<\/u>: son cookies utilizadas para el an\u00e1lisis, investigaci\u00f3n o estad\u00edsticas con el fin de saber secciones m\u00e1s visitadas, puntos de conexi\u00f3n, etc y as\u00ed poder mejorar el portal web.<\/li>\n<li><u>Cookies de complementos<\/u>: son cookies utilizadas por complementos externos instalados en la web para su buen funcionamiento, como por ejemplo mostrar el cartel informativo sobre el uso de cookies.<\/li>\n<li><u>Cookies de redes sociales<\/u>: son cookies utilizadas para identificarte como usuario en la red social y poder interactuar a trav\u00e9s de tu perfil a trav\u00e9s de las APIs instaladas.<\/li>\n<\/ul>\n<p>[\/vc_column_text][\/vc_column][\/vc_row][vc_row][vc_column][vc_column_text]<\/p>\n<h3>FORMAS DE BLOQUEAR Y LIMITAR EL USO DE COOKIES.<\/h3>\n<p>Es importante destacar que estas tecnolog\u00edas no son intrusivas, ya que toda la informaci\u00f3n obtenida a trav\u00e9s de las cookies es totalmente an\u00f3nima, y en ning\u00fan caso puede ser asociada a un usuario concreto e identificado. Esta informaci\u00f3n permite a MANZO BA\u00d1OS S.L., adaptar y mejorar sus servicios a los intereses de los usuarios. No obstante, el usuario tiene la opci\u00f3n de impedir la generaci\u00f3n de cookies, mediante la selecci\u00f3n de la correspondiente opci\u00f3n en su programa navegador. MANZO BA\u00d1OS S.L. informa que en el caso de que deshabilite el uso de cookies la navegaci\u00f3n puede ser m\u00e1s lenta de lo habitual.<\/p>\n<p>Concretamente, todos los navegadores permiten hacer cambios que permiten desactivar la configuraci\u00f3n de las cookies. Estos ajustes se encuentran ubicados en las \u201copciones\u201d o \u201cpreferencias\u201d del men\u00fa de su navegador.<\/p>\n<p>A continuaci\u00f3n le mostramos mediante enlaces la forma de deshabilitar las cookies siguiendo las instrucciones de los navegadores m\u00e1s utilizados:<\/p>\n<ul>\n<li><a href=\"http:\/\/windows.microsoft.com\/es-es\/windows-vista\/block-or-allow-cookies\" target=\"_blank\" rel=\"noopener noreferrer\">Internet Explorer<\/a><\/li>\n<li><a href=\"http:\/\/support.mozilla.org\/en-us\/kb\/cookies-information-websites-store-on-your-computer?redirectlocale=en-us&amp;redirectslug=cookies\" target=\"_blank\" rel=\"noopener noreferrer\">Mozilla Firefox<\/a><\/li>\n<li><a href=\"https:\/\/support.google.com\/chrome\/answer\/95647?hl=es\" target=\"_blank\" rel=\"noopener noreferrer\">Google Chrome<\/a><\/li>\n<li><a href=\"https:\/\/support.apple.com\/kb\/ph21411?viewlocale=es_es&amp;locale=es_es\" target=\"_blank\" rel=\"noopener noreferrer\">Safari<\/a><\/li>\n<li><a href=\"http:\/\/support.apple.com\/kb\/ht1677?viewlocale=es_es\" target=\"_blank\" rel=\"noopener noreferrer\">Safari para IOS (iPhone y iPad)<\/a><\/li>\n<\/ul>\n<p>En cambio, si usted desea bloquear las cookies anal\u00edticas de Google, puede instalarse un complemento en su navegador desarrollado siguiendo las instrucciones indicadas en el siguiente<a href=\"https:\/\/tools.google.com\/dlpage\/gaoptout\" target=\"_blank\" rel=\"noopener noreferrer\"> enlace<\/a>.[\/vc_column_text][vc_empty_space height=&#8221;40px&#8221;][\/vc_column][\/vc_row][vc_row][vc_column][vc_column_text]<\/p>\n<h3>DESCRIPCI\u00d3N T\u00c9CNICA DE LAS COOKIES UTILIZADAS.<\/h3>\n<p>A continuaci\u00f3n ofrecemos informaci\u00f3n sobre las cookies utilizadas por este sitio web:[\/vc_column_text][vc_empty_space height=&#8221;15px&#8221;][vc_column_text]<\/p>\n<table style=\"border-collapse: collapse; width: 100%;\" border=\"1\">\n<tbody>\n<tr style=\"height: 20px;\">\n<td style=\"width: 100%; background-color: #dddddd; text-align: center; height: 30px;\" colspan=\"4\"><strong>COOKIES PROPIAS<\/strong><strong><br \/>\n<\/strong><\/td>\n<\/tr>\n<tr style=\"height: 22px;\">\n<td style=\"text-align: center; height: 22px; background-color: #eeeeee;\"><strong>DOMINIO<\/strong><\/td>\n<td style=\"text-align: center; height: 22px; background-color: #eeeeee;\"><strong>NOMBRE<\/strong><\/td>\n<td style=\"text-align: center; height: 22px; background-color: #eeeeee;\"><strong>FINALIDAD<\/strong><\/td>\n<td style=\"text-align: center; height: 22px; background-color: #eeeeee;\"><strong>DURACION<\/strong><\/td>\n<\/tr>\n<tr style=\"height: 22px; border-bottom: 1px solid #ddd;\">\n<td style=\"text-align: center; height: 22px;\"><span style=\"font-size: 9pt;\">texence.com<\/span><br \/>\n<span style=\"font-size: 9pt;\">(Google Analytics)<\/span><\/td>\n<td style=\"text-align: center; height: 22px;\"><span style=\"font-size: 9pt;\">_gid<\/span><\/td>\n<td style=\"text-align: center; height: 22px;\"><span style=\"font-size: 9pt;\">Registra una identificaci\u00f3n \u00fanica que se utiliza para generar datos estad\u00edsticos acerca de c\u00f3mo utiliza el visitante el sitio web.<\/span><\/td>\n<td style=\"text-align: center; height: 22px;\"><span style=\"font-size: 9pt;\">1 d\u00eda<\/span><\/td>\n<\/tr>\n<tr style=\"height: 22px; border-bottom: 1px solid #ddd;\">\n<td style=\"text-align: center; height: 22px;\"><span style=\"font-size: 9pt;\">texence.com<\/span><br \/>\n<span style=\"font-size: 9pt;\">(Google Analytics)<\/span><\/td>\n<td style=\"text-align: center; height: 22px;\"><span style=\"font-size: 9pt;\">_ga<\/span><\/td>\n<td style=\"text-align: center; height: 22px;\"><span style=\"font-size: 9pt;\">Registra una identificaci\u00f3n \u00fanica que se utiliza para generar datos estad\u00edsticos acerca de c\u00f3mo utiliza el visitante el sitio web.<\/span><\/td>\n<td style=\"text-align: center; height: 22px;\"><span style=\"font-size: 9pt;\">2 a\u00f1os<\/span><\/td>\n<\/tr>\n<tr style=\"height: 22px; border-bottom: 1px solid #ddd;\">\n<td style=\"text-align: center; height: 22px;\"><span style=\"font-size: 9pt;\">texence.com<\/span><br \/>\n<span style=\"font-size: 9pt;\">(Google Analytics)<\/span><\/td>\n<td style=\"text-align: center; height: 22px;\"><span style=\"font-size: 9pt;\">_gat_UA<\/span><\/td>\n<td style=\"text-align: center; height: 22px;\"><span style=\"font-size: 9pt;\">Registra una identificaci\u00f3n \u00fanica que se utiliza para generar datos estad\u00edsticos acerca de c\u00f3mo utiliza el visitante el sitio web.<\/span><\/td>\n<td style=\"text-align: center; height: 22px;\"><span style=\"font-size: 9pt;\">2 a\u00f1os<\/span><\/td>\n<\/tr>\n<tr style=\"height: 32px; border-bottom: 1px solid #ddd;\">\n<td style=\"text-align: center; height: 32px;\"><span style=\"font-size: 9pt;\">texence.com<\/span><\/td>\n<td style=\"text-align: center; height: 32px;\"><span style=\"font-size: 9pt;\">moove_gdpr_popup<\/span><\/td>\n<td style=\"text-align: center; height: 32px;\"><span style=\"font-size: 9pt;\">Esta cookie se utiliza para almacenar si el usuario ha consentido o no el uso de cookies. No almacena ning\u00fan dato personal.<\/span><\/td>\n<td style=\"text-align: center; height: 32px;\"><span style=\"font-size: 9pt;\">1 a\u00f1o<\/span><\/td>\n<\/tr>\n<tr style=\"height: 32px; border-bottom: 1px solid #ddd;\">\n<td style=\"text-align: center; height: 32px;\"><span style=\"font-size: 9pt;\">texence.com<\/span><\/td>\n<td style=\"text-align: center; height: 32px;\"><span style=\"font-size: 9pt;\">wp-wpml_current_language<\/span><\/td>\n<td style=\"text-align: center; height: 32px;\"><span style=\"font-size: 9pt;\">Cookie t\u00e9cnica que guarda el idioma escogido por el usuario en la navegaci\u00f3n.<\/span><\/td>\n<td style=\"text-align: center; height: 32px;\"><span style=\"font-size: 9pt;\">1 d\u00eda<\/span><\/td>\n<\/tr>\n<\/tbody>\n<\/table>\n<p>[\/vc_column_text][vc_column_text]<\/p>\n<table style=\"border-collapse: collapse; width: 100%;\" border=\"1\">\n<tbody>\n<tr style=\"height: 20px;\">\n<td style=\"width: 100%; background-color: #d0d0d0; text-align: center; height: 30px;\" colspan=\"4\"><strong>COOKIES DE TERCEROS<\/strong><strong><br \/>\n<\/strong><\/td>\n<\/tr>\n<tr style=\"height: 22px;\">\n<td style=\"text-align: center; height: 22px; background-color: #eeeeee;\"><strong>DOMINIO<\/strong><\/td>\n<td style=\"text-align: center; height: 22px; background-color: #eeeeee;\"><strong>NOMBRE<\/strong><\/td>\n<td style=\"text-align: center; height: 22px; background-color: #eeeeee;\"><strong>FINALIDAD<\/strong><\/td>\n<td style=\"text-align: center; height: 22px; background-color: #eeeeee;\"><strong>DURACION<\/strong><\/td>\n<\/tr>\n<tr style=\"height: 22px;\">\n<td style=\"text-align: center; height: 22px;\"><span style=\"font-size: 10pt;\">google.com<\/span><\/td>\n<td style=\"text-align: center; height: 22px;\"><span style=\"font-size: 10pt;\">NID<\/span><\/td>\n<td style=\"text-align: center; height: 22px;\"><span style=\"font-size: 10pt;\">Cookie de Google que contiene un ID \u00fanico que Google utiliza para recordar tus preferencias y otra informaci\u00f3n.<\/span><\/td>\n<td style=\"text-align: center; height: 22px;\"><span style=\"font-size: 10pt;\">6 meses<\/span><\/td>\n<\/tr>\n<\/tbody>\n<\/table>\n<p>[\/vc_column_text][vc_column_text]<\/p>\n<div class=\"wpb_text_column wpb_content_element \">\n<div class=\"wpb_wrapper\">\n<p>Por otra parte, respecto a los complementos de entidades externas (como por ejemplo los servicios de Google Inc) utilizados en nuestro portal web recomendamos a todos los usuarios que accedan a las pol\u00edticas de privacidad de cada proveedor de los servicios para que obtenga mayor informaci\u00f3n:<\/p>\n<p>GOOGLE: <a href=\"http:\/\/www.google.es\/intl\/es\/policies\/privacy\/\" target=\"_blank\" rel=\"noopener noreferrer\">http:\/\/www.google.es\/intl\/es\/policies\/privacy\/<\/a><br \/>\nFACEBOOK: <a href=\"https:\/\/es-es.facebook.com\/privacy\/explanation\" target=\"_blank\" rel=\"noopener noreferrer\">https:\/\/es-es.facebook.com\/privacy\/explanation<\/a><br \/>\nWORDPRESS: <a href=\"https:\/\/es.wordpress.org\/about\/privacy\/\" target=\"_blank\" rel=\"noopener noreferrer\"><u>https:\/\/es.wordpress.org\/about\/privacy\/<\/u><\/a><\/p>\n<\/div>\n<\/div>\n<p>[\/vc_column_text][\/vc_column][\/vc_row][vc_row][vc_column][vc_column_text]<\/p>\n<h3>M\u00c1S INFORMACI\u00d3N.<\/h3>\n<p>Todo usuario puede consultar sus dudas en <a href=\"mailto:texence@texence.com\">texence@texence.com<\/a>.[\/vc_column_text][\/vc_column][\/vc_row]<\/p>\n<\/div>","protected":false},"excerpt":{"rendered":"<p>[vc_row][vc_column][vc_column_text] DESCRIPCI\u00d3N DE COOKIES. Una \u201cCookie\u201d es un peque\u00f1o archivo de texto que un sitio web almacena en el navegador del usuario, facilitando la navegaci\u00f3n por una p\u00e1gina web y son esenciales para el funcionamiento de internet. Las cookies se utilizan, por ejemplo, para recordar los gustos de los usuarios en la web: idioma, navegador [&hellip;]<\/p>\n","protected":false},"author":3,"featured_media":0,"parent":0,"menu_order":0,"comment_status":"closed","ping_status":"closed","template":"","meta":{"footnotes":""},"class_list":["post-7003","page","type-page","status-publish","hentry"],"yoast_head":"<!-- This site is optimized with the Yoast SEO plugin v23.3 - https:\/\/yoast.com\/wordpress\/plugins\/seo\/ -->\n<title>Cookies Politique | TEXENCE<\/title>\n<meta name=\"robots\" content=\"noindex, nofollow\" \/>\n<meta property=\"og:locale\" content=\"fr_FR\" \/>\n<meta property=\"og:type\" content=\"article\" \/>\n<meta property=\"og:title\" content=\"Cookies Politique | TEXENCE\" \/>\n<meta property=\"og:description\" content=\"[vc_row][vc_column][vc_column_text] DESCRIPCI\u00d3N DE COOKIES. Una \u201cCookie\u201d es un peque\u00f1o archivo de texto que un sitio web almacena en el navegador del usuario, facilitando la navegaci\u00f3n por una p\u00e1gina web y son esenciales para el funcionamiento de internet. Las cookies se utilizan, por ejemplo, para recordar los gustos de los usuarios en la web: idioma, navegador [&hellip;]\" \/>\n<meta property=\"og:url\" content=\"https:\/\/www.texence.com\/fr\/cookies-politique\/\" \/>\n<meta property=\"og:site_name\" content=\"TEXENCE\" \/>\n<meta property=\"article:modified_time\" content=\"2022-11-27T08:20:51+00:00\" \/>\n<meta name=\"twitter:card\" content=\"summary_large_image\" \/>\n<meta name=\"twitter:label1\" content=\"Dur\u00e9e de lecture estim\u00e9e\" \/>\n\t<meta name=\"twitter:data1\" content=\"7 minutes\" \/>\n<script type=\"application\/ld+json\" class=\"yoast-schema-graph\">{\"@context\":\"https:\/\/schema.org\",\"@graph\":[{\"@type\":\"WebPage\",\"@id\":\"https:\/\/www.texence.com\/fr\/cookies-politique\/\",\"url\":\"https:\/\/www.texence.com\/fr\/cookies-politique\/\",\"name\":\"Cookies Politique | TEXENCE\",\"isPartOf\":{\"@id\":\"https:\/\/www.texence.com\/#website\"},\"datePublished\":\"2017-04-18T13:20:50+00:00\",\"dateModified\":\"2022-11-27T08:20:51+00:00\",\"breadcrumb\":{\"@id\":\"https:\/\/www.texence.com\/fr\/cookies-politique\/#breadcrumb\"},\"inLanguage\":\"fr-FR\",\"potentialAction\":[{\"@type\":\"ReadAction\",\"target\":[\"https:\/\/www.texence.com\/fr\/cookies-politique\/\"]}]},{\"@type\":\"BreadcrumbList\",\"@id\":\"https:\/\/www.texence.com\/fr\/cookies-politique\/#breadcrumb\",\"itemListElement\":[{\"@type\":\"ListItem\",\"position\":1,\"name\":\"Portada\",\"item\":\"https:\/\/www.texence.com\/fr\/\"},{\"@type\":\"ListItem\",\"position\":2,\"name\":\"Cookies Politique\"}]},{\"@type\":\"WebSite\",\"@id\":\"https:\/\/www.texence.com\/#website\",\"url\":\"https:\/\/www.texence.com\/\",\"name\":\"TEXENCE\",\"description\":\"\",\"publisher\":{\"@id\":\"https:\/\/www.texence.com\/#organization\"},\"potentialAction\":[{\"@type\":\"SearchAction\",\"target\":{\"@type\":\"EntryPoint\",\"urlTemplate\":\"https:\/\/www.texence.com\/?s={search_term_string}\"},\"query-input\":\"required name=search_term_string\"}],\"inLanguage\":\"fr-FR\"},{\"@type\":\"Organization\",\"@id\":\"https:\/\/www.texence.com\/#organization\",\"name\":\"texence\",\"url\":\"https:\/\/www.texence.com\/\",\"logo\":{\"@type\":\"ImageObject\",\"inLanguage\":\"fr-FR\",\"@id\":\"https:\/\/www.texence.com\/#\/schema\/logo\/image\/\",\"url\":\"https:\/\/www.texence.com\/wp-content\/uploads\/2017\/03\/logo-gris-98.png\",\"contentUrl\":\"https:\/\/www.texence.com\/wp-content\/uploads\/2017\/03\/logo-gris-98.png\",\"width\":129,\"height\":47,\"caption\":\"texence\"},\"image\":{\"@id\":\"https:\/\/www.texence.com\/#\/schema\/logo\/image\/\"}}]}<\/script>\n<!-- \/ Yoast SEO plugin. -->","yoast_head_json":{"title":"Cookies Politique | TEXENCE","robots":{"index":"noindex","follow":"nofollow"},"og_locale":"fr_FR","og_type":"article","og_title":"Cookies Politique | TEXENCE","og_description":"[vc_row][vc_column][vc_column_text] DESCRIPCI\u00d3N DE COOKIES. Una \u201cCookie\u201d es un peque\u00f1o archivo de texto que un sitio web almacena en el navegador del usuario, facilitando la navegaci\u00f3n por una p\u00e1gina web y son esenciales para el funcionamiento de internet. Las cookies se utilizan, por ejemplo, para recordar los gustos de los usuarios en la web: idioma, navegador [&hellip;]","og_url":"https:\/\/www.texence.com\/fr\/cookies-politique\/","og_site_name":"TEXENCE","article_modified_time":"2022-11-27T08:20:51+00:00","twitter_card":"summary_large_image","twitter_misc":{"Dur\u00e9e de lecture estim\u00e9e":"7 minutes"},"schema":{"@context":"https:\/\/schema.org","@graph":[{"@type":"WebPage","@id":"https:\/\/www.texence.com\/fr\/cookies-politique\/","url":"https:\/\/www.texence.com\/fr\/cookies-politique\/","name":"Cookies Politique | TEXENCE","isPartOf":{"@id":"https:\/\/www.texence.com\/#website"},"datePublished":"2017-04-18T13:20:50+00:00","dateModified":"2022-11-27T08:20:51+00:00","breadcrumb":{"@id":"https:\/\/www.texence.com\/fr\/cookies-politique\/#breadcrumb"},"inLanguage":"fr-FR","potentialAction":[{"@type":"ReadAction","target":["https:\/\/www.texence.com\/fr\/cookies-politique\/"]}]},{"@type":"BreadcrumbList","@id":"https:\/\/www.texence.com\/fr\/cookies-politique\/#breadcrumb","itemListElement":[{"@type":"ListItem","position":1,"name":"Portada","item":"https:\/\/www.texence.com\/fr\/"},{"@type":"ListItem","position":2,"name":"Cookies Politique"}]},{"@type":"WebSite","@id":"https:\/\/www.texence.com\/#website","url":"https:\/\/www.texence.com\/","name":"TEXENCE","description":"","publisher":{"@id":"https:\/\/www.texence.com\/#organization"},"potentialAction":[{"@type":"SearchAction","target":{"@type":"EntryPoint","urlTemplate":"https:\/\/www.texence.com\/?s={search_term_string}"},"query-input":"required name=search_term_string"}],"inLanguage":"fr-FR"},{"@type":"Organization","@id":"https:\/\/www.texence.com\/#organization","name":"texence","url":"https:\/\/www.texence.com\/","logo":{"@type":"ImageObject","inLanguage":"fr-FR","@id":"https:\/\/www.texence.com\/#\/schema\/logo\/image\/","url":"https:\/\/www.texence.com\/wp-content\/uploads\/2017\/03\/logo-gris-98.png","contentUrl":"https:\/\/www.texence.com\/wp-content\/uploads\/2017\/03\/logo-gris-98.png","width":129,"height":47,"caption":"texence"},"image":{"@id":"https:\/\/www.texence.com\/#\/schema\/logo\/image\/"}}]}},"_links":{"self":[{"href":"https:\/\/www.texence.com\/fr\/wp-json\/wp\/v2\/pages\/7003"}],"collection":[{"href":"https:\/\/www.texence.com\/fr\/wp-json\/wp\/v2\/pages"}],"about":[{"href":"https:\/\/www.texence.com\/fr\/wp-json\/wp\/v2\/types\/page"}],"author":[{"embeddable":true,"href":"https:\/\/www.texence.com\/fr\/wp-json\/wp\/v2\/users\/3"}],"replies":[{"embeddable":true,"href":"https:\/\/www.texence.com\/fr\/wp-json\/wp\/v2\/comments?post=7003"}],"version-history":[{"count":5,"href":"https:\/\/www.texence.com\/fr\/wp-json\/wp\/v2\/pages\/7003\/revisions"}],"predecessor-version":[{"id":9161,"href":"https:\/\/www.texence.com\/fr\/wp-json\/wp\/v2\/pages\/7003\/revisions\/9161"}],"wp:attachment":[{"href":"https:\/\/www.texence.com\/fr\/wp-json\/wp\/v2\/media?parent=7003"}],"curies":[{"name":"wp","href":"https:\/\/api.w.org\/{rel}","templated":true}]}}