{"id":6922,"date":"2016-01-30T10:23:50","date_gmt":"2016-01-30T08:23:50","guid":{"rendered":"https:\/\/stexence.local\/?page_id=6922\/"},"modified":"2026-01-20T16:37:22","modified_gmt":"2026-01-20T14:37:22","slug":"texence","status":"publish","type":"page","link":"https:\/\/www.texence.com\/fr\/","title":{"rendered":"Texence"},"content":{"rendered":"<div class=\"wpb-content-wrapper\"><p>[vc_row row_style=&#8221;full-width&#8221; padding_size=&#8221;m-padding&#8221; css=&#8221;.vc_custom_1509626782178{padding-top: 0px !important;}&#8221;][vc_column padding_size=&#8221;no-padding&#8221;][rev_slider_vc alias=&#8221;new-texence-home-2021&#8243;][\/vc_column][\/vc_row][vc_row background_color=&#8221;#000000&#8243; css=&#8221;.vc_custom_1561220701480{margin-top: -40px !important;}&#8221; el_class=&#8221;home-intro&#8221;][vc_column][vc_row_inner equal_height=&#8221;true&#8221; vertical_align=&#8221;middle&#8221;][vc_column_inner text_style=&#8221;custom&#8221; offset=&#8221;vc_col-lg-offset-3 vc_col-lg-6 vc_col-md-offset-2 vc_col-md-8&#8243; text_color=&#8221;#ffffff&#8221; css=&#8221;.vc_custom_1514101155115{border-top-width: 1px !important;border-right-width: 1px !important;border-bottom-width: 1px !important;border-left-width: 1px !important;border-left-color: #ffffff !important;border-left-style: solid !important;border-right-color: #ffffff !important;border-right-style: solid !important;border-top-color: #ffffff !important;border-top-style: solid !important;border-bottom-color: #ffffff !important;border-bottom-style: solid !important;}&#8221; el_class=&#8221;home-intro-col-text&#8221;][vc_column_text]TEXENCE est le r\u00e9sultat d\u2019une combinaison de designs hors du commun et de mati\u00e8res sp\u00e9ciales afin de cr\u00e9er un produit unique avec une allure moderne. Cette combinaison nous permet de cr\u00e9er des espaces uniques avec un style propre et innovant. Le design avant-gardiste, totalement personnalisable en couleurs et en textures, conf\u00e8re \u00e0 notre salle de bain une allure unique.<\/p>\n<p>TEXENCE s\u00e9lectionne les mati\u00e8res premi\u00e8res pour fabriquer les produits les plus performants du march\u00e9 pouvant s\u2019adapter \u00e0 tout type d\u2019espace.<\/p>\n<p>Ce sont des produits innovants \u00e0 haut contenu technologique permettant de combiner des mat\u00e9riaux, des finitions et des designs uniques qui transforment notre salle de bain en un espace moderne et unique.[\/vc_column_text][\/vc_column_inner][\/vc_row_inner][\/vc_column][\/vc_row][vc_row row_style=&#8221;full-width&#8221; vertical_align=&#8221;bottom&#8221; padding_size=&#8221;s-padding&#8221; el_class=&#8221;home-intro-row-responsive-icons&#8221; background_color=&#8221;#000000&#8243;][vc_column width=&#8221;1\/3&#8243; offset=&#8221;vc_col-lg-2 vc_col-md-4 vc_col-xs-6&#8243;][vc_single_image alignment=&#8221;center&#8221; image=&#8221;7535&#8243;][\/vc_column][vc_column width=&#8221;1\/3&#8243; offset=&#8221;vc_col-lg-2 vc_col-md-4 vc_col-xs-6&#8243;][vc_single_image alignment=&#8221;center&#8221; image=&#8221;7537&#8243;][\/vc_column][vc_column width=&#8221;1\/3&#8243; offset=&#8221;vc_col-lg-2 vc_col-md-4 vc_col-xs-6&#8243;][vc_single_image alignment=&#8221;center&#8221; image=&#8221;7540&#8243;][\/vc_column][vc_column width=&#8221;1\/3&#8243; offset=&#8221;vc_col-lg-2 vc_col-md-4 vc_col-xs-6&#8243;][vc_single_image alignment=&#8221;center&#8221; image=&#8221;7536&#8243;][\/vc_column][vc_column width=&#8221;1\/3&#8243; offset=&#8221;vc_col-lg-2 vc_col-md-4 vc_col-xs-6&#8243;][vc_single_image alignment=&#8221;center&#8221; image=&#8221;7539&#8243;][\/vc_column][vc_column width=&#8221;1\/3&#8243; offset=&#8221;vc_col-lg-2 vc_col-md-4 vc_col-xs-6&#8243;][vc_single_image alignment=&#8221;center&#8221; image=&#8221;7538&#8243;][\/vc_column][\/vc_row][vc_row row_style=&#8221;full-width&#8221; vertical_align=&#8221;middle&#8221; padding_size=&#8221;no-padding&#8221; el_class=&#8221;home-row-links&#8221;][vc_column padding_size=&#8221;no-padding&#8221; css=&#8221;.vc_custom_1509556226462{padding-right: 15px !important;padding-left: 15px !important;}&#8221;][vc_row_inner equal_height=&#8221;true&#8221; vertical_align=&#8221;bottom&#8221; padding_size=&#8221;no-padding&#8221;][vc_column_inner padding_size=&#8221;s-padding&#8221; width=&#8221;1\/3&#8243; el_class=&#8221;home-col-link&#8221;][vc_column_text el_class=&#8221;home-product-title link-black&#8221;]<\/p>\n<h2 style=\"text-align: center;\"><a href=\"https:\/\/www.texence.com\/fr\/texence-01-square\/\"><strong>SQUARE<\/strong><\/a><\/h2>\n<p>[\/vc_column_text][vc_single_image alignment=&#8221;center&#8221; onclick=&#8221;custom_link&#8221; image=&#8221;7561&#8243; link=&#8221;https:\/\/www.texence.com\/fr\/texence-01-square\/&#8221;][vc_empty_space height=&#8221;10px&#8221;][\/vc_column_inner][vc_column_inner padding_size=&#8221;s-padding&#8221; width=&#8221;1\/3&#8243; el_class=&#8221;home-col-link&#8221;][vc_column_text el_class=&#8221;home-product-title link-black&#8221;]<\/p>\n<h2 style=\"text-align: center;\"><a href=\"https:\/\/www.texence.com\/fr\/texence-02-double-square\/\"><strong>DOUBLE SQUARE<\/strong><\/a><\/h2>\n<p>[\/vc_column_text][vc_single_image alignment=&#8221;center&#8221; onclick=&#8221;custom_link&#8221; image=&#8221;7562&#8243; link=&#8221;https:\/\/www.texence.com\/fr\/texence-02-double-square\/&#8221;][vc_empty_space height=&#8221;10px&#8221;][\/vc_column_inner][vc_column_inner padding_size=&#8221;s-padding&#8221; width=&#8221;1\/3&#8243; el_class=&#8221;home-col-link&#8221;][vc_column_text el_class=&#8221;home-product-title link-black&#8221;]<\/p>\n<h2 style=\"text-align: center;\"><a href=\"https:\/\/www.texence.com\/fr\/texence-03-double-center-square\/\"><strong>DOUBLE CENTER SQUARE<\/strong><\/a><\/h2>\n<p>[\/vc_column_text][vc_single_image alignment=&#8221;center&#8221; onclick=&#8221;custom_link&#8221; image=&#8221;7563&#8243; link=&#8221;https:\/\/www.texence.com\/fr\/texence-03-double-center-square\/&#8221;][vc_empty_space height=&#8221;10px&#8221;][\/vc_column_inner][\/vc_row_inner][\/vc_column][\/vc_row][vc_row row_style=&#8221;full-width&#8221; vertical_align=&#8221;middle&#8221; padding_size=&#8221;no-padding&#8221; el_class=&#8221;home-row-links&#8221; background_color=&#8221;#f8f8f8&#8243;][vc_column padding_size=&#8221;no-padding&#8221; css=&#8221;.vc_custom_1509556226462{padding-right: 15px !important;padding-left: 15px !important;}&#8221;][vc_row_inner equal_height=&#8221;true&#8221; padding_size=&#8221;no-padding&#8221;][vc_column_inner padding_size=&#8221;s-padding&#8221; width=&#8221;1\/3&#8243; el_class=&#8221;home-col-link&#8221;][vc_single_image onclick=&#8221;custom_link&#8221; image=&#8221;7575&#8243; link=&#8221;https:\/\/www.texence.com\/fr\/textures\/&#8221;][vc_empty_space height=&#8221;25px&#8221;][vc_column_text]TEXENCE offre un nombre illimit\u00e9 de textures uniques transforment le receveur de douche en un \u00e9l\u00e9ment d\u00e9coratif et personnalis\u00e9.[\/vc_column_text][vc_empty_space height=&#8221;25px&#8221;][vc_single_image alignment=&#8221;center&#8221; onclick=&#8221;custom_link&#8221; image=&#8221;7580&#8243; link=&#8221;https:\/\/www.texence.com\/fr\/textures\/&#8221;][vc_empty_space height=&#8221;10px&#8221;][\/vc_column_inner][vc_column_inner padding_size=&#8221;s-padding&#8221; width=&#8221;1\/3&#8243; el_class=&#8221;home-col-link&#8221;][vc_single_image onclick=&#8221;custom_link&#8221; image=&#8221;8816&#8243; link=&#8221;https:\/\/www.texence.com\/fr\/textures-personnalisees\/&#8221;][vc_empty_space height=&#8221;25px&#8221;][vc_column_text]TEXENCE se distingue par sa capacit\u00e9 \u00e0 convaincre les conceptions exclusives et \u00e0 les adapter \u00e0 tout espace.[\/vc_column_text][vc_empty_space height=&#8221;25px&#8221;][vc_single_image alignment=&#8221;center&#8221; onclick=&#8221;custom_link&#8221; image=&#8221;8820&#8243; link=&#8221;https:\/\/www.texence.com\/fr\/textures-personnalisees\/&#8221;][vc_empty_space height=&#8221;10px&#8221;][\/vc_column_inner][vc_column_inner padding_size=&#8221;s-padding&#8221; width=&#8221;1\/3&#8243; el_class=&#8221;home-col-link&#8221;][vc_single_image onclick=&#8221;custom_link&#8221; image=&#8221;7574&#8243; link=&#8221;https:\/\/www.texence.com\/fr\/grilles\/&#8221;][vc_empty_space height=&#8221;25px&#8221;][vc_column_text]TEXENCE offre une vari\u00e9t\u00e9 de grilles \u00e0 design fonctionnel pour garantir l\u2019enti\u00e8re \u00e9vacuation de l\u2019eau.[\/vc_column_text][vc_empty_space height=&#8221;25px&#8221;][vc_single_image alignment=&#8221;center&#8221; onclick=&#8221;custom_link&#8221; image=&#8221;7581&#8243; link=&#8221;https:\/\/www.texence.com\/fr\/grilles\/&#8221;][vc_empty_space height=&#8221;10px&#8221;][\/vc_column_inner][\/vc_row_inner][\/vc_column][\/vc_row][vc_row row_style=&#8221;full-width&#8221; equal_height=&#8221;true&#8221; vertical_align=&#8221;middle&#8221; padding_size=&#8221;no-padding&#8221; el_class=&#8221;home-row-imasd&#8221;][vc_column padding_size=&#8221;no-padding&#8221; css=&#8221;.vc_custom_1514109114582{padding-right: 15px !important;padding-left: 15px !important;}&#8221; el_class=&#8221;home-col-link home-imasd-col-icons&#8221;][vc_row_inner][vc_column_inner offset=&#8221;vc_col-lg-offset-3 vc_col-lg-6 vc_col-md-offset-2 vc_col-md-8&#8243;][vc_custom_heading text=&#8221;R&amp;D et Innovation&#8221; font_container=&#8221;tag:h3|text_align:left&#8221; use_theme_fonts=&#8221;yes&#8221; el_class=&#8221;home-title-section1&#8243;][vc_empty_space height=&#8221;25px&#8221;][vc_column_text]Les produits TEXENCE se d\u00e9marquent gr\u00e2ce \u00e0 leurs propres technologies notamment B.C.F. (Blended Coated Filter), NSW (Non Stop Water) ou SLF (Smart Light Filler).<\/p>\n<p>TEXENCE peut aussi bien s\u2019adapter aux exigences du march\u00e9 que fabriquer des produits sur mesure dans des d\u00e9lais r\u00e9duits. Ces d\u00e9lais de fabrication sur mesure des textures de notre catalogue avoir des d\u00e9lais de livraison minimaux. Cependant, TEXENCE peut adapter tous ses produits \u00e0 des designs totalement personnalis\u00e9s et uniques.<\/p>\n<p>TEXENCE remplit tous les crit\u00e8res les plus importants de qualit\u00e9 et de certification. Tous nos produits peuvent \u00eatre d\u00e9velopp\u00e9s sur mesure concernant les dimensions, la texture, le design et la couleur (toute couleur RAL est disponible).[\/vc_column_text][\/vc_column_inner][\/vc_row_inner][\/vc_column][\/vc_row][vc_row text_style=&#8221;light&#8221; padding_size=&#8221;m-padding&#8221; disable_element=&#8221;yes&#8221; background_color=&#8221;#888b8d&#8221; el_class=&#8221;row-contact-info&#8221;][vc_column text_align=&#8221;center&#8221; css=&#8221;.vc_custom_1514103287537{padding-top: 0px !important;padding-bottom: 0px !important;}&#8221; offset=&#8221;vc_col-lg-offset-1 vc_col-lg-10&#8243;][vc_empty_space height=&#8221;40px&#8221;][vc_column_text]<\/p>\n<p style=\"text-align: center;\"><strong>TEXENCE FRANCE<br \/>\n<\/strong>+34 655 375 291<br \/>\n<a href=\"mailto:france@texence.com\">france@texence.com<\/a><\/p>\n<p style=\"text-align: center;\"><strong>MANZO BA\u00d1OS S.L.<br \/>\n<\/strong>Pol\u00edgono Industrial de Massanassa<br \/>\nC\/ Cam\u00ed de Codonyers 3<br \/>\n46470 Massanassa, Valencia, Espagne<br \/>\n+34 960 889 633 \/ +34 678 080 780<br \/>\n<a href=\"mailto:texence@texence.com\">texence@texence.com<\/a><\/p>\n<p>[\/vc_column_text][vc_empty_space height=&#8221;40px&#8221;][wyde_link_button style=&#8221;outline&#8221; title=&#8221;CONTACT&#8221; link=&#8221;url:https%3A%2F%2Fwww.texence.com%2Ffr%2Fcontact%2F|||&#8221; color=&#8221;#ffffff&#8221; el_class=&#8221;home-btn-contactar&#8221;][vc_empty_space height=&#8221;40px&#8221;][\/vc_column][\/vc_row]<\/p>\n<\/div>","protected":false},"excerpt":{"rendered":"<p>[vc_row row_style=&#8221;full-width&#8221; padding_size=&#8221;m-padding&#8221; css=&#8221;.vc_custom_1509626782178{padding-top: 0px !important;}&#8221;][vc_column padding_size=&#8221;no-padding&#8221;][rev_slider_vc alias=&#8221;new-texence-home-2021&#8243;][\/vc_column][\/vc_row][vc_row background_color=&#8221;#000000&#8243; css=&#8221;.vc_custom_1561220701480{margin-top: -40px !important;}&#8221; el_class=&#8221;home-intro&#8221;][vc_column][vc_row_inner equal_height=&#8221;true&#8221; vertical_align=&#8221;middle&#8221;][vc_column_inner text_style=&#8221;custom&#8221; offset=&#8221;vc_col-lg-offset-3 vc_col-lg-6 vc_col-md-offset-2 vc_col-md-8&#8243; text_color=&#8221;#ffffff&#8221; css=&#8221;.vc_custom_1514101155115{border-top-width: 1px !important;border-right-width: 1px !important;border-bottom-width: 1px !important;border-left-width: 1px !important;border-left-color: #ffffff !important;border-left-style: solid !important;border-right-color: #ffffff !important;border-right-style: solid !important;border-top-color: #ffffff !important;border-top-style: solid !important;border-bottom-color: #ffffff !important;border-bottom-style: solid !important;}&#8221; el_class=&#8221;home-intro-col-text&#8221;][vc_column_text]TEXENCE est le r\u00e9sultat d\u2019une combinaison de designs hors [&hellip;]<\/p>\n","protected":false},"author":3,"featured_media":0,"parent":0,"menu_order":0,"comment_status":"closed","ping_status":"closed","template":"","meta":{"footnotes":""},"class_list":["post-6922","page","type-page","status-publish","hentry"],"yoast_head":"<!-- This site is optimized with the Yoast SEO plugin v23.3 - https:\/\/yoast.com\/wordpress\/plugins\/seo\/ -->\n<title>Receveurs de douche en r\u00e9sine - Fabricant de receveurs de douche | TEXENCE<\/title>\n<meta name=\"description\" content=\"Les receveurs de douche Texence sont le r\u00e9sultat de la combinaison de textures audacieuses et de mat\u00e9riaux innovants pour cr\u00e9er une pi\u00e8ce exclusive et moderne.\" \/>\n<meta name=\"robots\" content=\"index, follow, max-snippet:-1, max-image-preview:large, max-video-preview:-1\" \/>\n<link rel=\"canonical\" href=\"https:\/\/www.texence.com\/fr\/\" \/>\n<meta property=\"og:locale\" content=\"fr_FR\" \/>\n<meta property=\"og:type\" content=\"article\" \/>\n<meta property=\"og:title\" content=\"Receveurs de douche en r\u00e9sine - Fabricant de receveurs de douche | TEXENCE\" \/>\n<meta property=\"og:description\" content=\"Les receveurs de douche Texence sont le r\u00e9sultat de la combinaison de textures audacieuses et de mat\u00e9riaux innovants pour cr\u00e9er une pi\u00e8ce exclusive et moderne.\" \/>\n<meta property=\"og:url\" content=\"https:\/\/www.texence.com\/fr\/\" \/>\n<meta property=\"og:site_name\" content=\"TEXENCE\" \/>\n<meta property=\"article:modified_time\" content=\"2026-01-20T14:37:22+00:00\" \/>\n<meta name=\"twitter:card\" content=\"summary_large_image\" \/>\n<meta name=\"twitter:label1\" content=\"Dur\u00e9e de lecture estim\u00e9e\" \/>\n\t<meta name=\"twitter:data1\" content=\"6 minutes\" \/>\n<script type=\"application\/ld+json\" class=\"yoast-schema-graph\">{\"@context\":\"https:\/\/schema.org\",\"@graph\":[{\"@type\":\"WebPage\",\"@id\":\"https:\/\/www.texence.com\/fr\/\",\"url\":\"https:\/\/www.texence.com\/fr\/\",\"name\":\"Receveurs de douche en r\u00e9sine - Fabricant de receveurs de douche | TEXENCE\",\"isPartOf\":{\"@id\":\"https:\/\/www.texence.com\/#website\"},\"datePublished\":\"2016-01-30T08:23:50+00:00\",\"dateModified\":\"2026-01-20T14:37:22+00:00\",\"description\":\"Les receveurs de douche Texence sont le r\u00e9sultat de la combinaison de textures audacieuses et de mat\u00e9riaux innovants pour cr\u00e9er une pi\u00e8ce exclusive et moderne.\",\"breadcrumb\":{\"@id\":\"https:\/\/www.texence.com\/fr\/#breadcrumb\"},\"inLanguage\":\"fr-FR\",\"potentialAction\":[{\"@type\":\"ReadAction\",\"target\":[\"https:\/\/www.texence.com\/fr\/\"]}]},{\"@type\":\"BreadcrumbList\",\"@id\":\"https:\/\/www.texence.com\/fr\/#breadcrumb\",\"itemListElement\":[{\"@type\":\"ListItem\",\"position\":1,\"name\":\"Portada\",\"item\":\"https:\/\/www.texence.com\/fr\/\"},{\"@type\":\"ListItem\",\"position\":2,\"name\":\"Texence\"}]},{\"@type\":\"WebSite\",\"@id\":\"https:\/\/www.texence.com\/#website\",\"url\":\"https:\/\/www.texence.com\/\",\"name\":\"TEXENCE\",\"description\":\"\",\"publisher\":{\"@id\":\"https:\/\/www.texence.com\/#organization\"},\"potentialAction\":[{\"@type\":\"SearchAction\",\"target\":{\"@type\":\"EntryPoint\",\"urlTemplate\":\"https:\/\/www.texence.com\/?s={search_term_string}\"},\"query-input\":\"required name=search_term_string\"}],\"inLanguage\":\"fr-FR\"},{\"@type\":\"Organization\",\"@id\":\"https:\/\/www.texence.com\/#organization\",\"name\":\"texence\",\"url\":\"https:\/\/www.texence.com\/\",\"logo\":{\"@type\":\"ImageObject\",\"inLanguage\":\"fr-FR\",\"@id\":\"https:\/\/www.texence.com\/#\/schema\/logo\/image\/\",\"url\":\"https:\/\/www.texence.com\/wp-content\/uploads\/2017\/03\/logo-gris-98.png\",\"contentUrl\":\"https:\/\/www.texence.com\/wp-content\/uploads\/2017\/03\/logo-gris-98.png\",\"width\":129,\"height\":47,\"caption\":\"texence\"},\"image\":{\"@id\":\"https:\/\/www.texence.com\/#\/schema\/logo\/image\/\"}}]}<\/script>\n<!-- \/ Yoast SEO plugin. -->","yoast_head_json":{"title":"Receveurs de douche en r\u00e9sine - Fabricant de receveurs de douche | TEXENCE","description":"Les receveurs de douche Texence sont le r\u00e9sultat de la combinaison de textures audacieuses et de mat\u00e9riaux innovants pour cr\u00e9er une pi\u00e8ce exclusive et moderne.","robots":{"index":"index","follow":"follow","max-snippet":"max-snippet:-1","max-image-preview":"max-image-preview:large","max-video-preview":"max-video-preview:-1"},"canonical":"https:\/\/www.texence.com\/fr\/","og_locale":"fr_FR","og_type":"article","og_title":"Receveurs de douche en r\u00e9sine - Fabricant de receveurs de douche | TEXENCE","og_description":"Les receveurs de douche Texence sont le r\u00e9sultat de la combinaison de textures audacieuses et de mat\u00e9riaux innovants pour cr\u00e9er une pi\u00e8ce exclusive et moderne.","og_url":"https:\/\/www.texence.com\/fr\/","og_site_name":"TEXENCE","article_modified_time":"2026-01-20T14:37:22+00:00","twitter_card":"summary_large_image","twitter_misc":{"Dur\u00e9e de lecture estim\u00e9e":"6 minutes"},"schema":{"@context":"https:\/\/schema.org","@graph":[{"@type":"WebPage","@id":"https:\/\/www.texence.com\/fr\/","url":"https:\/\/www.texence.com\/fr\/","name":"Receveurs de douche en r\u00e9sine - Fabricant de receveurs de douche | TEXENCE","isPartOf":{"@id":"https:\/\/www.texence.com\/#website"},"datePublished":"2016-01-30T08:23:50+00:00","dateModified":"2026-01-20T14:37:22+00:00","description":"Les receveurs de douche Texence sont le r\u00e9sultat de la combinaison de textures audacieuses et de mat\u00e9riaux innovants pour cr\u00e9er une pi\u00e8ce exclusive et moderne.","breadcrumb":{"@id":"https:\/\/www.texence.com\/fr\/#breadcrumb"},"inLanguage":"fr-FR","potentialAction":[{"@type":"ReadAction","target":["https:\/\/www.texence.com\/fr\/"]}]},{"@type":"BreadcrumbList","@id":"https:\/\/www.texence.com\/fr\/#breadcrumb","itemListElement":[{"@type":"ListItem","position":1,"name":"Portada","item":"https:\/\/www.texence.com\/fr\/"},{"@type":"ListItem","position":2,"name":"Texence"}]},{"@type":"WebSite","@id":"https:\/\/www.texence.com\/#website","url":"https:\/\/www.texence.com\/","name":"TEXENCE","description":"","publisher":{"@id":"https:\/\/www.texence.com\/#organization"},"potentialAction":[{"@type":"SearchAction","target":{"@type":"EntryPoint","urlTemplate":"https:\/\/www.texence.com\/?s={search_term_string}"},"query-input":"required name=search_term_string"}],"inLanguage":"fr-FR"},{"@type":"Organization","@id":"https:\/\/www.texence.com\/#organization","name":"texence","url":"https:\/\/www.texence.com\/","logo":{"@type":"ImageObject","inLanguage":"fr-FR","@id":"https:\/\/www.texence.com\/#\/schema\/logo\/image\/","url":"https:\/\/www.texence.com\/wp-content\/uploads\/2017\/03\/logo-gris-98.png","contentUrl":"https:\/\/www.texence.com\/wp-content\/uploads\/2017\/03\/logo-gris-98.png","width":129,"height":47,"caption":"texence"},"image":{"@id":"https:\/\/www.texence.com\/#\/schema\/logo\/image\/"}}]}},"_links":{"self":[{"href":"https:\/\/www.texence.com\/fr\/wp-json\/wp\/v2\/pages\/6922"}],"collection":[{"href":"https:\/\/www.texence.com\/fr\/wp-json\/wp\/v2\/pages"}],"about":[{"href":"https:\/\/www.texence.com\/fr\/wp-json\/wp\/v2\/types\/page"}],"author":[{"embeddable":true,"href":"https:\/\/www.texence.com\/fr\/wp-json\/wp\/v2\/users\/3"}],"replies":[{"embeddable":true,"href":"https:\/\/www.texence.com\/fr\/wp-json\/wp\/v2\/comments?post=6922"}],"version-history":[{"count":21,"href":"https:\/\/www.texence.com\/fr\/wp-json\/wp\/v2\/pages\/6922\/revisions"}],"predecessor-version":[{"id":9257,"href":"https:\/\/www.texence.com\/fr\/wp-json\/wp\/v2\/pages\/6922\/revisions\/9257"}],"wp:attachment":[{"href":"https:\/\/www.texence.com\/fr\/wp-json\/wp\/v2\/media?parent=6922"}],"curies":[{"name":"wp","href":"https:\/\/api.w.org\/{rel}","templated":true}]}}