{"id":7954,"date":"2017-11-02T16:07:13","date_gmt":"2017-11-02T14:07:13","guid":{"rendered":"http:\/\/localtexence.com\/contacto\/"},"modified":"2026-01-20T16:41:03","modified_gmt":"2026-01-20T14:41:03","slug":"kontakt","status":"publish","type":"page","link":"https:\/\/www.texence.com\/de\/kontakt\/","title":{"rendered":"Kontakt"},"content":{"rendered":"<div class=\"wpb-content-wrapper\"><p>[vc_row text_style=&#8221;light&#8221; el_class=&#8221;contacto-row-contact-info&#8221; background_color=&#8221;#888b8d&#8221;][vc_column padding_size=&#8221;m-padding&#8221; width=&#8221;5\/12&#8243; css=&#8221;.vc_custom_1510937640938{padding-top: 0px !important;padding-bottom: 0px !important;}&#8221;][vc_column_text]F\u00fcr weitere Informationen zu unseren Produkten und Dienstleistungen k\u00f6nnen Sie unser Kontaktformular erreichen. Wir werden Ihnen so schnell wie m\u00f6glich auf Ihre Anfrage antworten.[\/vc_column_text][vc_empty_space][vc_column_text]<strong>MANZO BA\u00d1OS S.L.<\/strong><br \/>\n<a href=\"mailto:texence@texence.com\">texence@texence.com<\/a>[\/vc_column_text][\/vc_column][vc_column padding_size=&#8221;m-padding&#8221; width=&#8221;7\/12&#8243; css=&#8221;.vc_custom_1510938114061{padding-top: 0px !important;padding-bottom: 0px !important;}&#8221;][vc_row_inner][vc_column_inner offset=&#8221;vc_hidden-lg vc_hidden-md&#8221;][vc_column_text]<\/p>\n<h4>Formulario de contacto<\/h4>\n<p>[\/vc_column_text][\/vc_column_inner][\/vc_row_inner]\n<div class=\"wpcf7 no-js\" id=\"wpcf7-f7989-o1\" lang=\"de-DE\" dir=\"ltr\">\n<div class=\"screen-reader-response\"><p role=\"status\" aria-live=\"polite\" aria-atomic=\"true\"><\/p> <ul><\/ul><\/div>\n<form action=\"\/de\/wp-json\/wp\/v2\/pages\/7954#wpcf7-f7989-o1\" method=\"post\" class=\"wpcf7-form init\" aria-label=\"Kontaktformular\" novalidate=\"novalidate\" data-status=\"init\">\n<div style=\"display: none;\">\n<input type=\"hidden\" name=\"_wpcf7\" value=\"7989\" \/>\n<input type=\"hidden\" name=\"_wpcf7_version\" value=\"5.9.8\" \/>\n<input type=\"hidden\" name=\"_wpcf7_locale\" value=\"de_DE\" \/>\n<input type=\"hidden\" name=\"_wpcf7_unit_tag\" value=\"wpcf7-f7989-o1\" \/>\n<input type=\"hidden\" name=\"_wpcf7_container_post\" value=\"0\" \/>\n<input type=\"hidden\" name=\"_wpcf7_posted_data_hash\" value=\"\" \/>\n<input type=\"hidden\" name=\"_wpcf7_recaptcha_response\" value=\"\" \/>\n<\/div>\n<div class=\"row\">\n\t<div class=\"col col-6\">\n\t\t<p><span class=\"wpcf7-form-control-wrap\" data-name=\"your-name\"><input size=\"40\" maxlength=\"400\" class=\"wpcf7-form-control wpcf7-text wpcf7-validates-as-required\" aria-required=\"true\" aria-invalid=\"false\" placeholder=\"Name *\" value=\"\" type=\"text\" name=\"your-name\" \/><\/span>\n\t\t<\/p>\n\t<\/div>\n\t<div class=\"col col-6\">\n\t\t<p><span class=\"wpcf7-form-control-wrap\" data-name=\"your-email\"><input size=\"40\" maxlength=\"400\" class=\"wpcf7-form-control wpcf7-email wpcf7-validates-as-required wpcf7-text wpcf7-validates-as-email\" aria-required=\"true\" aria-invalid=\"false\" placeholder=\"E-Mail-Adresse *\" value=\"\" type=\"email\" name=\"your-email\" \/><\/span>\n\t\t<\/p>\n\t<\/div>\n\t<div class=\"col col-6\">\n\t\t<p><span class=\"wpcf7-form-control-wrap\" data-name=\"your-phone\"><input size=\"40\" maxlength=\"400\" class=\"wpcf7-form-control wpcf7-tel wpcf7-validates-as-required wpcf7-text wpcf7-validates-as-tel\" aria-required=\"true\" aria-invalid=\"false\" placeholder=\"Telefon *\" value=\"\" type=\"tel\" name=\"your-phone\" \/><\/span>\n\t\t<\/p>\n\t<\/div>\n\t<div class=\"col col-6\">\n\t\t<p><span class=\"wpcf7-form-control-wrap\" data-name=\"your-subject\"><input size=\"40\" maxlength=\"400\" class=\"wpcf7-form-control wpcf7-text wpcf7-validates-as-required\" aria-required=\"true\" aria-invalid=\"false\" placeholder=\"Betreff *\" value=\"\" type=\"text\" name=\"your-subject\" \/><\/span>\n\t\t<\/p>\n\t<\/div>\n<\/div>\n<div class=\"row\">\n\t<div class=\"col col-12\">\n\t\t<p><span class=\"wpcf7-form-control-wrap\" data-name=\"your-message\"><textarea cols=\"40\" rows=\"6\" maxlength=\"2000\" class=\"wpcf7-form-control wpcf7-textarea wpcf7-validates-as-required\" aria-required=\"true\" aria-invalid=\"false\" placeholder=\"Nachricht *\" name=\"your-message\"><\/textarea><\/span>\n\t\t<\/p>\n\t<\/div>\n\t<div class=\"col col-12\" style=\"text-align:left;\">\n\t\t<p class=\"acceptance\"><span class=\"accept-option\"><span class=\"wpcf7-form-control-wrap\" data-name=\"acceptance-terminos\"><span class=\"wpcf7-form-control wpcf7-acceptance\"><span class=\"wpcf7-list-item\"><input type=\"checkbox\" name=\"acceptance-terminos\" value=\"1\" aria-invalid=\"false\" \/><\/span><\/span><\/span> Ich akzeptiere die allgemeinen Gesch\u00e4ftsbedingungen der <\/span><a class=\"accept-option\" href=\"https:\/\/www.texence.com\/de\/datenschutzrichtlinie\/\" target=\"_blank\">Datenschutzrichtlinie<\/a>\n\t\t<\/p>\n\t<\/div>\n\t<div class=\"col col-12\" style=\"text-align:left;\">\n\t\t<p><input type=\"submit\" value=\"Nachricht senden\" style=\"margin-top:0;\" \/>\n\t\t<\/p>\n\t<\/div>\n<\/div><div class=\"wpcf7-response-output\" aria-hidden=\"true\"><\/div>\n<\/form>\n<\/div>\n[\/vc_column][\/vc_row][vc_row row_style=&#8221;full-width&#8221; padding_size=&#8221;no-padding&#8221; disable_element=&#8221;yes&#8221;][vc_column padding_size=&#8221;no-padding&#8221; offset=&#8221;vc_hidden-md vc_hidden-sm vc_hidden-xs&#8221;][vc_single_image alignment=&#8221;center&#8221; onclick=&#8221;custom_link&#8221; link_target=&#8221;_blank&#8221; image=&#8221;9216&#8243; link=&#8221;https:\/\/maps.app.goo.gl\/yB3DVD5LfR5UyjcDA&#8221;][\/vc_column][\/vc_row]<\/p>\n<\/div>","protected":false},"excerpt":{"rendered":"<p>[vc_row text_style=&#8221;light&#8221; el_class=&#8221;contacto-row-contact-info&#8221; background_color=&#8221;#888b8d&#8221;][vc_column padding_size=&#8221;m-padding&#8221; width=&#8221;5\/12&#8243; css=&#8221;.vc_custom_1510937640938{padding-top: 0px !important;padding-bottom: 0px !important;}&#8221;][vc_column_text]F\u00fcr weitere Informationen zu unseren Produkten und Dienstleistungen k\u00f6nnen Sie unser Kontaktformular erreichen. Wir werden Ihnen so schnell wie m\u00f6glich auf Ihre Anfrage antworten.[\/vc_column_text][vc_empty_space][vc_column_text]MANZO BA\u00d1OS S.L. texence@texence.com[\/vc_column_text][\/vc_column][vc_column padding_size=&#8221;m-padding&#8221; width=&#8221;7\/12&#8243; css=&#8221;.vc_custom_1510938114061{padding-top: 0px !important;padding-bottom: 0px !important;}&#8221;][vc_row_inner][vc_column_inner offset=&#8221;vc_hidden-lg vc_hidden-md&#8221;][vc_column_text] Formulario de contacto [\/vc_column_text][\/vc_column_inner][\/vc_row_inner][\/vc_column][\/vc_row][vc_row row_style=&#8221;full-width&#8221; padding_size=&#8221;no-padding&#8221; disable_element=&#8221;yes&#8221;][vc_column padding_size=&#8221;no-padding&#8221; offset=&#8221;vc_hidden-md [&hellip;]<\/p>\n","protected":false},"author":3,"featured_media":0,"parent":0,"menu_order":0,"comment_status":"closed","ping_status":"closed","template":"","meta":{"footnotes":""},"class_list":["post-7954","page","type-page","status-publish","hentry"],"yoast_head":"<!-- This site is optimized with the Yoast SEO plugin v23.3 - https:\/\/yoast.com\/wordpress\/plugins\/seo\/ -->\n<title>Kontaktieren Sie uns | TEXENCE<\/title>\n<meta name=\"description\" content=\"F\u00fcr weitere Informationen zu unseren Duschwannen und unseren ma\u00dfgeschneiderten Fertigungs- und Anpassungsdienstleistungen k\u00f6nnen Sie uns hier kontaktieren.\" \/>\n<meta name=\"robots\" content=\"index, follow, max-snippet:-1, max-image-preview:large, max-video-preview:-1\" \/>\n<link rel=\"canonical\" href=\"https:\/\/www.texence.com\/de\/kontakt\/\" \/>\n<meta property=\"og:locale\" content=\"de_DE\" \/>\n<meta property=\"og:type\" content=\"article\" \/>\n<meta property=\"og:title\" content=\"Kontaktieren Sie uns | TEXENCE\" \/>\n<meta property=\"og:description\" content=\"F\u00fcr weitere Informationen zu unseren Duschwannen und unseren ma\u00dfgeschneiderten Fertigungs- und Anpassungsdienstleistungen k\u00f6nnen Sie uns hier kontaktieren.\" \/>\n<meta property=\"og:url\" content=\"https:\/\/www.texence.com\/de\/kontakt\/\" \/>\n<meta property=\"og:site_name\" content=\"TEXENCE\" \/>\n<meta property=\"article:modified_time\" content=\"2026-01-20T14:41:03+00:00\" \/>\n<meta name=\"twitter:card\" content=\"summary_large_image\" \/>\n<meta name=\"twitter:label1\" content=\"Gesch\u00e4tzte Lesezeit\" \/>\n\t<meta name=\"twitter:data1\" content=\"1\u00a0Minute\" \/>\n<script type=\"application\/ld+json\" class=\"yoast-schema-graph\">{\"@context\":\"https:\/\/schema.org\",\"@graph\":[{\"@type\":\"WebPage\",\"@id\":\"https:\/\/www.texence.com\/de\/kontakt\/\",\"url\":\"https:\/\/www.texence.com\/de\/kontakt\/\",\"name\":\"Kontaktieren Sie uns | TEXENCE\",\"isPartOf\":{\"@id\":\"https:\/\/www.texence.com\/#website\"},\"datePublished\":\"2017-11-02T14:07:13+00:00\",\"dateModified\":\"2026-01-20T14:41:03+00:00\",\"description\":\"F\u00fcr weitere Informationen zu unseren Duschwannen und unseren ma\u00dfgeschneiderten Fertigungs- und Anpassungsdienstleistungen k\u00f6nnen Sie uns hier kontaktieren.\",\"breadcrumb\":{\"@id\":\"https:\/\/www.texence.com\/de\/kontakt\/#breadcrumb\"},\"inLanguage\":\"de\",\"potentialAction\":[{\"@type\":\"ReadAction\",\"target\":[\"https:\/\/www.texence.com\/de\/kontakt\/\"]}]},{\"@type\":\"BreadcrumbList\",\"@id\":\"https:\/\/www.texence.com\/de\/kontakt\/#breadcrumb\",\"itemListElement\":[{\"@type\":\"ListItem\",\"position\":1,\"name\":\"Portada\",\"item\":\"https:\/\/www.texence.com\/de\/\"},{\"@type\":\"ListItem\",\"position\":2,\"name\":\"Kontakt\"}]},{\"@type\":\"WebSite\",\"@id\":\"https:\/\/www.texence.com\/#website\",\"url\":\"https:\/\/www.texence.com\/\",\"name\":\"TEXENCE\",\"description\":\"\",\"publisher\":{\"@id\":\"https:\/\/www.texence.com\/#organization\"},\"potentialAction\":[{\"@type\":\"SearchAction\",\"target\":{\"@type\":\"EntryPoint\",\"urlTemplate\":\"https:\/\/www.texence.com\/?s={search_term_string}\"},\"query-input\":\"required name=search_term_string\"}],\"inLanguage\":\"de\"},{\"@type\":\"Organization\",\"@id\":\"https:\/\/www.texence.com\/#organization\",\"name\":\"texence\",\"url\":\"https:\/\/www.texence.com\/\",\"logo\":{\"@type\":\"ImageObject\",\"inLanguage\":\"de\",\"@id\":\"https:\/\/www.texence.com\/#\/schema\/logo\/image\/\",\"url\":\"https:\/\/www.texence.com\/wp-content\/uploads\/2017\/03\/logo-gris-98.png\",\"contentUrl\":\"https:\/\/www.texence.com\/wp-content\/uploads\/2017\/03\/logo-gris-98.png\",\"width\":129,\"height\":47,\"caption\":\"texence\"},\"image\":{\"@id\":\"https:\/\/www.texence.com\/#\/schema\/logo\/image\/\"}}]}<\/script>\n<!-- \/ Yoast SEO plugin. -->","yoast_head_json":{"title":"Kontaktieren Sie uns | TEXENCE","description":"F\u00fcr weitere Informationen zu unseren Duschwannen und unseren ma\u00dfgeschneiderten Fertigungs- und Anpassungsdienstleistungen k\u00f6nnen Sie uns hier kontaktieren.","robots":{"index":"index","follow":"follow","max-snippet":"max-snippet:-1","max-image-preview":"max-image-preview:large","max-video-preview":"max-video-preview:-1"},"canonical":"https:\/\/www.texence.com\/de\/kontakt\/","og_locale":"de_DE","og_type":"article","og_title":"Kontaktieren Sie uns | TEXENCE","og_description":"F\u00fcr weitere Informationen zu unseren Duschwannen und unseren ma\u00dfgeschneiderten Fertigungs- und Anpassungsdienstleistungen k\u00f6nnen Sie uns hier kontaktieren.","og_url":"https:\/\/www.texence.com\/de\/kontakt\/","og_site_name":"TEXENCE","article_modified_time":"2026-01-20T14:41:03+00:00","twitter_card":"summary_large_image","twitter_misc":{"Gesch\u00e4tzte Lesezeit":"1\u00a0Minute"},"schema":{"@context":"https:\/\/schema.org","@graph":[{"@type":"WebPage","@id":"https:\/\/www.texence.com\/de\/kontakt\/","url":"https:\/\/www.texence.com\/de\/kontakt\/","name":"Kontaktieren Sie uns | TEXENCE","isPartOf":{"@id":"https:\/\/www.texence.com\/#website"},"datePublished":"2017-11-02T14:07:13+00:00","dateModified":"2026-01-20T14:41:03+00:00","description":"F\u00fcr weitere Informationen zu unseren Duschwannen und unseren ma\u00dfgeschneiderten Fertigungs- und Anpassungsdienstleistungen k\u00f6nnen Sie uns hier kontaktieren.","breadcrumb":{"@id":"https:\/\/www.texence.com\/de\/kontakt\/#breadcrumb"},"inLanguage":"de","potentialAction":[{"@type":"ReadAction","target":["https:\/\/www.texence.com\/de\/kontakt\/"]}]},{"@type":"BreadcrumbList","@id":"https:\/\/www.texence.com\/de\/kontakt\/#breadcrumb","itemListElement":[{"@type":"ListItem","position":1,"name":"Portada","item":"https:\/\/www.texence.com\/de\/"},{"@type":"ListItem","position":2,"name":"Kontakt"}]},{"@type":"WebSite","@id":"https:\/\/www.texence.com\/#website","url":"https:\/\/www.texence.com\/","name":"TEXENCE","description":"","publisher":{"@id":"https:\/\/www.texence.com\/#organization"},"potentialAction":[{"@type":"SearchAction","target":{"@type":"EntryPoint","urlTemplate":"https:\/\/www.texence.com\/?s={search_term_string}"},"query-input":"required name=search_term_string"}],"inLanguage":"de"},{"@type":"Organization","@id":"https:\/\/www.texence.com\/#organization","name":"texence","url":"https:\/\/www.texence.com\/","logo":{"@type":"ImageObject","inLanguage":"de","@id":"https:\/\/www.texence.com\/#\/schema\/logo\/image\/","url":"https:\/\/www.texence.com\/wp-content\/uploads\/2017\/03\/logo-gris-98.png","contentUrl":"https:\/\/www.texence.com\/wp-content\/uploads\/2017\/03\/logo-gris-98.png","width":129,"height":47,"caption":"texence"},"image":{"@id":"https:\/\/www.texence.com\/#\/schema\/logo\/image\/"}}]}},"_links":{"self":[{"href":"https:\/\/www.texence.com\/de\/wp-json\/wp\/v2\/pages\/7954"}],"collection":[{"href":"https:\/\/www.texence.com\/de\/wp-json\/wp\/v2\/pages"}],"about":[{"href":"https:\/\/www.texence.com\/de\/wp-json\/wp\/v2\/types\/page"}],"author":[{"embeddable":true,"href":"https:\/\/www.texence.com\/de\/wp-json\/wp\/v2\/users\/3"}],"replies":[{"embeddable":true,"href":"https:\/\/www.texence.com\/de\/wp-json\/wp\/v2\/comments?post=7954"}],"version-history":[{"count":10,"href":"https:\/\/www.texence.com\/de\/wp-json\/wp\/v2\/pages\/7954\/revisions"}],"predecessor-version":[{"id":9262,"href":"https:\/\/www.texence.com\/de\/wp-json\/wp\/v2\/pages\/7954\/revisions\/9262"}],"wp:attachment":[{"href":"https:\/\/www.texence.com\/de\/wp-json\/wp\/v2\/media?parent=7954"}],"curies":[{"name":"wp","href":"https:\/\/api.w.org\/{rel}","templated":true}]}}