{"id":7933,"date":"2017-11-02T12:38:50","date_gmt":"2017-11-02T10:38:50","guid":{"rendered":"http:\/\/localtexence.com\/rejillas\/"},"modified":"2018-01-11T07:35:56","modified_gmt":"2018-01-11T05:35:56","slug":"ablaufgitter","status":"publish","type":"page","link":"https:\/\/www.texence.com\/de\/ablaufgitter\/","title":{"rendered":"Ablaufgitter"},"content":{"rendered":"<div class=\"wpb-content-wrapper\"><p>[vc_row row_style=&#8221;full-width&#8221; padding_size=&#8221;no-padding&#8221; background_position=&#8221;center bottom&#8221; parallax=&#8221;reverse&#8221; background_image=&#8221;7180&#8243; bg_image_url=&#8221;https:\/\/www.texence.com\/wp-content\/uploads\/2017\/11\/rejillas-header-150&#215;150.jpg&#8221;][vc_column][vc_empty_space height=&#8221;500px&#8221; el_class=&#8221;row-header-empty-space&#8221;][\/vc_column][\/vc_row][vc_row padding_size=&#8221;no-padding&#8221; css=&#8221;.vc_custom_1509472502154{margin-top: 50px !important;}&#8221; el_class=&#8221;row-header-content&#8221;][vc_column padding_size=&#8221;s-padding&#8221; width=&#8221;1\/2&#8243;][vc_single_image image=&#8221;7181&#8243;][vc_empty_space][vc_column_text]Bei TEXENCE sind Design und Technologie unzertrennlich miteinander verbunden. TEXENCE bietet Ihnen eine umfangreiche Palette an funktionellen Design-Abl\u00e4ufen f\u00fcr optimalen Wasserabfluss.[\/vc_column_text][\/vc_column][vc_column padding_size=&#8221;s-padding&#8221; width=&#8221;1\/2&#8243; offset=&#8221;vc_hidden-lg vc_hidden-md vc_hidden-sm vc_hidden-xs&#8221;][\/vc_column][\/vc_row][vc_row row_style=&#8221;full-width&#8221; equal_height=&#8221;true&#8221; vertical_align=&#8221;middle&#8221; padding_size=&#8221;s-padding&#8221; el_class=&#8221;row-slider&#8221;][vc_column padding_size=&#8221;no-padding&#8221;]\n\t\t\t<!-- START GaleriaRejillas REVOLUTION SLIDER 6.7.15 --><p class=\"rs-p-wp-fix\"><\/p>\n\t\t\t<rs-module-wrap id=\"rev_slider_19_1_wrapper\" data-source=\"gallery\" style=\"visibility:hidden;background:#111111;padding:0;margin:0px auto;margin-top:0;margin-bottom:0;\">\n\t\t\t\t<rs-module id=\"rev_slider_19_1\" style=\"\" data-version=\"6.7.15\">\n\t\t\t\t\t<rs-slides style=\"overflow: hidden; position: absolute;\">\n\t\t\t\t\t\t<rs-slide style=\"position: absolute;\" data-key=\"rs-60\" data-title=\"rejillas-01\" data-thumb=\"\/\/www.texence.com\/wp-content\/uploads\/2017\/12\/01-rejilla-square-dots-100x50.jpg\" data-anim=\"adpr:false;\">\n\t\t\t\t\t\t\t<img decoding=\"async\" src=\"\/\/www.texence.com\/wp-content\/plugins\/revslider\/sr6\/assets\/assets\/dummy.png\" alt=\"\" title=\"Ablaufgitter\" class=\"rev-slidebg tp-rs-img rs-lazyload\" data-lazyload=\"\/\/www.texence.com\/wp-content\/uploads\/2017\/12\/01-rejilla-square-dots.jpg\" data-parallax=\"10\" data-no-retina>\n<!---->\t\t\t\t\t<\/rs-slide>\n\t\t\t\t\t\t<rs-slide style=\"position: absolute;\" data-key=\"rs-61\" data-title=\"rejillas-02\" data-thumb=\"\/\/www.texence.com\/wp-content\/uploads\/2017\/12\/02-rejilla-square-corner-100x50.jpg\" data-anim=\"adpr:false;\">\n\t\t\t\t\t\t\t<img decoding=\"async\" src=\"\/\/www.texence.com\/wp-content\/plugins\/revslider\/sr6\/assets\/assets\/dummy.png\" alt=\"\" title=\"Ablaufgitter\" class=\"rev-slidebg tp-rs-img rs-lazyload\" data-lazyload=\"\/\/www.texence.com\/wp-content\/uploads\/2017\/12\/02-rejilla-square-corner.jpg\" data-parallax=\"10\" data-no-retina>\n<!---->\t\t\t\t\t<\/rs-slide>\n\t\t\t\t\t\t<rs-slide style=\"position: absolute;\" data-key=\"rs-62\" data-title=\"rejillas-03\" data-thumb=\"\/\/www.texence.com\/wp-content\/uploads\/2017\/12\/03-rejilla-square-lines-100x50.jpg\" data-anim=\"adpr:false;\">\n\t\t\t\t\t\t\t<img decoding=\"async\" src=\"\/\/www.texence.com\/wp-content\/plugins\/revslider\/sr6\/assets\/assets\/dummy.png\" alt=\"\" title=\"Ablaufgitter\" class=\"rev-slidebg tp-rs-img rs-lazyload\" data-lazyload=\"\/\/www.texence.com\/wp-content\/uploads\/2017\/12\/03-rejilla-square-lines.jpg\" data-parallax=\"10\" data-no-retina>\n<!---->\t\t\t\t\t<\/rs-slide>\n\t\t\t\t\t\t<rs-slide style=\"position: absolute;\" data-key=\"rs-63\" data-title=\"rejillas-04\" data-thumb=\"\/\/www.texence.com\/wp-content\/uploads\/2017\/12\/04-rejilla-double-square-dots-100x50.jpg\" data-anim=\"adpr:false;\">\n\t\t\t\t\t\t\t<img decoding=\"async\" src=\"\/\/www.texence.com\/wp-content\/plugins\/revslider\/sr6\/assets\/assets\/dummy.png\" alt=\"\" title=\"Ablaufgitter\" class=\"rev-slidebg tp-rs-img rs-lazyload\" data-lazyload=\"\/\/www.texence.com\/wp-content\/uploads\/2017\/12\/04-rejilla-double-square-dots.jpg\" data-parallax=\"10\" data-no-retina>\n<!---->\t\t\t\t\t<\/rs-slide>\n\t\t\t\t\t\t<rs-slide style=\"position: absolute;\" data-key=\"rs-64\" data-title=\"rejillas-05\" data-thumb=\"\/\/www.texence.com\/wp-content\/uploads\/2017\/12\/05-rejilla-double-square-corner-100x50.jpg\" data-anim=\"adpr:false;\">\n\t\t\t\t\t\t\t<img decoding=\"async\" src=\"\/\/www.texence.com\/wp-content\/plugins\/revslider\/sr6\/assets\/assets\/dummy.png\" alt=\"\" title=\"Ablaufgitter\" class=\"rev-slidebg tp-rs-img rs-lazyload\" data-lazyload=\"\/\/www.texence.com\/wp-content\/uploads\/2017\/12\/05-rejilla-double-square-corner.jpg\" data-parallax=\"10\" data-no-retina>\n<!---->\t\t\t\t\t<\/rs-slide>\n\t\t\t\t\t\t<rs-slide style=\"position: absolute;\" data-key=\"rs-65\" data-title=\"rejillas-06\" data-thumb=\"\/\/www.texence.com\/wp-content\/uploads\/2017\/12\/06-rejilla-double-square-lines-100x50.jpg\" data-anim=\"adpr:false;\">\n\t\t\t\t\t\t\t<img decoding=\"async\" src=\"\/\/www.texence.com\/wp-content\/plugins\/revslider\/sr6\/assets\/assets\/dummy.png\" alt=\"\" title=\"Ablaufgitter\" class=\"rev-slidebg tp-rs-img rs-lazyload\" data-lazyload=\"\/\/www.texence.com\/wp-content\/uploads\/2017\/12\/06-rejilla-double-square-lines.jpg\" data-parallax=\"10\" data-no-retina>\n<!---->\t\t\t\t\t<\/rs-slide>\n\t\t\t\t\t<\/rs-slides>\n\t\t\t\t<\/rs-module>\n\t\t\t\t<script>\n\t\t\t\t\tsetREVStartSize({c: 'rev_slider_19_1',rl:[1240,1024,1024,1024],el:[],gw:[1240,1024,1024,1024],gh:[900,768,768,768],type:'standard',justify:'',layout:'fullwidth',mh:\"0\"});if (window.RS_MODULES!==undefined && window.RS_MODULES.modules!==undefined && window.RS_MODULES.modules[\"revslider191\"]!==undefined) {window.RS_MODULES.modules[\"revslider191\"].once = false;window.revapi19 = undefined;if (window.RS_MODULES.checkMinimal!==undefined) window.RS_MODULES.checkMinimal()}\n\t\t\t\t<\/script>\n\t\t\t<\/rs-module-wrap>\n\t\t\t<!-- END REVOLUTION SLIDER -->\n[\/vc_column][\/vc_row][vc_row padding_size=&#8221;m-padding&#8221; el_class=&#8221;row-tipos-texturas&#8221;][vc_column padding_size=&#8221;s-padding&#8221; width=&#8221;1\/3&#8243;][vc_column_text]TEXENCE <strong>01. SQUARE DOTS<\/strong>[\/vc_column_text][wyde_separator el_width=&#8221;100%&#8221; color=&#8221;#555555&#8243;][vc_empty_space height=&#8221;20px&#8221;][vc_single_image alignment=&#8221;center&#8221; image=&#8221;7182&#8243;][\/vc_column][vc_column padding_size=&#8221;s-padding&#8221; width=&#8221;1\/3&#8243;][vc_column_text]TEXENCE <strong>02. SQUARE CORNER<\/strong>[\/vc_column_text][wyde_separator el_width=&#8221;100%&#8221; color=&#8221;#555555&#8243;][vc_empty_space height=&#8221;20px&#8221;][vc_single_image alignment=&#8221;center&#8221; image=&#8221;7183&#8243;][\/vc_column][vc_column padding_size=&#8221;s-padding&#8221; width=&#8221;1\/3&#8243;][vc_column_text]TEXENCE <strong>03. SQUARE LINES<\/strong>[\/vc_column_text][wyde_separator el_width=&#8221;100%&#8221; color=&#8221;#555555&#8243;][vc_empty_space height=&#8221;20px&#8221;][vc_single_image alignment=&#8221;center&#8221; image=&#8221;7184&#8243;][\/vc_column][\/vc_row][vc_row padding_size=&#8221;m-padding&#8221; el_class=&#8221;row-tipos-texturas&#8221; css=&#8221;.vc_custom_1514133764032{margin-top: 30px !important;margin-bottom: 30px !important;}&#8221;][vc_column padding_size=&#8221;s-padding&#8221; width=&#8221;1\/3&#8243;][vc_column_text]TEXENCE <strong>01. DOUBLE SQUARE DOTS<\/strong>[\/vc_column_text][wyde_separator el_width=&#8221;100%&#8221; color=&#8221;#555555&#8243;][vc_empty_space height=&#8221;20px&#8221;][vc_single_image alignment=&#8221;center&#8221; image=&#8221;7196&#8243;][\/vc_column][vc_column padding_size=&#8221;s-padding&#8221; width=&#8221;1\/3&#8243;][vc_column_text]TEXENCE <strong>02. DOUBLE SQUARE CORNER<\/strong>[\/vc_column_text][wyde_separator el_width=&#8221;100%&#8221; color=&#8221;#555555&#8243;][vc_empty_space height=&#8221;20px&#8221;][vc_single_image alignment=&#8221;center&#8221; image=&#8221;7197&#8243;][\/vc_column][vc_column padding_size=&#8221;s-padding&#8221; width=&#8221;1\/3&#8243;][vc_column_text]TEXENCE <strong>03. DOUBLE SQUARE LINES<\/strong>[\/vc_column_text][wyde_separator el_width=&#8221;100%&#8221; color=&#8221;#555555&#8243;][vc_empty_space height=&#8221;20px&#8221;][vc_single_image alignment=&#8221;center&#8221; image=&#8221;7198&#8243;][\/vc_column][\/vc_row]<\/p>\n<\/div>","protected":false},"excerpt":{"rendered":"<p>[vc_row row_style=&#8221;full-width&#8221; padding_size=&#8221;no-padding&#8221; background_position=&#8221;center bottom&#8221; parallax=&#8221;reverse&#8221; background_image=&#8221;7180&#8243; bg_image_url=&#8221;https:\/\/www.texence.com\/wp-content\/uploads\/2017\/11\/rejillas-header-150&#215;150.jpg&#8221;][vc_column][vc_empty_space height=&#8221;500px&#8221; el_class=&#8221;row-header-empty-space&#8221;][\/vc_column][\/vc_row][vc_row padding_size=&#8221;no-padding&#8221; css=&#8221;.vc_custom_1509472502154{margin-top: 50px !important;}&#8221; el_class=&#8221;row-header-content&#8221;][vc_column padding_size=&#8221;s-padding&#8221; width=&#8221;1\/2&#8243;][vc_single_image image=&#8221;7181&#8243;][vc_empty_space][vc_column_text]Bei TEXENCE sind Design und Technologie unzertrennlich miteinander verbunden. TEXENCE bietet Ihnen eine umfangreiche Palette an funktionellen Design-Abl\u00e4ufen f\u00fcr optimalen Wasserabfluss.[\/vc_column_text][\/vc_column][vc_column padding_size=&#8221;s-padding&#8221; width=&#8221;1\/2&#8243; offset=&#8221;vc_hidden-lg vc_hidden-md vc_hidden-sm vc_hidden-xs&#8221;][\/vc_column][\/vc_row][vc_row row_style=&#8221;full-width&#8221; equal_height=&#8221;true&#8221; vertical_align=&#8221;middle&#8221; padding_size=&#8221;s-padding&#8221; el_class=&#8221;row-slider&#8221;][vc_column padding_size=&#8221;no-padding&#8221;][\/vc_column][\/vc_row][vc_row padding_size=&#8221;m-padding&#8221; el_class=&#8221;row-tipos-texturas&#8221;][vc_column padding_size=&#8221;s-padding&#8221; width=&#8221;1\/3&#8243;][vc_column_text]TEXENCE 01. [&hellip;]<\/p>\n","protected":false},"author":3,"featured_media":0,"parent":0,"menu_order":0,"comment_status":"closed","ping_status":"closed","template":"","meta":{"footnotes":""},"class_list":["post-7933","page","type-page","status-publish","hentry"],"yoast_head":"<!-- This site is optimized with the Yoast SEO plugin v23.3 - https:\/\/yoast.com\/wordpress\/plugins\/seo\/ -->\n<title>Dekorative Accessoires Duschwanne | TEXENCE<\/title>\n<meta name=\"description\" content=\"Texence bietet eine gro\u00dfe Auswahl an Gittern mit verschiedenen funktionalen Designs f\u00fcr die richtige Entw\u00e4sserung.\" \/>\n<meta name=\"robots\" content=\"index, follow, max-snippet:-1, max-image-preview:large, max-video-preview:-1\" \/>\n<link rel=\"canonical\" href=\"https:\/\/www.texence.com\/de\/ablaufgitter\/\" \/>\n<meta property=\"og:locale\" content=\"de_DE\" \/>\n<meta property=\"og:type\" content=\"article\" \/>\n<meta property=\"og:title\" content=\"Dekorative Accessoires Duschwanne | TEXENCE\" \/>\n<meta property=\"og:description\" content=\"Texence bietet eine gro\u00dfe Auswahl an Gittern mit verschiedenen funktionalen Designs f\u00fcr die richtige Entw\u00e4sserung.\" \/>\n<meta property=\"og:url\" content=\"https:\/\/www.texence.com\/de\/ablaufgitter\/\" \/>\n<meta property=\"og:site_name\" content=\"TEXENCE\" \/>\n<meta property=\"article:modified_time\" content=\"2018-01-11T05:35:56+00:00\" \/>\n<meta name=\"twitter:card\" content=\"summary_large_image\" \/>\n<meta name=\"twitter:label1\" content=\"Gesch\u00e4tzte Lesezeit\" \/>\n\t<meta name=\"twitter:data1\" content=\"2\u00a0Minuten\" \/>\n<script type=\"application\/ld+json\" class=\"yoast-schema-graph\">{\"@context\":\"https:\/\/schema.org\",\"@graph\":[{\"@type\":\"WebPage\",\"@id\":\"https:\/\/www.texence.com\/de\/ablaufgitter\/\",\"url\":\"https:\/\/www.texence.com\/de\/ablaufgitter\/\",\"name\":\"Dekorative Accessoires Duschwanne | TEXENCE\",\"isPartOf\":{\"@id\":\"https:\/\/www.texence.com\/#website\"},\"datePublished\":\"2017-11-02T10:38:50+00:00\",\"dateModified\":\"2018-01-11T05:35:56+00:00\",\"description\":\"Texence bietet eine gro\u00dfe Auswahl an Gittern mit verschiedenen funktionalen Designs f\u00fcr die richtige Entw\u00e4sserung.\",\"breadcrumb\":{\"@id\":\"https:\/\/www.texence.com\/de\/ablaufgitter\/#breadcrumb\"},\"inLanguage\":\"de\",\"potentialAction\":[{\"@type\":\"ReadAction\",\"target\":[\"https:\/\/www.texence.com\/de\/ablaufgitter\/\"]}]},{\"@type\":\"BreadcrumbList\",\"@id\":\"https:\/\/www.texence.com\/de\/ablaufgitter\/#breadcrumb\",\"itemListElement\":[{\"@type\":\"ListItem\",\"position\":1,\"name\":\"Portada\",\"item\":\"https:\/\/www.texence.com\/de\/\"},{\"@type\":\"ListItem\",\"position\":2,\"name\":\"Ablaufgitter\"}]},{\"@type\":\"WebSite\",\"@id\":\"https:\/\/www.texence.com\/#website\",\"url\":\"https:\/\/www.texence.com\/\",\"name\":\"TEXENCE\",\"description\":\"\",\"publisher\":{\"@id\":\"https:\/\/www.texence.com\/#organization\"},\"potentialAction\":[{\"@type\":\"SearchAction\",\"target\":{\"@type\":\"EntryPoint\",\"urlTemplate\":\"https:\/\/www.texence.com\/?s={search_term_string}\"},\"query-input\":\"required name=search_term_string\"}],\"inLanguage\":\"de\"},{\"@type\":\"Organization\",\"@id\":\"https:\/\/www.texence.com\/#organization\",\"name\":\"texence\",\"url\":\"https:\/\/www.texence.com\/\",\"logo\":{\"@type\":\"ImageObject\",\"inLanguage\":\"de\",\"@id\":\"https:\/\/www.texence.com\/#\/schema\/logo\/image\/\",\"url\":\"https:\/\/www.texence.com\/wp-content\/uploads\/2017\/03\/logo-gris-98.png\",\"contentUrl\":\"https:\/\/www.texence.com\/wp-content\/uploads\/2017\/03\/logo-gris-98.png\",\"width\":129,\"height\":47,\"caption\":\"texence\"},\"image\":{\"@id\":\"https:\/\/www.texence.com\/#\/schema\/logo\/image\/\"}}]}<\/script>\n<!-- \/ Yoast SEO plugin. -->","yoast_head_json":{"title":"Dekorative Accessoires Duschwanne | TEXENCE","description":"Texence bietet eine gro\u00dfe Auswahl an Gittern mit verschiedenen funktionalen Designs f\u00fcr die richtige Entw\u00e4sserung.","robots":{"index":"index","follow":"follow","max-snippet":"max-snippet:-1","max-image-preview":"max-image-preview:large","max-video-preview":"max-video-preview:-1"},"canonical":"https:\/\/www.texence.com\/de\/ablaufgitter\/","og_locale":"de_DE","og_type":"article","og_title":"Dekorative Accessoires Duschwanne | TEXENCE","og_description":"Texence bietet eine gro\u00dfe Auswahl an Gittern mit verschiedenen funktionalen Designs f\u00fcr die richtige Entw\u00e4sserung.","og_url":"https:\/\/www.texence.com\/de\/ablaufgitter\/","og_site_name":"TEXENCE","article_modified_time":"2018-01-11T05:35:56+00:00","twitter_card":"summary_large_image","twitter_misc":{"Gesch\u00e4tzte Lesezeit":"2\u00a0Minuten"},"schema":{"@context":"https:\/\/schema.org","@graph":[{"@type":"WebPage","@id":"https:\/\/www.texence.com\/de\/ablaufgitter\/","url":"https:\/\/www.texence.com\/de\/ablaufgitter\/","name":"Dekorative Accessoires Duschwanne | TEXENCE","isPartOf":{"@id":"https:\/\/www.texence.com\/#website"},"datePublished":"2017-11-02T10:38:50+00:00","dateModified":"2018-01-11T05:35:56+00:00","description":"Texence bietet eine gro\u00dfe Auswahl an Gittern mit verschiedenen funktionalen Designs f\u00fcr die richtige Entw\u00e4sserung.","breadcrumb":{"@id":"https:\/\/www.texence.com\/de\/ablaufgitter\/#breadcrumb"},"inLanguage":"de","potentialAction":[{"@type":"ReadAction","target":["https:\/\/www.texence.com\/de\/ablaufgitter\/"]}]},{"@type":"BreadcrumbList","@id":"https:\/\/www.texence.com\/de\/ablaufgitter\/#breadcrumb","itemListElement":[{"@type":"ListItem","position":1,"name":"Portada","item":"https:\/\/www.texence.com\/de\/"},{"@type":"ListItem","position":2,"name":"Ablaufgitter"}]},{"@type":"WebSite","@id":"https:\/\/www.texence.com\/#website","url":"https:\/\/www.texence.com\/","name":"TEXENCE","description":"","publisher":{"@id":"https:\/\/www.texence.com\/#organization"},"potentialAction":[{"@type":"SearchAction","target":{"@type":"EntryPoint","urlTemplate":"https:\/\/www.texence.com\/?s={search_term_string}"},"query-input":"required name=search_term_string"}],"inLanguage":"de"},{"@type":"Organization","@id":"https:\/\/www.texence.com\/#organization","name":"texence","url":"https:\/\/www.texence.com\/","logo":{"@type":"ImageObject","inLanguage":"de","@id":"https:\/\/www.texence.com\/#\/schema\/logo\/image\/","url":"https:\/\/www.texence.com\/wp-content\/uploads\/2017\/03\/logo-gris-98.png","contentUrl":"https:\/\/www.texence.com\/wp-content\/uploads\/2017\/03\/logo-gris-98.png","width":129,"height":47,"caption":"texence"},"image":{"@id":"https:\/\/www.texence.com\/#\/schema\/logo\/image\/"}}]}},"_links":{"self":[{"href":"https:\/\/www.texence.com\/de\/wp-json\/wp\/v2\/pages\/7933"}],"collection":[{"href":"https:\/\/www.texence.com\/de\/wp-json\/wp\/v2\/pages"}],"about":[{"href":"https:\/\/www.texence.com\/de\/wp-json\/wp\/v2\/types\/page"}],"author":[{"embeddable":true,"href":"https:\/\/www.texence.com\/de\/wp-json\/wp\/v2\/users\/3"}],"replies":[{"embeddable":true,"href":"https:\/\/www.texence.com\/de\/wp-json\/wp\/v2\/comments?post=7933"}],"version-history":[{"count":4,"href":"https:\/\/www.texence.com\/de\/wp-json\/wp\/v2\/pages\/7933\/revisions"}],"predecessor-version":[{"id":8021,"href":"https:\/\/www.texence.com\/de\/wp-json\/wp\/v2\/pages\/7933\/revisions\/8021"}],"wp:attachment":[{"href":"https:\/\/www.texence.com\/de\/wp-json\/wp\/v2\/media?parent=7933"}],"curies":[{"name":"wp","href":"https:\/\/api.w.org\/{rel}","templated":true}]}}