{"id":7928,"date":"2017-11-02T12:23:06","date_gmt":"2017-11-02T10:23:06","guid":{"rendered":"http:\/\/localtexence.com\/texturas\/"},"modified":"2018-01-10T08:36:17","modified_gmt":"2018-01-10T06:36:17","slug":"texturen","status":"publish","type":"page","link":"https:\/\/www.texence.com\/de\/texturen\/","title":{"rendered":"Texturen"},"content":{"rendered":"<div class=\"wpb-content-wrapper\"><p>[vc_row row_style=&#8221;full-width&#8221; padding_size=&#8221;no-padding&#8221; background_position=&#8221;center top&#8221; parallax=&#8221;reverse&#8221; background_image=&#8221;7166&#8243; bg_image_url=&#8221;https:\/\/www.texence.com\/wp-content\/uploads\/2017\/11\/texturas-header-150&#215;150.jpg&#8221;][vc_column][vc_empty_space height=&#8221;500px&#8221; el_class=&#8221;row-header-empty-space&#8221;][\/vc_column][\/vc_row][vc_row padding_size=&#8221;no-padding&#8221; css=&#8221;.vc_custom_1509466305509{margin-top: 50px !important;}&#8221; el_class=&#8221;row-header-content&#8221;][vc_column padding_size=&#8221;s-padding&#8221; width=&#8221;1\/2&#8243;][vc_single_image image=&#8221;7167&#8243;][vc_empty_space][vc_column_text]TEXENCE zeichnet sich aus durch hohe Produktqualit\u00e4t und die F\u00e4higkeit, ein Design in unendlich vielen einzigartigen Texturen anzubieten, was die Duschwannen in ein gleicherma\u00dfen dekoratives wie personalisiertes Element verwandelt.[\/vc_column_text][vc_empty_space height=&#8221;15px&#8221;][vc_column_text el_class=&#8221;lista-caracteristicas-colores-texturas&#8221;]<\/p>\n<ul>\n<li>Textur mit Relief ohne Siebdruck<\/li>\n<li>Oberfl\u00e4che mit totaler oder partieller Textur<\/li>\n<li>Komplette RAL-Farbpalette<\/li>\n<li>Matt, gl\u00e4nzend oder halbgl\u00e4nzend<\/li>\n<li>Metallisiert verfu\u0308gbar<\/li>\n<\/ul>\n<p>[\/vc_column_text][\/vc_column][vc_column padding_size=&#8221;s-padding&#8221; width=&#8221;1\/2&#8243; offset=&#8221;vc_hidden-md vc_hidden-sm vc_hidden-xs&#8221;][\/vc_column][\/vc_row][vc_row row_style=&#8221;full-width&#8221; equal_height=&#8221;true&#8221; vertical_align=&#8221;middle&#8221; padding_size=&#8221;s-padding&#8221;][vc_column padding_size=&#8221;no-padding&#8221;]\n\t\t\t<!-- START GaleriaTexturas REVOLUTION SLIDER 6.7.15 --><p class=\"rs-p-wp-fix\"><\/p>\n\t\t\t<rs-module-wrap id=\"rev_slider_18_1_wrapper\" data-source=\"gallery\" style=\"visibility:hidden;background:#111111;padding:0;margin:0px auto;margin-top:0;margin-bottom:0;\">\n\t\t\t\t<rs-module id=\"rev_slider_18_1\" style=\"\" data-version=\"6.7.15\">\n\t\t\t\t\t<rs-slides style=\"overflow: hidden; position: absolute;\">\n\t\t\t\t\t\t<rs-slide style=\"position: absolute;\" data-key=\"rs-57\" data-title=\"Texturas 01\" data-thumb=\"\/\/www.texence.com\/wp-content\/uploads\/2017\/12\/texturas-galeria-01-100x50.jpg\" data-anim=\"adpr:false;\">\n\t\t\t\t\t\t\t<img decoding=\"async\" src=\"\/\/www.texence.com\/wp-content\/plugins\/revslider\/sr6\/assets\/assets\/dummy.png\" alt=\"\" title=\"Texturen\" class=\"rev-slidebg tp-rs-img rs-lazyload\" data-lazyload=\"\/\/www.texence.com\/wp-content\/uploads\/2017\/12\/texturas-galeria-01.jpg\" data-parallax=\"10\" data-no-retina>\n<!---->\t\t\t\t\t<\/rs-slide>\n\t\t\t\t\t\t<rs-slide style=\"position: absolute;\" data-key=\"rs-58\" data-title=\"Texturas 02\" data-thumb=\"\/\/www.texence.com\/wp-content\/uploads\/2017\/12\/texturas-galeria-02-100x50.jpg\" data-anim=\"adpr:false;\">\n\t\t\t\t\t\t\t<img decoding=\"async\" src=\"\/\/www.texence.com\/wp-content\/plugins\/revslider\/sr6\/assets\/assets\/dummy.png\" alt=\"\" title=\"Texturen\" class=\"rev-slidebg tp-rs-img rs-lazyload\" data-lazyload=\"\/\/www.texence.com\/wp-content\/uploads\/2017\/12\/texturas-galeria-02.jpg\" data-parallax=\"10\" data-no-retina>\n<!---->\t\t\t\t\t<\/rs-slide>\n\t\t\t\t\t\t<rs-slide style=\"position: absolute;\" data-key=\"rs-59\" data-title=\"Texturas 03\" data-thumb=\"\/\/www.texence.com\/wp-content\/uploads\/2017\/12\/texturas-galeria-03-100x50.jpg\" data-anim=\"adpr:false;\">\n\t\t\t\t\t\t\t<img decoding=\"async\" src=\"\/\/www.texence.com\/wp-content\/plugins\/revslider\/sr6\/assets\/assets\/dummy.png\" alt=\"\" title=\"Texturen\" class=\"rev-slidebg tp-rs-img rs-lazyload\" data-lazyload=\"\/\/www.texence.com\/wp-content\/uploads\/2017\/12\/texturas-galeria-03.jpg\" data-parallax=\"10\" data-no-retina>\n<!---->\t\t\t\t\t<\/rs-slide>\n\t\t\t\t\t\t<rs-slide style=\"position: absolute;\" data-key=\"rs-102\" data-title=\"Texturas 04\" data-thumb=\"\/\/www.texence.com\/wp-content\/uploads\/2017\/12\/texturas-galeria-04-100x50.jpg\" data-anim=\"adpr:false;\">\n\t\t\t\t\t\t\t<img decoding=\"async\" src=\"\/\/www.texence.com\/wp-content\/plugins\/revslider\/sr6\/assets\/assets\/dummy.png\" alt=\"\" title=\"Texturen\" class=\"rev-slidebg tp-rs-img rs-lazyload\" data-lazyload=\"\/\/www.texence.com\/wp-content\/uploads\/2017\/12\/texturas-galeria-04.jpg\" data-parallax=\"10\" data-no-retina>\n<!---->\t\t\t\t\t<\/rs-slide>\n\t\t\t\t\t\t<rs-slide style=\"position: absolute;\" data-key=\"rs-103\" data-title=\"Texturas 05\" data-thumb=\"\/\/www.texence.com\/wp-content\/uploads\/2017\/12\/texturas-galeria-05-100x50.jpg\" data-anim=\"adpr:false;\">\n\t\t\t\t\t\t\t<img decoding=\"async\" src=\"\/\/www.texence.com\/wp-content\/plugins\/revslider\/sr6\/assets\/assets\/dummy.png\" alt=\"\" title=\"Texturen\" class=\"rev-slidebg tp-rs-img rs-lazyload\" data-lazyload=\"\/\/www.texence.com\/wp-content\/uploads\/2017\/12\/texturas-galeria-05.jpg\" data-parallax=\"10\" data-no-retina>\n<!---->\t\t\t\t\t<\/rs-slide>\n\t\t\t\t\t\t<rs-slide style=\"position: absolute;\" data-key=\"rs-104\" data-title=\"Texturas 06\" data-thumb=\"\/\/www.texence.com\/wp-content\/uploads\/2017\/12\/texturas-galeria-06-100x50.jpg\" data-anim=\"adpr:false;\">\n\t\t\t\t\t\t\t<img decoding=\"async\" src=\"\/\/www.texence.com\/wp-content\/plugins\/revslider\/sr6\/assets\/assets\/dummy.png\" alt=\"\" title=\"Texturen\" class=\"rev-slidebg tp-rs-img rs-lazyload\" data-lazyload=\"\/\/www.texence.com\/wp-content\/uploads\/2017\/12\/texturas-galeria-06.jpg\" data-parallax=\"10\" data-no-retina>\n<!---->\t\t\t\t\t<\/rs-slide>\n\t\t\t\t\t\t<rs-slide style=\"position: absolute;\" data-key=\"rs-105\" data-title=\"Texturas 07\" data-thumb=\"\/\/www.texence.com\/wp-content\/uploads\/2017\/12\/texturas-galeria-07-100x50.jpg\" data-anim=\"adpr:false;\">\n\t\t\t\t\t\t\t<img decoding=\"async\" src=\"\/\/www.texence.com\/wp-content\/plugins\/revslider\/sr6\/assets\/assets\/dummy.png\" alt=\"\" title=\"Texturen\" class=\"rev-slidebg tp-rs-img rs-lazyload\" data-lazyload=\"\/\/www.texence.com\/wp-content\/uploads\/2017\/12\/texturas-galeria-07.jpg\" data-parallax=\"10\" data-no-retina>\n<!---->\t\t\t\t\t<\/rs-slide>\n\t\t\t\t\t\t<rs-slide style=\"position: absolute;\" data-key=\"rs-106\" data-title=\"Texturas 08\" data-thumb=\"\/\/www.texence.com\/wp-content\/uploads\/2017\/12\/texturas-galeria-08-100x50.jpg\" data-anim=\"adpr:false;\">\n\t\t\t\t\t\t\t<img decoding=\"async\" src=\"\/\/www.texence.com\/wp-content\/plugins\/revslider\/sr6\/assets\/assets\/dummy.png\" alt=\"\" title=\"Texturen\" class=\"rev-slidebg tp-rs-img rs-lazyload\" data-lazyload=\"\/\/www.texence.com\/wp-content\/uploads\/2017\/12\/texturas-galeria-08.jpg\" data-parallax=\"10\" data-no-retina>\n<!---->\t\t\t\t\t<\/rs-slide>\n\t\t\t\t\t<\/rs-slides>\n\t\t\t\t<\/rs-module>\n\t\t\t\t<script>\n\t\t\t\t\tsetREVStartSize({c: 'rev_slider_18_1',rl:[1240,1024,1024,1024],el:[],gw:[1240,1024,1024,1024],gh:[900,768,768,768],type:'standard',justify:'',layout:'fullwidth',mh:\"0\"});if (window.RS_MODULES!==undefined && window.RS_MODULES.modules!==undefined && window.RS_MODULES.modules[\"revslider181\"]!==undefined) {window.RS_MODULES.modules[\"revslider181\"].once = false;window.revapi18 = undefined;if (window.RS_MODULES.checkMinimal!==undefined) window.RS_MODULES.checkMinimal()}\n\t\t\t\t<\/script>\n\t\t\t<\/rs-module-wrap>\n\t\t\t<!-- END REVOLUTION SLIDER -->\n[\/vc_column][\/vc_row][vc_row padding_size=&#8221;m-padding&#8221; el_class=&#8221;row-tipos-texturas&#8221;][vc_column padding_size=&#8221;s-padding&#8221; width=&#8221;1\/3&#8243; offset=&#8221;vc_col-xs-12&#8243;][vc_column_text]<strong>GEOMETRISCHES DESIGN<\/strong>[\/vc_column_text][wyde_separator el_width=&#8221;100%&#8221; color=&#8221;#888b8d&#8221;][vc_column_text]TEXENCE bietet eine au\u00dferordentliche Vielfalt an Mustern, die exklusiv an das jeweilige Produkt angepasst werden k\u00f6nnen, was sowohl einen einzigartigen Mehrwert als auch ein Unterscheidungsmerkmal auf dem Markt sicherstellt. In seinem Reportaire hat TEXENCE eine umfangreiche Palette an netz- und fl\u00e4chenartigen Mustern wie Zopfmuster, Schuppen, Rauten, Zickzack&#8230;[\/vc_column_text][\/vc_column][vc_column padding_size=&#8221;s-padding&#8221; width=&#8221;1\/3&#8243;][vc_column_text]<strong>FIGURATIVES DESIGN<\/strong>[\/vc_column_text][wyde_separator el_width=&#8221;100%&#8221; color=&#8221;#888b8d&#8221;][vc_column_text]TEXENCE entwirft und kreiert in der eigenen Kreativabteilung, die von Beginn an ihre eigenen graphischen Darstellungen enwickelt und zeichnet. Produktlinen in infantilem, avantgardistischem oder klassischem Design, inspiriert von der Natur, wie die Bewegung der Wellen, die Anordnung der Bl\u00e4tter&#8230;[\/vc_column_text][\/vc_column][vc_column padding_size=&#8221;s-padding&#8221; width=&#8221;1\/3&#8243;][vc_column_text]<strong>DESIGN IN HALBT\u00d6NEN<\/strong>[\/vc_column_text][wyde_separator el_width=&#8221;100%&#8221; color=&#8221;#888b8d&#8221;][vc_column_text]TEXENCE entwirft, produziert und personalisiert ein Produkt nach Ma\u00df. Dank der F\u00e4higkeit, Produkte mit jeglicher erprobten Abbildung fertigen zu k\u00f6nnen, erm\u00f6glicht es TEXENCE seinen Kunden, eine ganz eigene Kreation zu w\u00e4hlen.[\/vc_column_text][\/vc_column][\/vc_row]<\/p>\n<\/div>","protected":false},"excerpt":{"rendered":"<p>[vc_row row_style=&#8221;full-width&#8221; padding_size=&#8221;no-padding&#8221; background_position=&#8221;center top&#8221; parallax=&#8221;reverse&#8221; background_image=&#8221;7166&#8243; bg_image_url=&#8221;https:\/\/www.texence.com\/wp-content\/uploads\/2017\/11\/texturas-header-150&#215;150.jpg&#8221;][vc_column][vc_empty_space height=&#8221;500px&#8221; el_class=&#8221;row-header-empty-space&#8221;][\/vc_column][\/vc_row][vc_row padding_size=&#8221;no-padding&#8221; css=&#8221;.vc_custom_1509466305509{margin-top: 50px !important;}&#8221; el_class=&#8221;row-header-content&#8221;][vc_column padding_size=&#8221;s-padding&#8221; width=&#8221;1\/2&#8243;][vc_single_image image=&#8221;7167&#8243;][vc_empty_space][vc_column_text]TEXENCE zeichnet sich aus durch hohe Produktqualit\u00e4t und die F\u00e4higkeit, ein Design in unendlich vielen einzigartigen Texturen anzubieten, was die Duschwannen in ein gleicherma\u00dfen dekoratives wie personalisiertes Element verwandelt.[\/vc_column_text][vc_empty_space height=&#8221;15px&#8221;][vc_column_text el_class=&#8221;lista-caracteristicas-colores-texturas&#8221;] Textur mit Relief ohne Siebdruck Oberfl\u00e4che mit [&hellip;]<\/p>\n","protected":false},"author":3,"featured_media":0,"parent":0,"menu_order":0,"comment_status":"closed","ping_status":"closed","template":"","meta":{"footnotes":""},"class_list":["post-7928","page","type-page","status-publish","hentry"],"yoast_head":"<!-- This site is optimized with the Yoast SEO plugin v23.3 - https:\/\/yoast.com\/wordpress\/plugins\/seo\/ -->\n<title>Texturierte Duschwanne | TEXENCE<\/title>\n<meta name=\"description\" content=\"Unendliches Design von einzigartigen Texturen, die Duschwannen in ein dekoratives und personalisiertes Element verwandeln.\" \/>\n<meta name=\"robots\" content=\"index, follow, max-snippet:-1, max-image-preview:large, max-video-preview:-1\" \/>\n<link rel=\"canonical\" href=\"https:\/\/www.texence.com\/de\/texturen\/\" \/>\n<meta property=\"og:locale\" content=\"de_DE\" \/>\n<meta property=\"og:type\" content=\"article\" \/>\n<meta property=\"og:title\" content=\"Texturierte Duschwanne | TEXENCE\" \/>\n<meta property=\"og:description\" content=\"Unendliches Design von einzigartigen Texturen, die Duschwannen in ein dekoratives und personalisiertes Element verwandeln.\" \/>\n<meta property=\"og:url\" content=\"https:\/\/www.texence.com\/de\/texturen\/\" \/>\n<meta property=\"og:site_name\" content=\"TEXENCE\" \/>\n<meta property=\"article:modified_time\" content=\"2018-01-10T06:36:17+00:00\" \/>\n<meta name=\"twitter:card\" content=\"summary_large_image\" \/>\n<meta name=\"twitter:label1\" content=\"Gesch\u00e4tzte Lesezeit\" \/>\n\t<meta name=\"twitter:data1\" content=\"2\u00a0Minuten\" \/>\n<script type=\"application\/ld+json\" class=\"yoast-schema-graph\">{\"@context\":\"https:\/\/schema.org\",\"@graph\":[{\"@type\":\"WebPage\",\"@id\":\"https:\/\/www.texence.com\/de\/texturen\/\",\"url\":\"https:\/\/www.texence.com\/de\/texturen\/\",\"name\":\"Texturierte Duschwanne | TEXENCE\",\"isPartOf\":{\"@id\":\"https:\/\/www.texence.com\/#website\"},\"datePublished\":\"2017-11-02T10:23:06+00:00\",\"dateModified\":\"2018-01-10T06:36:17+00:00\",\"description\":\"Unendliches Design von einzigartigen Texturen, die Duschwannen in ein dekoratives und personalisiertes Element verwandeln.\",\"breadcrumb\":{\"@id\":\"https:\/\/www.texence.com\/de\/texturen\/#breadcrumb\"},\"inLanguage\":\"de\",\"potentialAction\":[{\"@type\":\"ReadAction\",\"target\":[\"https:\/\/www.texence.com\/de\/texturen\/\"]}]},{\"@type\":\"BreadcrumbList\",\"@id\":\"https:\/\/www.texence.com\/de\/texturen\/#breadcrumb\",\"itemListElement\":[{\"@type\":\"ListItem\",\"position\":1,\"name\":\"Portada\",\"item\":\"https:\/\/www.texence.com\/de\/\"},{\"@type\":\"ListItem\",\"position\":2,\"name\":\"Texturen\"}]},{\"@type\":\"WebSite\",\"@id\":\"https:\/\/www.texence.com\/#website\",\"url\":\"https:\/\/www.texence.com\/\",\"name\":\"TEXENCE\",\"description\":\"\",\"publisher\":{\"@id\":\"https:\/\/www.texence.com\/#organization\"},\"potentialAction\":[{\"@type\":\"SearchAction\",\"target\":{\"@type\":\"EntryPoint\",\"urlTemplate\":\"https:\/\/www.texence.com\/?s={search_term_string}\"},\"query-input\":\"required name=search_term_string\"}],\"inLanguage\":\"de\"},{\"@type\":\"Organization\",\"@id\":\"https:\/\/www.texence.com\/#organization\",\"name\":\"texence\",\"url\":\"https:\/\/www.texence.com\/\",\"logo\":{\"@type\":\"ImageObject\",\"inLanguage\":\"de\",\"@id\":\"https:\/\/www.texence.com\/#\/schema\/logo\/image\/\",\"url\":\"https:\/\/www.texence.com\/wp-content\/uploads\/2017\/03\/logo-gris-98.png\",\"contentUrl\":\"https:\/\/www.texence.com\/wp-content\/uploads\/2017\/03\/logo-gris-98.png\",\"width\":129,\"height\":47,\"caption\":\"texence\"},\"image\":{\"@id\":\"https:\/\/www.texence.com\/#\/schema\/logo\/image\/\"}}]}<\/script>\n<!-- \/ Yoast SEO plugin. -->","yoast_head_json":{"title":"Texturierte Duschwanne | TEXENCE","description":"Unendliches Design von einzigartigen Texturen, die Duschwannen in ein dekoratives und personalisiertes Element verwandeln.","robots":{"index":"index","follow":"follow","max-snippet":"max-snippet:-1","max-image-preview":"max-image-preview:large","max-video-preview":"max-video-preview:-1"},"canonical":"https:\/\/www.texence.com\/de\/texturen\/","og_locale":"de_DE","og_type":"article","og_title":"Texturierte Duschwanne | TEXENCE","og_description":"Unendliches Design von einzigartigen Texturen, die Duschwannen in ein dekoratives und personalisiertes Element verwandeln.","og_url":"https:\/\/www.texence.com\/de\/texturen\/","og_site_name":"TEXENCE","article_modified_time":"2018-01-10T06:36:17+00:00","twitter_card":"summary_large_image","twitter_misc":{"Gesch\u00e4tzte Lesezeit":"2\u00a0Minuten"},"schema":{"@context":"https:\/\/schema.org","@graph":[{"@type":"WebPage","@id":"https:\/\/www.texence.com\/de\/texturen\/","url":"https:\/\/www.texence.com\/de\/texturen\/","name":"Texturierte Duschwanne | TEXENCE","isPartOf":{"@id":"https:\/\/www.texence.com\/#website"},"datePublished":"2017-11-02T10:23:06+00:00","dateModified":"2018-01-10T06:36:17+00:00","description":"Unendliches Design von einzigartigen Texturen, die Duschwannen in ein dekoratives und personalisiertes Element verwandeln.","breadcrumb":{"@id":"https:\/\/www.texence.com\/de\/texturen\/#breadcrumb"},"inLanguage":"de","potentialAction":[{"@type":"ReadAction","target":["https:\/\/www.texence.com\/de\/texturen\/"]}]},{"@type":"BreadcrumbList","@id":"https:\/\/www.texence.com\/de\/texturen\/#breadcrumb","itemListElement":[{"@type":"ListItem","position":1,"name":"Portada","item":"https:\/\/www.texence.com\/de\/"},{"@type":"ListItem","position":2,"name":"Texturen"}]},{"@type":"WebSite","@id":"https:\/\/www.texence.com\/#website","url":"https:\/\/www.texence.com\/","name":"TEXENCE","description":"","publisher":{"@id":"https:\/\/www.texence.com\/#organization"},"potentialAction":[{"@type":"SearchAction","target":{"@type":"EntryPoint","urlTemplate":"https:\/\/www.texence.com\/?s={search_term_string}"},"query-input":"required name=search_term_string"}],"inLanguage":"de"},{"@type":"Organization","@id":"https:\/\/www.texence.com\/#organization","name":"texence","url":"https:\/\/www.texence.com\/","logo":{"@type":"ImageObject","inLanguage":"de","@id":"https:\/\/www.texence.com\/#\/schema\/logo\/image\/","url":"https:\/\/www.texence.com\/wp-content\/uploads\/2017\/03\/logo-gris-98.png","contentUrl":"https:\/\/www.texence.com\/wp-content\/uploads\/2017\/03\/logo-gris-98.png","width":129,"height":47,"caption":"texence"},"image":{"@id":"https:\/\/www.texence.com\/#\/schema\/logo\/image\/"}}]}},"_links":{"self":[{"href":"https:\/\/www.texence.com\/de\/wp-json\/wp\/v2\/pages\/7928"}],"collection":[{"href":"https:\/\/www.texence.com\/de\/wp-json\/wp\/v2\/pages"}],"about":[{"href":"https:\/\/www.texence.com\/de\/wp-json\/wp\/v2\/types\/page"}],"author":[{"embeddable":true,"href":"https:\/\/www.texence.com\/de\/wp-json\/wp\/v2\/users\/3"}],"replies":[{"embeddable":true,"href":"https:\/\/www.texence.com\/de\/wp-json\/wp\/v2\/comments?post=7928"}],"version-history":[{"count":3,"href":"https:\/\/www.texence.com\/de\/wp-json\/wp\/v2\/pages\/7928\/revisions"}],"predecessor-version":[{"id":8019,"href":"https:\/\/www.texence.com\/de\/wp-json\/wp\/v2\/pages\/7928\/revisions\/8019"}],"wp:attachment":[{"href":"https:\/\/www.texence.com\/de\/wp-json\/wp\/v2\/media?parent=7928"}],"curies":[{"name":"wp","href":"https:\/\/api.w.org\/{rel}","templated":true}]}}