{"id":7923,"date":"2017-11-02T11:53:33","date_gmt":"2017-11-02T09:53:33","guid":{"rendered":"http:\/\/localtexence.com\/colores\/"},"modified":"2018-01-10T08:33:13","modified_gmt":"2018-01-10T06:33:13","slug":"farben","status":"publish","type":"page","link":"https:\/\/www.texence.com\/de\/farben\/","title":{"rendered":"Farben"},"content":{"rendered":"<div class=\"wpb-content-wrapper\"><p>[vc_row row_style=&#8221;full-width&#8221; padding_size=&#8221;no-padding&#8221; background_position=&#8221;center top&#8221; parallax=&#8221;reverse&#8221; background_image=&#8221;7151&#8243; bg_image_url=&#8221;https:\/\/www.texence.com\/wp-content\/uploads\/2017\/11\/colores-header-150&#215;150.jpg&#8221;][vc_column][vc_empty_space height=&#8221;500px&#8221; el_class=&#8221;row-header-empty-space&#8221;][\/vc_column][\/vc_row][vc_row padding_size=&#8221;no-padding&#8221; css=&#8221;.vc_custom_1509470924587{margin-top: 50px !important;}&#8221; el_class=&#8221;row-header-content&#8221;][vc_column padding_size=&#8221;s-padding&#8221; width=&#8221;1\/2&#8243;][vc_single_image image=&#8221;7154&#8243;][vc_empty_space][vc_column_text]Bei TEXENCE verf\u00fcgen wir \u00fcber eine umfassende und personalisierbare Palette an Farben und Texturen. Alle Farben der RAL-Palette stehen zur Auswahl.[\/vc_column_text][vc_empty_space height=&#8221;15px&#8221;][vc_column_text el_class=&#8221;lista-caracteristicas-colores-texturas&#8221;]<\/p>\n<ul>\n<li>Textur mit Relief ohne Siebdruck<\/li>\n<li>Oberfl\u00e4che mit totaler oder partieller Textur<\/li>\n<li>Komplette RAL-Farbpalette<\/li>\n<li>Matt, gl\u00e4nzend oder halbgl\u00e4nzend<\/li>\n<li>Metallisiert verfu\u0308gbar<\/li>\n<\/ul>\n<p>[\/vc_column_text][\/vc_column][vc_column padding_size=&#8221;s-padding&#8221; width=&#8221;1\/2&#8243; offset=&#8221;vc_hidden-md vc_hidden-sm vc_hidden-xs&#8221;][\/vc_column][\/vc_row][vc_row row_style=&#8221;full-width&#8221; equal_height=&#8221;true&#8221; vertical_align=&#8221;middle&#8221; padding_size=&#8221;s-padding&#8221;][vc_column padding_size=&#8221;no-padding&#8221;]\n\t\t\t<!-- START GaleriaColores REVOLUTION SLIDER 6.7.15 --><p class=\"rs-p-wp-fix\"><\/p>\n\t\t\t<rs-module-wrap id=\"rev_slider_17_1_wrapper\" data-source=\"gallery\" style=\"visibility:hidden;background:#111111;padding:0;margin:0px auto;margin-top:0;margin-bottom:0;\">\n\t\t\t\t<rs-module id=\"rev_slider_17_1\" style=\"\" data-version=\"6.7.15\">\n\t\t\t\t\t<rs-slides style=\"overflow: hidden; position: absolute;\">\n\t\t\t\t\t\t<rs-slide style=\"position: absolute;\" data-key=\"rs-54\" data-title=\"Colores 01\" data-thumb=\"\/\/www.texence.com\/wp-content\/uploads\/2017\/12\/colores-galeria-01-100x50.jpg\" data-anim=\"adpr:false;\">\n\t\t\t\t\t\t\t<img decoding=\"async\" src=\"\/\/www.texence.com\/wp-content\/plugins\/revslider\/sr6\/assets\/assets\/dummy.png\" alt=\"\" title=\"Farben\" class=\"rev-slidebg tp-rs-img rs-lazyload\" data-lazyload=\"\/\/www.texence.com\/wp-content\/uploads\/2017\/12\/colores-galeria-01.jpg\" data-parallax=\"10\" data-no-retina>\n<!---->\t\t\t\t\t<\/rs-slide>\n\t\t\t\t\t\t<rs-slide style=\"position: absolute;\" data-key=\"rs-55\" data-title=\"Colores 02\" data-thumb=\"\/\/www.texence.com\/wp-content\/uploads\/2017\/12\/colores-galeria-02-100x50.jpg\" data-anim=\"adpr:false;\">\n\t\t\t\t\t\t\t<img decoding=\"async\" src=\"\/\/www.texence.com\/wp-content\/plugins\/revslider\/sr6\/assets\/assets\/dummy.png\" alt=\"\" title=\"Farben\" class=\"rev-slidebg tp-rs-img rs-lazyload\" data-lazyload=\"\/\/www.texence.com\/wp-content\/uploads\/2017\/12\/colores-galeria-02.jpg\" data-parallax=\"10\" data-no-retina>\n<!---->\t\t\t\t\t<\/rs-slide>\n\t\t\t\t\t\t<rs-slide style=\"position: absolute;\" data-key=\"rs-56\" data-title=\"Colores 03\" data-thumb=\"\/\/www.texence.com\/wp-content\/uploads\/2017\/12\/colores-galeria-03-100x50.jpg\" data-anim=\"adpr:false;\">\n\t\t\t\t\t\t\t<img decoding=\"async\" src=\"\/\/www.texence.com\/wp-content\/plugins\/revslider\/sr6\/assets\/assets\/dummy.png\" alt=\"\" title=\"Farben\" class=\"rev-slidebg tp-rs-img rs-lazyload\" data-lazyload=\"\/\/www.texence.com\/wp-content\/uploads\/2017\/12\/colores-galeria-03.jpg\" data-parallax=\"10\" data-no-retina>\n<!---->\t\t\t\t\t<\/rs-slide>\n\t\t\t\t\t\t<rs-slide style=\"position: absolute;\" data-key=\"rs-96\" data-title=\"Colores 04\" data-thumb=\"\/\/www.texence.com\/wp-content\/uploads\/2017\/12\/colores-galeria-04-100x50.jpg\" data-anim=\"adpr:false;\">\n\t\t\t\t\t\t\t<img decoding=\"async\" src=\"\/\/www.texence.com\/wp-content\/plugins\/revslider\/sr6\/assets\/assets\/dummy.png\" alt=\"\" title=\"Farben\" class=\"rev-slidebg tp-rs-img rs-lazyload\" data-lazyload=\"\/\/www.texence.com\/wp-content\/uploads\/2017\/12\/colores-galeria-04.jpg\" data-parallax=\"10\" data-no-retina>\n<!---->\t\t\t\t\t<\/rs-slide>\n\t\t\t\t\t\t<rs-slide style=\"position: absolute;\" data-key=\"rs-97\" data-title=\"Colores 05\" data-thumb=\"\/\/www.texence.com\/wp-content\/uploads\/2017\/12\/colores-galeria-05-100x50.jpg\" data-anim=\"adpr:false;\">\n\t\t\t\t\t\t\t<img decoding=\"async\" src=\"\/\/www.texence.com\/wp-content\/plugins\/revslider\/sr6\/assets\/assets\/dummy.png\" alt=\"\" title=\"Farben\" class=\"rev-slidebg tp-rs-img rs-lazyload\" data-lazyload=\"\/\/www.texence.com\/wp-content\/uploads\/2017\/12\/colores-galeria-05.jpg\" data-parallax=\"10\" data-no-retina>\n<!---->\t\t\t\t\t<\/rs-slide>\n\t\t\t\t\t\t<rs-slide style=\"position: absolute;\" data-key=\"rs-98\" data-title=\"Colores 06\" data-thumb=\"\/\/www.texence.com\/wp-content\/uploads\/2017\/12\/colores-galeria-06-100x50.jpg\" data-anim=\"adpr:false;\">\n\t\t\t\t\t\t\t<img decoding=\"async\" src=\"\/\/www.texence.com\/wp-content\/plugins\/revslider\/sr6\/assets\/assets\/dummy.png\" alt=\"\" title=\"Farben\" class=\"rev-slidebg tp-rs-img rs-lazyload\" data-lazyload=\"\/\/www.texence.com\/wp-content\/uploads\/2017\/12\/colores-galeria-06.jpg\" data-parallax=\"10\" data-no-retina>\n<!---->\t\t\t\t\t<\/rs-slide>\n\t\t\t\t\t\t<rs-slide style=\"position: absolute;\" data-key=\"rs-99\" data-title=\"Colores 07\" data-thumb=\"\/\/www.texence.com\/wp-content\/uploads\/2017\/12\/colores-galeria-07-100x50.jpg\" data-anim=\"adpr:false;\">\n\t\t\t\t\t\t\t<img decoding=\"async\" src=\"\/\/www.texence.com\/wp-content\/plugins\/revslider\/sr6\/assets\/assets\/dummy.png\" alt=\"\" title=\"Farben\" class=\"rev-slidebg tp-rs-img rs-lazyload\" data-lazyload=\"\/\/www.texence.com\/wp-content\/uploads\/2017\/12\/colores-galeria-07.jpg\" data-parallax=\"10\" data-no-retina>\n<!---->\t\t\t\t\t<\/rs-slide>\n\t\t\t\t\t\t<rs-slide style=\"position: absolute;\" data-key=\"rs-100\" data-title=\"Colores 08\" data-thumb=\"\/\/www.texence.com\/wp-content\/uploads\/2017\/12\/colores-galeria-08-100x50.jpg\" data-anim=\"adpr:false;\">\n\t\t\t\t\t\t\t<img decoding=\"async\" src=\"\/\/www.texence.com\/wp-content\/plugins\/revslider\/sr6\/assets\/assets\/dummy.png\" alt=\"\" title=\"Farben\" class=\"rev-slidebg tp-rs-img rs-lazyload\" data-lazyload=\"\/\/www.texence.com\/wp-content\/uploads\/2017\/12\/colores-galeria-08.jpg\" data-parallax=\"10\" data-no-retina>\n<!---->\t\t\t\t\t<\/rs-slide>\n\t\t\t\t\t\t<rs-slide style=\"position: absolute;\" data-key=\"rs-101\" data-title=\"Colores 09\" data-thumb=\"\/\/www.texence.com\/wp-content\/uploads\/2017\/12\/colores-galeria-09-100x50.jpg\" data-anim=\"adpr:false;\">\n\t\t\t\t\t\t\t<img decoding=\"async\" src=\"\/\/www.texence.com\/wp-content\/plugins\/revslider\/sr6\/assets\/assets\/dummy.png\" alt=\"\" title=\"Farben\" class=\"rev-slidebg tp-rs-img rs-lazyload\" data-lazyload=\"\/\/www.texence.com\/wp-content\/uploads\/2017\/12\/colores-galeria-09.jpg\" data-parallax=\"10\" data-no-retina>\n<!---->\t\t\t\t\t<\/rs-slide>\n\t\t\t\t\t<\/rs-slides>\n\t\t\t\t<\/rs-module>\n\t\t\t\t<script>\n\t\t\t\t\tsetREVStartSize({c: 'rev_slider_17_1',rl:[1240,1024,1024,1024],el:[],gw:[1240,1024,1024,1024],gh:[900,768,768,768],type:'standard',justify:'',layout:'fullwidth',mh:\"0\"});if (window.RS_MODULES!==undefined && window.RS_MODULES.modules!==undefined && window.RS_MODULES.modules[\"revslider171\"]!==undefined) {window.RS_MODULES.modules[\"revslider171\"].once = false;window.revapi17 = undefined;if (window.RS_MODULES.checkMinimal!==undefined) window.RS_MODULES.checkMinimal()}\n\t\t\t\t<\/script>\n\t\t\t<\/rs-module-wrap>\n\t\t\t<!-- END REVOLUTION SLIDER -->\n[\/vc_column][\/vc_row][vc_row padding_size=&#8221;m-padding&#8221; el_class=&#8221;row-tipos-colores&#8221;][vc_column padding_size=&#8221;s-padding&#8221; width=&#8221;1\/2&#8243; offset=&#8221;vc_col-lg-4 vc_col-md-6 vc_col-xs-12&#8243;][vc_column_text]<strong>FARBPALETTE NEUTRALE RAL FARBEN<\/strong>[\/vc_column_text][wyde_separator el_width=&#8221;100%&#8221; color=&#8221;#888b8d&#8221;][wyde_info_box icon_position=&#8221;left&#8221; color=&#8221;#f8f8f8&#8243; icon=&#8221;fa fa-square&#8221;]PERLWEISS[\/wyde_info_box][wyde_info_box icon_position=&#8221;left&#8221; color=&#8221;#bdc0bf&#8221; icon=&#8221;fa fa-square&#8221;]PERLHELLGRAU[\/wyde_info_box][wyde_info_box icon_position=&#8221;left&#8221; color=&#8221;#bab1a3&#8243; icon=&#8221;fa fa-square&#8221;]BEIGE[\/wyde_info_box][wyde_info_box icon_position=&#8221;left&#8221; color=&#8221;#594a3c&#8221; icon=&#8221;fa fa-square&#8221;]TERRABRAUN[\/wyde_info_box][wyde_info_box icon_position=&#8221;left&#8221; color=&#8221;#333333&#8243; icon=&#8221;fa fa-square&#8221;]GRAPHITSCHWARZ[\/wyde_info_box][\/vc_column][vc_column padding_size=&#8221;s-padding&#8221; width=&#8221;1\/2&#8243; offset=&#8221;vc_col-lg-4 vc_col-md-6 vc_col-xs-12&#8243;][vc_column_text]<strong>FARBPALETTE INTENSIVE RAL FARBEN<\/strong>[\/vc_column_text][wyde_separator el_width=&#8221;100%&#8221; color=&#8221;#888b8d&#8221;][wyde_info_box icon_position=&#8221;left&#8221; color=&#8221;#9063a8&#8243; icon=&#8221;fa fa-square&#8221;]BLAULILA[\/wyde_info_box][wyde_info_box icon_position=&#8221;left&#8221; color=&#8221;#1dbcaf&#8221; icon=&#8221;fa fa-square&#8221;]T\u00dcRKISBLAU[\/wyde_info_box][wyde_info_box icon_position=&#8221;left&#8221; color=&#8221;#d5e052&#8243; icon=&#8221;fa fa-square&#8221;]SCHWEFELGELB[\/wyde_info_box][wyde_info_box icon_position=&#8221;left&#8221; color=&#8221;#f1b240&#8243; icon=&#8221;fa fa-square&#8221;]SONNENGELB[\/wyde_info_box][wyde_info_box icon_position=&#8221;left&#8221; color=&#8221;#ef465a&#8221; icon=&#8221;fa fa-square&#8221;]LACHSORANGE[\/wyde_info_box][\/vc_column][vc_column padding_size=&#8221;s-padding&#8221; width=&#8221;1\/3&#8243; offset=&#8221;vc_hidden-lg vc_hidden-md vc_hidden-sm vc_hidden-xs&#8221;][\/vc_column][\/vc_row]<\/p>\n<\/div>","protected":false},"excerpt":{"rendered":"<p>[vc_row row_style=&#8221;full-width&#8221; padding_size=&#8221;no-padding&#8221; background_position=&#8221;center top&#8221; parallax=&#8221;reverse&#8221; background_image=&#8221;7151&#8243; bg_image_url=&#8221;https:\/\/www.texence.com\/wp-content\/uploads\/2017\/11\/colores-header-150&#215;150.jpg&#8221;][vc_column][vc_empty_space height=&#8221;500px&#8221; el_class=&#8221;row-header-empty-space&#8221;][\/vc_column][\/vc_row][vc_row padding_size=&#8221;no-padding&#8221; css=&#8221;.vc_custom_1509470924587{margin-top: 50px !important;}&#8221; el_class=&#8221;row-header-content&#8221;][vc_column padding_size=&#8221;s-padding&#8221; width=&#8221;1\/2&#8243;][vc_single_image image=&#8221;7154&#8243;][vc_empty_space][vc_column_text]Bei TEXENCE verf\u00fcgen wir \u00fcber eine umfassende und personalisierbare Palette an Farben und Texturen. Alle Farben der RAL-Palette stehen zur Auswahl.[\/vc_column_text][vc_empty_space height=&#8221;15px&#8221;][vc_column_text el_class=&#8221;lista-caracteristicas-colores-texturas&#8221;] Textur mit Relief ohne Siebdruck Oberfl\u00e4che mit totaler oder partieller Textur Komplette RAL-Farbpalette Matt, gl\u00e4nzend [&hellip;]<\/p>\n","protected":false},"author":3,"featured_media":0,"parent":0,"menu_order":0,"comment_status":"closed","ping_status":"closed","template":"","meta":{"footnotes":""},"class_list":["post-7923","page","type-page","status-publish","hentry"],"yoast_head":"<!-- This site is optimized with the Yoast SEO plugin v23.3 - https:\/\/yoast.com\/wordpress\/plugins\/seo\/ -->\n<title>RAL-Farben Duschwannen | TEXENCE<\/title>\n<meta name=\"description\" content=\"In TEXENCE haben wir eine gro\u00dfe Auswahl an Farben und anpassbaren Texturen. M\u00f6glichkeit, jede Farbe der RAL-Karte zu w\u00e4hlen.\" \/>\n<meta name=\"robots\" content=\"index, follow, max-snippet:-1, max-image-preview:large, max-video-preview:-1\" \/>\n<link rel=\"canonical\" href=\"https:\/\/www.texence.com\/de\/farben\/\" \/>\n<meta property=\"og:locale\" content=\"de_DE\" \/>\n<meta property=\"og:type\" content=\"article\" \/>\n<meta property=\"og:title\" content=\"RAL-Farben Duschwannen | TEXENCE\" \/>\n<meta property=\"og:description\" content=\"In TEXENCE haben wir eine gro\u00dfe Auswahl an Farben und anpassbaren Texturen. M\u00f6glichkeit, jede Farbe der RAL-Karte zu w\u00e4hlen.\" \/>\n<meta property=\"og:url\" content=\"https:\/\/www.texence.com\/de\/farben\/\" \/>\n<meta property=\"og:site_name\" content=\"TEXENCE\" \/>\n<meta property=\"article:modified_time\" content=\"2018-01-10T06:33:13+00:00\" \/>\n<meta name=\"twitter:card\" content=\"summary_large_image\" \/>\n<meta name=\"twitter:label1\" content=\"Gesch\u00e4tzte Lesezeit\" \/>\n\t<meta name=\"twitter:data1\" content=\"2\u00a0Minuten\" \/>\n<script type=\"application\/ld+json\" class=\"yoast-schema-graph\">{\"@context\":\"https:\/\/schema.org\",\"@graph\":[{\"@type\":\"WebPage\",\"@id\":\"https:\/\/www.texence.com\/de\/farben\/\",\"url\":\"https:\/\/www.texence.com\/de\/farben\/\",\"name\":\"RAL-Farben Duschwannen | TEXENCE\",\"isPartOf\":{\"@id\":\"https:\/\/www.texence.com\/#website\"},\"datePublished\":\"2017-11-02T09:53:33+00:00\",\"dateModified\":\"2018-01-10T06:33:13+00:00\",\"description\":\"In TEXENCE haben wir eine gro\u00dfe Auswahl an Farben und anpassbaren Texturen. M\u00f6glichkeit, jede Farbe der RAL-Karte zu w\u00e4hlen.\",\"breadcrumb\":{\"@id\":\"https:\/\/www.texence.com\/de\/farben\/#breadcrumb\"},\"inLanguage\":\"de\",\"potentialAction\":[{\"@type\":\"ReadAction\",\"target\":[\"https:\/\/www.texence.com\/de\/farben\/\"]}]},{\"@type\":\"BreadcrumbList\",\"@id\":\"https:\/\/www.texence.com\/de\/farben\/#breadcrumb\",\"itemListElement\":[{\"@type\":\"ListItem\",\"position\":1,\"name\":\"Portada\",\"item\":\"https:\/\/www.texence.com\/de\/\"},{\"@type\":\"ListItem\",\"position\":2,\"name\":\"Farben\"}]},{\"@type\":\"WebSite\",\"@id\":\"https:\/\/www.texence.com\/#website\",\"url\":\"https:\/\/www.texence.com\/\",\"name\":\"TEXENCE\",\"description\":\"\",\"publisher\":{\"@id\":\"https:\/\/www.texence.com\/#organization\"},\"potentialAction\":[{\"@type\":\"SearchAction\",\"target\":{\"@type\":\"EntryPoint\",\"urlTemplate\":\"https:\/\/www.texence.com\/?s={search_term_string}\"},\"query-input\":\"required name=search_term_string\"}],\"inLanguage\":\"de\"},{\"@type\":\"Organization\",\"@id\":\"https:\/\/www.texence.com\/#organization\",\"name\":\"texence\",\"url\":\"https:\/\/www.texence.com\/\",\"logo\":{\"@type\":\"ImageObject\",\"inLanguage\":\"de\",\"@id\":\"https:\/\/www.texence.com\/#\/schema\/logo\/image\/\",\"url\":\"https:\/\/www.texence.com\/wp-content\/uploads\/2017\/03\/logo-gris-98.png\",\"contentUrl\":\"https:\/\/www.texence.com\/wp-content\/uploads\/2017\/03\/logo-gris-98.png\",\"width\":129,\"height\":47,\"caption\":\"texence\"},\"image\":{\"@id\":\"https:\/\/www.texence.com\/#\/schema\/logo\/image\/\"}}]}<\/script>\n<!-- \/ Yoast SEO plugin. -->","yoast_head_json":{"title":"RAL-Farben Duschwannen | TEXENCE","description":"In TEXENCE haben wir eine gro\u00dfe Auswahl an Farben und anpassbaren Texturen. M\u00f6glichkeit, jede Farbe der RAL-Karte zu w\u00e4hlen.","robots":{"index":"index","follow":"follow","max-snippet":"max-snippet:-1","max-image-preview":"max-image-preview:large","max-video-preview":"max-video-preview:-1"},"canonical":"https:\/\/www.texence.com\/de\/farben\/","og_locale":"de_DE","og_type":"article","og_title":"RAL-Farben Duschwannen | TEXENCE","og_description":"In TEXENCE haben wir eine gro\u00dfe Auswahl an Farben und anpassbaren Texturen. M\u00f6glichkeit, jede Farbe der RAL-Karte zu w\u00e4hlen.","og_url":"https:\/\/www.texence.com\/de\/farben\/","og_site_name":"TEXENCE","article_modified_time":"2018-01-10T06:33:13+00:00","twitter_card":"summary_large_image","twitter_misc":{"Gesch\u00e4tzte Lesezeit":"2\u00a0Minuten"},"schema":{"@context":"https:\/\/schema.org","@graph":[{"@type":"WebPage","@id":"https:\/\/www.texence.com\/de\/farben\/","url":"https:\/\/www.texence.com\/de\/farben\/","name":"RAL-Farben Duschwannen | TEXENCE","isPartOf":{"@id":"https:\/\/www.texence.com\/#website"},"datePublished":"2017-11-02T09:53:33+00:00","dateModified":"2018-01-10T06:33:13+00:00","description":"In TEXENCE haben wir eine gro\u00dfe Auswahl an Farben und anpassbaren Texturen. M\u00f6glichkeit, jede Farbe der RAL-Karte zu w\u00e4hlen.","breadcrumb":{"@id":"https:\/\/www.texence.com\/de\/farben\/#breadcrumb"},"inLanguage":"de","potentialAction":[{"@type":"ReadAction","target":["https:\/\/www.texence.com\/de\/farben\/"]}]},{"@type":"BreadcrumbList","@id":"https:\/\/www.texence.com\/de\/farben\/#breadcrumb","itemListElement":[{"@type":"ListItem","position":1,"name":"Portada","item":"https:\/\/www.texence.com\/de\/"},{"@type":"ListItem","position":2,"name":"Farben"}]},{"@type":"WebSite","@id":"https:\/\/www.texence.com\/#website","url":"https:\/\/www.texence.com\/","name":"TEXENCE","description":"","publisher":{"@id":"https:\/\/www.texence.com\/#organization"},"potentialAction":[{"@type":"SearchAction","target":{"@type":"EntryPoint","urlTemplate":"https:\/\/www.texence.com\/?s={search_term_string}"},"query-input":"required name=search_term_string"}],"inLanguage":"de"},{"@type":"Organization","@id":"https:\/\/www.texence.com\/#organization","name":"texence","url":"https:\/\/www.texence.com\/","logo":{"@type":"ImageObject","inLanguage":"de","@id":"https:\/\/www.texence.com\/#\/schema\/logo\/image\/","url":"https:\/\/www.texence.com\/wp-content\/uploads\/2017\/03\/logo-gris-98.png","contentUrl":"https:\/\/www.texence.com\/wp-content\/uploads\/2017\/03\/logo-gris-98.png","width":129,"height":47,"caption":"texence"},"image":{"@id":"https:\/\/www.texence.com\/#\/schema\/logo\/image\/"}}]}},"_links":{"self":[{"href":"https:\/\/www.texence.com\/de\/wp-json\/wp\/v2\/pages\/7923"}],"collection":[{"href":"https:\/\/www.texence.com\/de\/wp-json\/wp\/v2\/pages"}],"about":[{"href":"https:\/\/www.texence.com\/de\/wp-json\/wp\/v2\/types\/page"}],"author":[{"embeddable":true,"href":"https:\/\/www.texence.com\/de\/wp-json\/wp\/v2\/users\/3"}],"replies":[{"embeddable":true,"href":"https:\/\/www.texence.com\/de\/wp-json\/wp\/v2\/comments?post=7923"}],"version-history":[{"count":4,"href":"https:\/\/www.texence.com\/de\/wp-json\/wp\/v2\/pages\/7923\/revisions"}],"predecessor-version":[{"id":8014,"href":"https:\/\/www.texence.com\/de\/wp-json\/wp\/v2\/pages\/7923\/revisions\/8014"}],"wp:attachment":[{"href":"https:\/\/www.texence.com\/de\/wp-json\/wp\/v2\/media?parent=7923"}],"curies":[{"name":"wp","href":"https:\/\/api.w.org\/{rel}","templated":true}]}}