{"id":7909,"date":"2017-11-02T10:33:27","date_gmt":"2017-11-02T08:33:27","guid":{"rendered":"http:\/\/localtexence.com\/texence-03-double-center-square\/"},"modified":"2019-06-22T18:27:27","modified_gmt":"2019-06-22T16:27:27","slug":"texence-03-double-center-square","status":"publish","type":"page","link":"https:\/\/www.texence.com\/de\/texence-03-double-center-square\/","title":{"rendered":"DOUBLE CENTER SQUARE"},"content":{"rendered":"<div class=\"wpb-content-wrapper\"><p>[vc_row row_style=&#8221;full-width&#8221; padding_size=&#8221;no-padding&#8221; background_position=&#8221;center bottom&#8221; parallax=&#8221;reverse&#8221; background_image=&#8221;7104&#8243; bg_image_url=&#8221;https:\/\/www.texence.com\/wp-content\/uploads\/2017\/11\/double-center-square-header-150&#215;150.jpg&#8221;][vc_column][vc_empty_space height=&#8221;500px&#8221; el_class=&#8221;row-header-empty-space&#8221;][\/vc_column][\/vc_row][vc_row padding_size=&#8221;no-padding&#8221; css=&#8221;.vc_custom_1509613222971{margin-top: 50px !important;}&#8221; el_class=&#8221;row-header-content &#8220;][vc_column padding_size=&#8221;s-padding&#8221; width=&#8221;1\/2&#8243;][vc_column_text el_class=&#8221;page-main-title product-title&#8221;]<\/p>\n<h1>TEXENCE 03. <strong>DOUBLE CENTER SQUARE<\/strong><\/h1>\n<p>[\/vc_column_text][vc_empty_space][vc_column_text]Die Oberfl\u00e4chen sind aus nat\u00fcrlichen Materialien hergestellt, um ein angenehmes Taktgef\u00fchl zu schaffen. Minimalistisches, vielseitiges Design, das an alle Ma\u00dfe anpassbar ist. Wir bieten Ihnen eine unendliche Vielfalt an Farben und Texturen.[\/vc_column_text][\/vc_column][vc_column padding_size=&#8221;s-padding&#8221; width=&#8221;1\/2&#8243; offset=&#8221;vc_hidden-sm vc_hidden-xs&#8221;][\/vc_column][\/vc_row][vc_row vertical_align=&#8221;middle&#8221; padding_size=&#8221;no-padding&#8221;][vc_column][vc_single_image alignment=&#8221;center&#8221; image=&#8221;7107&#8243;][\/vc_column][\/vc_row][vc_row vertical_align=&#8221;bottom&#8221; padding_size=&#8221;m-padding&#8221; el_class=&#8221;row-responsive-icons&#8221;][vc_column width=&#8221;1\/3&#8243; offset=&#8221;vc_col-lg-2 vc_col-md-4 vc_col-xs-6&#8243;][vc_single_image alignment=&#8221;center&#8221; image=&#8221;7080&#8243;][\/vc_column][vc_column width=&#8221;1\/3&#8243; offset=&#8221;vc_col-lg-2 vc_col-md-4 vc_col-xs-6&#8243;][vc_single_image alignment=&#8221;center&#8221; image=&#8221;7081&#8243;][\/vc_column][vc_column width=&#8221;1\/3&#8243; offset=&#8221;vc_col-lg-2 vc_col-md-4 vc_col-xs-6&#8243;][vc_single_image alignment=&#8221;center&#8221; image=&#8221;7082&#8243;][\/vc_column][vc_column width=&#8221;1\/3&#8243; offset=&#8221;vc_col-lg-2 vc_col-md-4 vc_col-xs-6&#8243;][vc_single_image alignment=&#8221;center&#8221; image=&#8221;7083&#8243;][\/vc_column][vc_column width=&#8221;1\/3&#8243; offset=&#8221;vc_col-lg-2 vc_col-md-4 vc_col-xs-6&#8243;][vc_single_image alignment=&#8221;center&#8221; image=&#8221;7084&#8243;][\/vc_column][vc_column width=&#8221;1\/3&#8243; offset=&#8221;vc_col-lg-2 vc_col-md-4 vc_col-xs-6&#8243;][vc_single_image alignment=&#8221;center&#8221; image=&#8221;7085&#8243;][\/vc_column][\/vc_row][vc_row row_style=&#8221;full-width&#8221; equal_height=&#8221;true&#8221; vertical_align=&#8221;middle&#8221; padding_size=&#8221;s-padding&#8221;][vc_column padding_size=&#8221;no-padding&#8221;]\n\t\t\t<!-- START GaleriaTexenceDoubleCenterSquare REVOLUTION SLIDER 6.7.15 --><p class=\"rs-p-wp-fix\"><\/p>\n\t\t\t<rs-module-wrap id=\"rev_slider_16_1_wrapper\" data-source=\"gallery\" style=\"visibility:hidden;background:#111111;padding:0;margin:0px auto;margin-top:0;margin-bottom:0;\">\n\t\t\t\t<rs-module id=\"rev_slider_16_1\" style=\"\" data-version=\"6.7.15\">\n\t\t\t\t\t<rs-slides style=\"overflow: hidden; position: absolute;\">\n\t\t\t\t\t\t<rs-slide style=\"position: absolute;\" data-key=\"rs-51\" data-title=\"Center Square 01\" data-thumb=\"\/\/www.texence.com\/wp-content\/uploads\/2017\/12\/double-square-center-galeria-01-100x50.jpg\" data-anim=\"adpr:false;\">\n\t\t\t\t\t\t\t<img decoding=\"async\" src=\"\/\/www.texence.com\/wp-content\/plugins\/revslider\/sr6\/assets\/assets\/dummy.png\" alt=\"\" title=\"DOUBLE CENTER SQUARE\" class=\"rev-slidebg tp-rs-img rs-lazyload\" data-lazyload=\"\/\/www.texence.com\/wp-content\/uploads\/2017\/12\/double-square-center-galeria-01.jpg\" data-parallax=\"10\" data-no-retina>\n<!---->\t\t\t\t\t<\/rs-slide>\n\t\t\t\t\t\t<rs-slide style=\"position: absolute;\" data-key=\"rs-52\" data-title=\"Center Square 02\" data-thumb=\"\/\/www.texence.com\/wp-content\/uploads\/2017\/12\/double-square-center-galeria-02-100x50.jpg\" data-anim=\"adpr:false;\">\n\t\t\t\t\t\t\t<img decoding=\"async\" src=\"\/\/www.texence.com\/wp-content\/plugins\/revslider\/sr6\/assets\/assets\/dummy.png\" alt=\"\" title=\"DOUBLE CENTER SQUARE\" class=\"rev-slidebg tp-rs-img rs-lazyload\" data-lazyload=\"\/\/www.texence.com\/wp-content\/uploads\/2017\/12\/double-square-center-galeria-02.jpg\" data-parallax=\"10\" data-no-retina>\n<!---->\t\t\t\t\t<\/rs-slide>\n\t\t\t\t\t\t<rs-slide style=\"position: absolute;\" data-key=\"rs-53\" data-title=\"Center Square 03\" data-thumb=\"\/\/www.texence.com\/wp-content\/uploads\/2017\/12\/double-square-center-galeria-03-100x50.jpg\" data-anim=\"adpr:false;\">\n\t\t\t\t\t\t\t<img decoding=\"async\" src=\"\/\/www.texence.com\/wp-content\/plugins\/revslider\/sr6\/assets\/assets\/dummy.png\" alt=\"\" title=\"DOUBLE CENTER SQUARE\" class=\"rev-slidebg tp-rs-img rs-lazyload\" data-lazyload=\"\/\/www.texence.com\/wp-content\/uploads\/2017\/12\/double-square-center-galeria-03.jpg\" data-parallax=\"10\" data-no-retina>\n<!---->\t\t\t\t\t<\/rs-slide>\n\t\t\t\t\t\t<rs-slide style=\"position: absolute;\" data-key=\"rs-91\" data-title=\"Center Square 04\" data-thumb=\"\/\/www.texence.com\/wp-content\/uploads\/2017\/12\/double-square-center-galeria-04-100x50.jpg\" data-anim=\"adpr:false;\">\n\t\t\t\t\t\t\t<img decoding=\"async\" src=\"\/\/www.texence.com\/wp-content\/plugins\/revslider\/sr6\/assets\/assets\/dummy.png\" alt=\"\" title=\"DOUBLE CENTER SQUARE\" class=\"rev-slidebg tp-rs-img rs-lazyload\" data-lazyload=\"\/\/www.texence.com\/wp-content\/uploads\/2017\/12\/double-square-center-galeria-04.jpg\" data-parallax=\"10\" data-no-retina>\n<!---->\t\t\t\t\t<\/rs-slide>\n\t\t\t\t\t\t<rs-slide style=\"position: absolute;\" data-key=\"rs-92\" data-title=\"Center Square 05\" data-thumb=\"\/\/www.texence.com\/wp-content\/uploads\/2017\/12\/double-square-center-galeria-05-100x50.jpg\" data-anim=\"adpr:false;\">\n\t\t\t\t\t\t\t<img decoding=\"async\" src=\"\/\/www.texence.com\/wp-content\/plugins\/revslider\/sr6\/assets\/assets\/dummy.png\" alt=\"\" title=\"DOUBLE CENTER SQUARE\" class=\"rev-slidebg tp-rs-img rs-lazyload\" data-lazyload=\"\/\/www.texence.com\/wp-content\/uploads\/2017\/12\/double-square-center-galeria-05.jpg\" data-parallax=\"10\" data-no-retina>\n<!---->\t\t\t\t\t<\/rs-slide>\n\t\t\t\t\t\t<rs-slide style=\"position: absolute;\" data-key=\"rs-93\" data-title=\"Center Square 06\" data-thumb=\"\/\/www.texence.com\/wp-content\/uploads\/2017\/12\/double-square-center-galeria-06-100x50.jpg\" data-anim=\"adpr:false;\">\n\t\t\t\t\t\t\t<img decoding=\"async\" src=\"\/\/www.texence.com\/wp-content\/plugins\/revslider\/sr6\/assets\/assets\/dummy.png\" alt=\"\" title=\"DOUBLE CENTER SQUARE\" class=\"rev-slidebg tp-rs-img rs-lazyload\" data-lazyload=\"\/\/www.texence.com\/wp-content\/uploads\/2017\/12\/double-square-center-galeria-06.jpg\" data-parallax=\"10\" data-no-retina>\n<!---->\t\t\t\t\t<\/rs-slide>\n\t\t\t\t\t\t<rs-slide style=\"position: absolute;\" data-key=\"rs-94\" data-title=\"Center Square 07\" data-thumb=\"\/\/www.texence.com\/wp-content\/uploads\/2017\/12\/double-square-center-galeria-07-100x50.jpg\" data-anim=\"adpr:false;\">\n\t\t\t\t\t\t\t<img decoding=\"async\" src=\"\/\/www.texence.com\/wp-content\/plugins\/revslider\/sr6\/assets\/assets\/dummy.png\" alt=\"\" title=\"DOUBLE CENTER SQUARE\" class=\"rev-slidebg tp-rs-img rs-lazyload\" data-lazyload=\"\/\/www.texence.com\/wp-content\/uploads\/2017\/12\/double-square-center-galeria-07.jpg\" data-parallax=\"10\" data-no-retina>\n<!---->\t\t\t\t\t<\/rs-slide>\n\t\t\t\t\t\t<rs-slide style=\"position: absolute;\" data-key=\"rs-95\" data-title=\"Center Square 08\" data-thumb=\"\/\/www.texence.com\/wp-content\/uploads\/2017\/12\/double-square-center-galeria-08-100x50.jpg\" data-anim=\"adpr:false;\">\n\t\t\t\t\t\t\t<img decoding=\"async\" src=\"\/\/www.texence.com\/wp-content\/plugins\/revslider\/sr6\/assets\/assets\/dummy.png\" alt=\"\" title=\"DOUBLE CENTER SQUARE\" class=\"rev-slidebg tp-rs-img rs-lazyload\" data-lazyload=\"\/\/www.texence.com\/wp-content\/uploads\/2017\/12\/double-square-center-galeria-08.jpg\" data-parallax=\"10\" data-no-retina>\n<!---->\t\t\t\t\t<\/rs-slide>\n\t\t\t\t\t<\/rs-slides>\n\t\t\t\t<\/rs-module>\n\t\t\t\t<script>\n\t\t\t\t\tsetREVStartSize({c: 'rev_slider_16_1',rl:[1240,1024,1024,1024],el:[],gw:[1240,1024,1024,1024],gh:[900,768,768,768],type:'standard',justify:'',layout:'fullwidth',mh:\"0\"});if (window.RS_MODULES!==undefined && window.RS_MODULES.modules!==undefined && window.RS_MODULES.modules[\"revslider161\"]!==undefined) {window.RS_MODULES.modules[\"revslider161\"].once = false;window.revapi16 = undefined;if (window.RS_MODULES.checkMinimal!==undefined) window.RS_MODULES.checkMinimal()}\n\t\t\t\t<\/script>\n\t\t\t<\/rs-module-wrap>\n\t\t\t<!-- END REVOLUTION SLIDER -->\n[\/vc_column][\/vc_row][vc_row equal_height=&#8221;true&#8221; vertical_align=&#8221;middle&#8221; padding_size=&#8221;s-padding&#8221;][vc_column text_align=&#8221;center&#8221; width=&#8221;1\/2&#8243; offset=&#8221;vc_col-lg-offset-0 vc_col-lg-12 vc_col-md-offset-0 vc_col-md-12 vc_col-xs-offset-2 vc_col-xs-8&#8243;][vc_single_image image=&#8221;7079&#8243;][\/vc_column][\/vc_row][vc_row equal_height=&#8221;true&#8221; padding_size=&#8221;s-padding&#8221; css=&#8221;.vc_custom_1508343222357{margin-bottom: 80px !important;}&#8221;][vc_column width=&#8221;1\/3&#8243;][vc_single_image alignment=&#8221;center&#8221; image=&#8221;7108&#8243;][\/vc_column][vc_column text_align=&#8221;center&#8221; width=&#8221;2\/3&#8243;][vc_single_image alignment=&#8221;center&#8221; image=&#8221;7496&#8243;][vc_empty_space height=&#8221;40px&#8221;][vc_column_text]Alle Duschwannen sind an alle Ma\u00dfe anpassbar.[\/vc_column_text][\/vc_column][\/vc_row]<\/p>\n<\/div>","protected":false},"excerpt":{"rendered":"<p>[vc_row row_style=&#8221;full-width&#8221; padding_size=&#8221;no-padding&#8221; background_position=&#8221;center bottom&#8221; parallax=&#8221;reverse&#8221; background_image=&#8221;7104&#8243; bg_image_url=&#8221;https:\/\/www.texence.com\/wp-content\/uploads\/2017\/11\/double-center-square-header-150&#215;150.jpg&#8221;][vc_column][vc_empty_space height=&#8221;500px&#8221; el_class=&#8221;row-header-empty-space&#8221;][\/vc_column][\/vc_row][vc_row padding_size=&#8221;no-padding&#8221; css=&#8221;.vc_custom_1509613222971{margin-top: 50px !important;}&#8221; el_class=&#8221;row-header-content &#8220;][vc_column padding_size=&#8221;s-padding&#8221; width=&#8221;1\/2&#8243;][vc_column_text el_class=&#8221;page-main-title product-title&#8221;] TEXENCE 03. DOUBLE CENTER SQUARE [\/vc_column_text][vc_empty_space][vc_column_text]Die Oberfl\u00e4chen sind aus nat\u00fcrlichen Materialien hergestellt, um ein angenehmes Taktgef\u00fchl zu schaffen. Minimalistisches, vielseitiges Design, das an alle Ma\u00dfe anpassbar ist. Wir bieten Ihnen eine unendliche Vielfalt an Farben [&hellip;]<\/p>\n","protected":false},"author":3,"featured_media":0,"parent":0,"menu_order":0,"comment_status":"closed","ping_status":"closed","template":"","meta":{"footnotes":""},"class_list":["post-7909","page","type-page","status-publish","hentry"],"yoast_head":"<!-- This site is optimized with the Yoast SEO plugin v23.3 - https:\/\/yoast.com\/wordpress\/plugins\/seo\/ -->\n<title>Duschwanne TEXENCE 03.DOUBLE CENTRE SQUARE | TEXENCE<\/title>\n<meta name=\"description\" content=\"Vielseitiges Design und anpassbar f\u00fcr jede Ma\u00dfnahme. Unendliche Vielfalt an Farben und Texturen, die unserem Badezimmer ein Plus an \u00c4sthetik und Komfort verleihen.\" \/>\n<meta name=\"robots\" content=\"index, follow, max-snippet:-1, max-image-preview:large, max-video-preview:-1\" \/>\n<link rel=\"canonical\" href=\"https:\/\/www.texence.com\/de\/texence-03-double-center-square\/\" \/>\n<meta property=\"og:locale\" content=\"de_DE\" \/>\n<meta property=\"og:type\" content=\"article\" \/>\n<meta property=\"og:title\" content=\"Duschwanne TEXENCE 03.DOUBLE CENTRE SQUARE | TEXENCE\" \/>\n<meta property=\"og:description\" content=\"Vielseitiges Design und anpassbar f\u00fcr jede Ma\u00dfnahme. Unendliche Vielfalt an Farben und Texturen, die unserem Badezimmer ein Plus an \u00c4sthetik und Komfort verleihen.\" \/>\n<meta property=\"og:url\" content=\"https:\/\/www.texence.com\/de\/texence-03-double-center-square\/\" \/>\n<meta property=\"og:site_name\" content=\"TEXENCE\" \/>\n<meta property=\"article:modified_time\" content=\"2019-06-22T16:27:27+00:00\" \/>\n<meta name=\"twitter:card\" content=\"summary_large_image\" \/>\n<meta name=\"twitter:label1\" content=\"Gesch\u00e4tzte Lesezeit\" \/>\n\t<meta name=\"twitter:data1\" content=\"2\u00a0Minuten\" \/>\n<script type=\"application\/ld+json\" class=\"yoast-schema-graph\">{\"@context\":\"https:\/\/schema.org\",\"@graph\":[{\"@type\":\"WebPage\",\"@id\":\"https:\/\/www.texence.com\/de\/texence-03-double-center-square\/\",\"url\":\"https:\/\/www.texence.com\/de\/texence-03-double-center-square\/\",\"name\":\"Duschwanne TEXENCE 03.DOUBLE CENTRE SQUARE | TEXENCE\",\"isPartOf\":{\"@id\":\"https:\/\/www.texence.com\/#website\"},\"datePublished\":\"2017-11-02T08:33:27+00:00\",\"dateModified\":\"2019-06-22T16:27:27+00:00\",\"description\":\"Vielseitiges Design und anpassbar f\u00fcr jede Ma\u00dfnahme. Unendliche Vielfalt an Farben und Texturen, die unserem Badezimmer ein Plus an \u00c4sthetik und Komfort verleihen.\",\"breadcrumb\":{\"@id\":\"https:\/\/www.texence.com\/de\/texence-03-double-center-square\/#breadcrumb\"},\"inLanguage\":\"de\",\"potentialAction\":[{\"@type\":\"ReadAction\",\"target\":[\"https:\/\/www.texence.com\/de\/texence-03-double-center-square\/\"]}]},{\"@type\":\"BreadcrumbList\",\"@id\":\"https:\/\/www.texence.com\/de\/texence-03-double-center-square\/#breadcrumb\",\"itemListElement\":[{\"@type\":\"ListItem\",\"position\":1,\"name\":\"Portada\",\"item\":\"https:\/\/www.texence.com\/de\/\"},{\"@type\":\"ListItem\",\"position\":2,\"name\":\"DOUBLE CENTER SQUARE\"}]},{\"@type\":\"WebSite\",\"@id\":\"https:\/\/www.texence.com\/#website\",\"url\":\"https:\/\/www.texence.com\/\",\"name\":\"TEXENCE\",\"description\":\"\",\"publisher\":{\"@id\":\"https:\/\/www.texence.com\/#organization\"},\"potentialAction\":[{\"@type\":\"SearchAction\",\"target\":{\"@type\":\"EntryPoint\",\"urlTemplate\":\"https:\/\/www.texence.com\/?s={search_term_string}\"},\"query-input\":\"required name=search_term_string\"}],\"inLanguage\":\"de\"},{\"@type\":\"Organization\",\"@id\":\"https:\/\/www.texence.com\/#organization\",\"name\":\"texence\",\"url\":\"https:\/\/www.texence.com\/\",\"logo\":{\"@type\":\"ImageObject\",\"inLanguage\":\"de\",\"@id\":\"https:\/\/www.texence.com\/#\/schema\/logo\/image\/\",\"url\":\"https:\/\/www.texence.com\/wp-content\/uploads\/2017\/03\/logo-gris-98.png\",\"contentUrl\":\"https:\/\/www.texence.com\/wp-content\/uploads\/2017\/03\/logo-gris-98.png\",\"width\":129,\"height\":47,\"caption\":\"texence\"},\"image\":{\"@id\":\"https:\/\/www.texence.com\/#\/schema\/logo\/image\/\"}}]}<\/script>\n<!-- \/ Yoast SEO plugin. -->","yoast_head_json":{"title":"Duschwanne TEXENCE 03.DOUBLE CENTRE SQUARE | TEXENCE","description":"Vielseitiges Design und anpassbar f\u00fcr jede Ma\u00dfnahme. Unendliche Vielfalt an Farben und Texturen, die unserem Badezimmer ein Plus an \u00c4sthetik und Komfort verleihen.","robots":{"index":"index","follow":"follow","max-snippet":"max-snippet:-1","max-image-preview":"max-image-preview:large","max-video-preview":"max-video-preview:-1"},"canonical":"https:\/\/www.texence.com\/de\/texence-03-double-center-square\/","og_locale":"de_DE","og_type":"article","og_title":"Duschwanne TEXENCE 03.DOUBLE CENTRE SQUARE | TEXENCE","og_description":"Vielseitiges Design und anpassbar f\u00fcr jede Ma\u00dfnahme. Unendliche Vielfalt an Farben und Texturen, die unserem Badezimmer ein Plus an \u00c4sthetik und Komfort verleihen.","og_url":"https:\/\/www.texence.com\/de\/texence-03-double-center-square\/","og_site_name":"TEXENCE","article_modified_time":"2019-06-22T16:27:27+00:00","twitter_card":"summary_large_image","twitter_misc":{"Gesch\u00e4tzte Lesezeit":"2\u00a0Minuten"},"schema":{"@context":"https:\/\/schema.org","@graph":[{"@type":"WebPage","@id":"https:\/\/www.texence.com\/de\/texence-03-double-center-square\/","url":"https:\/\/www.texence.com\/de\/texence-03-double-center-square\/","name":"Duschwanne TEXENCE 03.DOUBLE CENTRE SQUARE | TEXENCE","isPartOf":{"@id":"https:\/\/www.texence.com\/#website"},"datePublished":"2017-11-02T08:33:27+00:00","dateModified":"2019-06-22T16:27:27+00:00","description":"Vielseitiges Design und anpassbar f\u00fcr jede Ma\u00dfnahme. Unendliche Vielfalt an Farben und Texturen, die unserem Badezimmer ein Plus an \u00c4sthetik und Komfort verleihen.","breadcrumb":{"@id":"https:\/\/www.texence.com\/de\/texence-03-double-center-square\/#breadcrumb"},"inLanguage":"de","potentialAction":[{"@type":"ReadAction","target":["https:\/\/www.texence.com\/de\/texence-03-double-center-square\/"]}]},{"@type":"BreadcrumbList","@id":"https:\/\/www.texence.com\/de\/texence-03-double-center-square\/#breadcrumb","itemListElement":[{"@type":"ListItem","position":1,"name":"Portada","item":"https:\/\/www.texence.com\/de\/"},{"@type":"ListItem","position":2,"name":"DOUBLE CENTER SQUARE"}]},{"@type":"WebSite","@id":"https:\/\/www.texence.com\/#website","url":"https:\/\/www.texence.com\/","name":"TEXENCE","description":"","publisher":{"@id":"https:\/\/www.texence.com\/#organization"},"potentialAction":[{"@type":"SearchAction","target":{"@type":"EntryPoint","urlTemplate":"https:\/\/www.texence.com\/?s={search_term_string}"},"query-input":"required name=search_term_string"}],"inLanguage":"de"},{"@type":"Organization","@id":"https:\/\/www.texence.com\/#organization","name":"texence","url":"https:\/\/www.texence.com\/","logo":{"@type":"ImageObject","inLanguage":"de","@id":"https:\/\/www.texence.com\/#\/schema\/logo\/image\/","url":"https:\/\/www.texence.com\/wp-content\/uploads\/2017\/03\/logo-gris-98.png","contentUrl":"https:\/\/www.texence.com\/wp-content\/uploads\/2017\/03\/logo-gris-98.png","width":129,"height":47,"caption":"texence"},"image":{"@id":"https:\/\/www.texence.com\/#\/schema\/logo\/image\/"}}]}},"_links":{"self":[{"href":"https:\/\/www.texence.com\/de\/wp-json\/wp\/v2\/pages\/7909"}],"collection":[{"href":"https:\/\/www.texence.com\/de\/wp-json\/wp\/v2\/pages"}],"about":[{"href":"https:\/\/www.texence.com\/de\/wp-json\/wp\/v2\/types\/page"}],"author":[{"embeddable":true,"href":"https:\/\/www.texence.com\/de\/wp-json\/wp\/v2\/users\/3"}],"replies":[{"embeddable":true,"href":"https:\/\/www.texence.com\/de\/wp-json\/wp\/v2\/comments?post=7909"}],"version-history":[{"count":4,"href":"https:\/\/www.texence.com\/de\/wp-json\/wp\/v2\/pages\/7909\/revisions"}],"predecessor-version":[{"id":8539,"href":"https:\/\/www.texence.com\/de\/wp-json\/wp\/v2\/pages\/7909\/revisions\/8539"}],"wp:attachment":[{"href":"https:\/\/www.texence.com\/de\/wp-json\/wp\/v2\/media?parent=7909"}],"curies":[{"name":"wp","href":"https:\/\/api.w.org\/{rel}","templated":true}]}}